{"id":575614,"date":"2025-07-23T15:56:52","date_gmt":"2025-07-23T13:56:52","guid":{"rendered":"https:\/\/tilefly.com\/producto\/doncella\/"},"modified":"2025-07-23T15:59:26","modified_gmt":"2025-07-23T13:59:26","slug":"doncella","status":"publish","type":"product","link":"https:\/\/tilefly.com\/fr\/produit\/doncella\/","title":{"rendered":"DONCELLA"},"content":{"rendered":"<h2>Serie DONCELLA<\/h2><p>Le marbre cristal \u00ab Maiden \u00bb est un symbole d&#8217;\u00e9l\u00e9gance et de sophistication qui transforme tout espace en un sanctuaire de beaut\u00e9. Sa surface, d\u00e9licatement orn\u00e9e de veines grises s&#8217;\u00e9coulant sur un fond blanc pur, sugg\u00e8re la fra\u00eecheur d&#8217;un matin serein, o\u00f9 la lumi\u00e8re joue et danse sur ses nuances. Chaque \u00e9clat refl\u00e8te sa luminosit\u00e9 caract\u00e9ristique, cr\u00e9ant un spectacle visuel qui invite \u00e0 l&#8217;admiration.  <\/p>","protected":false},"excerpt":{"rendered":"<p>Serie DONCELLALe marbre cristal \u00ab Maiden \u00bb est un symbole d&#8217;\u00e9l\u00e9gance et de sophistication qui transforme tout espace en un sanctuaire de beaut\u00e9. Sa surface, d\u00e9licatement orn\u00e9e de veines grises s&#8217;\u00e9coulant sur un fond blanc pur, sugg\u00e8re la fra\u00eecheur d&#8217;un matin serein, o\u00f9 la lumi\u00e8re joue et danse sur ses nuances. Chaque \u00e9clat refl\u00e8te sa [&hellip;]<\/p>\n","protected":false},"featured_media":575544,"comment_status":"closed","ping_status":"closed","template":"","meta":[],"product_brand":[],"product_cat":[353,355,354,357],"product_tag":[],"class_list":{"0":"post-575614","1":"product","2":"type-product","3":"status-publish","4":"has-post-thumbnail","6":"product_cat-carrelage","7":"product_cat-cuisines","8":"product_cat-carrelage-salle-de-bain","9":"product_cat-carrelage-salon","11":"first","12":"instock","13":"shipping-taxable","14":"product-type-grouped"},"_links":{"self":[{"href":"https:\/\/tilefly.com\/fr\/wp-json\/wp\/v2\/product\/575614","targetHints":{"allow":["GET"]}}],"collection":[{"href":"https:\/\/tilefly.com\/fr\/wp-json\/wp\/v2\/product"}],"about":[{"href":"https:\/\/tilefly.com\/fr\/wp-json\/wp\/v2\/types\/product"}],"replies":[{"embeddable":true,"href":"https:\/\/tilefly.com\/fr\/wp-json\/wp\/v2\/comments?post=575614"}],"wp:featuredmedia":[{"embeddable":true,"href":"https:\/\/tilefly.com\/fr\/wp-json\/wp\/v2\/media\/575544"}],"wp:attachment":[{"href":"https:\/\/tilefly.com\/fr\/wp-json\/wp\/v2\/media?parent=575614"}],"wp:term":[{"taxonomy":"product_brand","embeddable":true,"href":"https:\/\/tilefly.com\/fr\/wp-json\/wp\/v2\/product_brand?post=575614"},{"taxonomy":"product_cat","embeddable":true,"href":"https:\/\/tilefly.com\/fr\/wp-json\/wp\/v2\/product_cat?post=575614"},{"taxonomy":"product_tag","embeddable":true,"href":"https:\/\/tilefly.com\/fr\/wp-json\/wp\/v2\/product_tag?post=575614"}],"curies":[{"name":"wp","href":"https:\/\/api.w.org\/{rel}","templated":true}]}}