{"id":575592,"date":"2025-07-23T14:21:32","date_gmt":"2025-07-23T12:21:32","guid":{"rendered":"https:\/\/tilefly.com\/producto\/doncella-ivory-pul-120x120-rect\/"},"modified":"2025-07-23T14:59:40","modified_gmt":"2025-07-23T12:59:40","slug":"doncella-ivory-pul-120x120-rect","status":"publish","type":"product","link":"https:\/\/tilefly.com\/fr\/produit\/doncella-ivory-pul-120x120-rect\/","title":{"rendered":"DONCELLA IVORY PUL 120X120 RECT"},"content":{"rendered":"<h2>Carrelage Porcelaine Mate DONCELLA IVORY PUL 120X120 RECT<\/h2><p>D\u00e9couvrez la majest\u00e9 et le charme in\u00e9gal\u00e9 de notre s\u00e9rie <a href='https:\/\/tilefly.com\/producto\/doncella'>DONCELLA<\/a>, une collection qui red\u00e9finit l&#8217;\u00e9l\u00e9gance dans chaque espace. Au sein de cette prestigieuse s\u00e9rie, nous vous pr\u00e9sentons le DONCELLA IVORY PUL 120X120 RECT, une dalle de porcelaine qui incarne la sophistication intemporelle du marbre cristallin, mais avec la durabilit\u00e9 et la polyvalence que seule la technologie moderne peut offrir.<\/p><p>La couleur Ivoire de cette pi\u00e8ce est une d\u00e9claration de chaleur et de luminosit\u00e9. Inspir\u00e9e par la d\u00e9licatesse des tons cr\u00e8me et os, sa surface irradie une clart\u00e9 subtile qui amplifie la lumi\u00e8re naturelle, cr\u00e9ant des ambiances sereines et accueillantes. Les veines, fines et irr\u00e9guli\u00e8res, coulent avec gr\u00e2ce sur la dalle, imitant avec une fid\u00e9lit\u00e9 \u00e9tonnante les formations g\u00e9ologiques de la pierre naturelle. Ces veines, dans des tons beige-gris\u00e2tres plus profonds et des zones presque blanches, s&#8217;entrelacent de mani\u00e8re organique et al\u00e9atoire, conf\u00e9rant \u00e0 chaque pi\u00e8ce une singularit\u00e9 artistique. Ce design ne capte pas seulement l&#8217;essence du marbre ou de l&#8217;onyx, mais apporte \u00e9galement une profondeur visuelle \u00e0 la fois hypnotique et relaxante.<\/p><p>Fabriqu\u00e9 en porcelaine \u00e9maill\u00e9e polie, le DONCELLA IVORY PUL 120X120 RECT est la synth\u00e8se parfaite entre beaut\u00e9 et r\u00e9sistance. Sa nature porcelaine le rend exceptionnellement robuste, id\u00e9al pour supporter le trafic quotidien tant au sol qu&#8217;en rev\u00eatement mural, garantissant une longue dur\u00e9e de vie avec un minimum d&#8217;entretien. La finition Poli de sa surface rehausse sa brillance, apportant un toucher doux et une r\u00e9flectivit\u00e9 qui magnifie la luminosit\u00e9 de la couleur ivoire, cr\u00e9ant un effet miroir qui agrandit visuellement toute pi\u00e8ce. Cette finition n&#8217;est pas seulement esth\u00e9tiquement sup\u00e9rieure, mais facilite \u00e9galement son nettoyage, pr\u00e9servant sa splendeur avec aisance.<\/p><p>Le grand format de 120&#215;120 cm, combin\u00e9 \u00e0 sa caract\u00e9ristique rectifi\u00e9e, est une autre caract\u00e9ristique distinctive de cette dalle. Le bord rectifi\u00e9 permet une installation avec des joints minimaux, cr\u00e9ant une surface presque continue qui renforce la sensation d&#8217;espace et de modernit\u00e9. Cette pr\u00e9cision dans ses dimensions assure une pose impeccable, r\u00e9sultant en un rev\u00eatement de sol ou mural qui ressemble \u00e0 une seule pi\u00e8ce monolithique de marbre. Sa polyvalence en tant qu&#8217;imitation de marbre et de pierre en fait un choix in\u00e9gal\u00e9 pour ceux qui recherchent la sophistication de la pierre naturelle sans les complexit\u00e9s de son entretien, ajoutant une touche de luxe discret \u00e0 tout int\u00e9rieur, des salons et chambres aux salles de bain et cuisines, les transformant en espaces de pure distinction.<\/p>","protected":false},"excerpt":{"rendered":"<p>Carrelage Porcelaine Mate DONCELLA IVORY PUL 120X120 RECTD\u00e9couvrez la majest\u00e9 et le charme in\u00e9gal\u00e9 de notre s\u00e9rie DONCELLA, une collection qui red\u00e9finit l&#8217;\u00e9l\u00e9gance dans chaque espace. Au sein de cette prestigieuse s\u00e9rie, nous vous pr\u00e9sentons le DONCELLA IVORY PUL 120X120 RECT, une dalle de porcelaine qui incarne la sophistication intemporelle du marbre cristallin, mais avec [&hellip;]<\/p>\n","protected":false},"featured_media":575564,"comment_status":"open","ping_status":"closed","template":"","meta":[],"product_brand":[],"product_cat":[353,355,356,354],"product_tag":[],"class_list":{"0":"post-575592","1":"product","2":"type-product","3":"status-publish","4":"has-post-thumbnail","6":"product_cat-carrelage","7":"product_cat-cuisines","8":"product_cat-faiences","9":"product_cat-carrelage-salle-de-bain","11":"first","12":"instock","13":"shipping-taxable","14":"purchasable","15":"product-type-simple"},"_links":{"self":[{"href":"https:\/\/tilefly.com\/fr\/wp-json\/wp\/v2\/product\/575592","targetHints":{"allow":["GET"]}}],"collection":[{"href":"https:\/\/tilefly.com\/fr\/wp-json\/wp\/v2\/product"}],"about":[{"href":"https:\/\/tilefly.com\/fr\/wp-json\/wp\/v2\/types\/product"}],"replies":[{"embeddable":true,"href":"https:\/\/tilefly.com\/fr\/wp-json\/wp\/v2\/comments?post=575592"}],"wp:featuredmedia":[{"embeddable":true,"href":"https:\/\/tilefly.com\/fr\/wp-json\/wp\/v2\/media\/575564"}],"wp:attachment":[{"href":"https:\/\/tilefly.com\/fr\/wp-json\/wp\/v2\/media?parent=575592"}],"wp:term":[{"taxonomy":"product_brand","embeddable":true,"href":"https:\/\/tilefly.com\/fr\/wp-json\/wp\/v2\/product_brand?post=575592"},{"taxonomy":"product_cat","embeddable":true,"href":"https:\/\/tilefly.com\/fr\/wp-json\/wp\/v2\/product_cat?post=575592"},{"taxonomy":"product_tag","embeddable":true,"href":"https:\/\/tilefly.com\/fr\/wp-json\/wp\/v2\/product_tag?post=575592"}],"curies":[{"name":"wp","href":"https:\/\/api.w.org\/{rel}","templated":true}]}}