{"id":575437,"date":"2025-07-18T01:47:13","date_gmt":"2025-07-17T23:47:13","guid":{"rendered":"https:\/\/tilefly.com\/producto\/fortune\/"},"modified":"2025-07-18T01:47:13","modified_gmt":"2025-07-17T23:47:13","slug":"fortune","status":"publish","type":"product","link":"https:\/\/tilefly.com\/fr\/produit\/fortune\/","title":{"rendered":"FORTUNE"},"content":{"rendered":"<h2>Serie FORTUNE<\/h2><p>Evoca el esp\u00edritu de un cemento vivo, c\u00e1lido e innovador. Se trata de un aspecto sobrio y minimalista, suave al tacto, donde las irregularidades de los detalles gr\u00e1ficos se acompa\u00f1an armoniosamente de un efecto creativo especial que aporta un juego de luces inconfundible. La colecci\u00f3n reviste y da car\u00e1cter al espacio, creando soluciones de decoraci\u00f3n innovadoras y cosmopolitas.<\/p>","protected":false},"excerpt":{"rendered":"<p>Serie FORTUNEEvoca el esp\u00edritu de un cemento vivo, c\u00e1lido e innovador. Se trata de un aspecto sobrio y minimalista, suave al tacto, donde las irregularidades de los detalles gr\u00e1ficos se acompa\u00f1an armoniosamente de un efecto creativo especial que aporta un juego de luces inconfundible. La colecci\u00f3n reviste y da car\u00e1cter al espacio, creando soluciones de [&hellip;]<\/p>\n","protected":false},"featured_media":575368,"comment_status":"closed","ping_status":"closed","template":"","meta":[],"product_brand":[],"product_cat":[353,355,356,354,357],"product_tag":[],"class_list":{"0":"post-575437","1":"product","2":"type-product","3":"status-publish","4":"has-post-thumbnail","6":"product_cat-carrelage","7":"product_cat-cuisines","8":"product_cat-faiences","9":"product_cat-carrelage-salle-de-bain","10":"product_cat-carrelage-salon","12":"first","13":"instock","14":"shipping-taxable","15":"product-type-grouped"},"_links":{"self":[{"href":"https:\/\/tilefly.com\/fr\/wp-json\/wp\/v2\/product\/575437","targetHints":{"allow":["GET"]}}],"collection":[{"href":"https:\/\/tilefly.com\/fr\/wp-json\/wp\/v2\/product"}],"about":[{"href":"https:\/\/tilefly.com\/fr\/wp-json\/wp\/v2\/types\/product"}],"replies":[{"embeddable":true,"href":"https:\/\/tilefly.com\/fr\/wp-json\/wp\/v2\/comments?post=575437"}],"wp:featuredmedia":[{"embeddable":true,"href":"https:\/\/tilefly.com\/fr\/wp-json\/wp\/v2\/media\/575368"}],"wp:attachment":[{"href":"https:\/\/tilefly.com\/fr\/wp-json\/wp\/v2\/media?parent=575437"}],"wp:term":[{"taxonomy":"product_brand","embeddable":true,"href":"https:\/\/tilefly.com\/fr\/wp-json\/wp\/v2\/product_brand?post=575437"},{"taxonomy":"product_cat","embeddable":true,"href":"https:\/\/tilefly.com\/fr\/wp-json\/wp\/v2\/product_cat?post=575437"},{"taxonomy":"product_tag","embeddable":true,"href":"https:\/\/tilefly.com\/fr\/wp-json\/wp\/v2\/product_tag?post=575437"}],"curies":[{"name":"wp","href":"https:\/\/api.w.org\/{rel}","templated":true}]}}