{"id":575424,"date":"2025-07-18T01:10:34","date_gmt":"2025-07-17T23:10:34","guid":{"rendered":"https:\/\/tilefly.com\/producto\/fortune-ivory-mt-30x60-rect\/"},"modified":"2025-07-18T01:19:49","modified_gmt":"2025-07-17T23:19:49","slug":"fortune-ivory-mt-30x60-rect","status":"publish","type":"product","link":"https:\/\/tilefly.com\/fr\/produit\/fortune-ivory-mt-30x60-rect\/","title":{"rendered":"FORTUNE IVORY MT 30X60 RECT"},"content":{"rendered":"<h2>Carrelage en porcelaine mate FORTUNE IVORY MT 30X60 RECT<\/h2><p>D\u00c3\u00a9couvrez l&#8217;essence de la s\u00c3\u00a9r\u00c3\u00a9nit\u00c3\u00a9 et de la sophistication avec le carrelage FORTUNE IVORY MT 30X60 RECT, une pi\u00c3\u00a8ce qui red\u00c3\u00a9finit l&#8217;\u00c3\u00a9l\u00c3\u00a9gance naturelle dans tout espace. Appartenant \u00c3  notre s\u00c3\u00a9rie exclusive <a href='https:\/\/tilefly.com\/producto\/fortune'>FORTUNE<\/a>, qui \u00c3\u00a9voque l&#8217;esprit d&#8217;un ciment vivant, chaleureux et innovant avec un aspect sobre et minimaliste, ce carrelage, imitation travertin, offre une chaleur et une richesse visuelle qui s&#8217;int\u00c3\u00a8grent harmonieusement dans les environnements contemporains et classiques. Son design exceptionnel capture la beaut\u00c3\u00a9 intrins\u00c3\u00a8que de la pierre naturelle, sp\u00c3\u00a9cifiquement le travertin coup\u00c3\u00a9 dans le sens de la veine, ce qui se traduit par une surface unique au charme intemporel. La couleur pr\u00c3\u00a9dominante est un ivoire exquis, un beige tr\u00c3\u00a8s clair qui se rapproche du blanc cass\u00c3\u00a9 ou de la cr\u00c3\u00a8me, insufflant luminosit\u00c3\u00a9 et une sensation d&#8217;espace. Cette teinte douce est compl\u00c3\u00a9t\u00c3\u00a9e par de subtiles variations tonales, allant d&#8217;un beige p\u00c3\u00a2le \u00c3  des touches l\u00c3\u00a9g\u00c3\u00a8rement plus chaudes et jaun\u00c3\u00a2tres, apportant une profondeur organique et un r\u00c3\u00a9alisme surprenant.<\/p><p>La caract\u00c3\u00a9ristique la plus distinctive de FORTUNE IVORY est son motif de veines. Loin d&#8217;\u00c3\u00aatre un marbre classique ou une simple imitation de ciment, ce carrelage pr\u00c3\u00a9sente de longues et fluides veines horizontales qui traversent la surface avec une douceur incomparable. Ces veines ne sont pas nettes, mais diffuses et subtilement ondul\u00c3\u00a9es, cr\u00c3\u00a9ant un effet de bandes parall\u00c3\u00a8les qui donnent vie et mouvement. Les l\u00c3\u00a9g\u00c3\u00a8res variations dans l&#8217;intensit\u00c3\u00a9 de la couleur au sein de ces veines contribuent \u00c3  un jeu de lumi\u00c3\u00a8res incomparable, refl\u00c3\u00a9tant la promesse de la s\u00c3\u00a9rie FORTUNE de cr\u00c3\u00a9er des solutions d\u00c3\u00a9coratives innovantes et cosmopolites. Le format de 30&#215;60 cm, combin\u00c3\u00a9 \u00c3  la coupe rectifi\u00c3\u00a9e, garantit des bords parfaitement d\u00c3\u00a9finis qui permettent une pose avec des joints minimaux. Cela am\u00c3\u00a9liore non seulement la continuit\u00c3\u00a9 visuelle de la surface, cr\u00c3\u00a9ant un effet de &#8220;toile&#8221; unifi\u00c3\u00a9, mais facilite \u00c3\u00a9galement le nettoyage et l&#8217;entretien, apportant une finition impeccable et haut de gamme.<\/p><p>Fabriqu\u00c3\u00a9 en porcelaine \u00c3\u00a9maill\u00c3\u00a9e de haute qualit\u00c3\u00a9, FORTUNE IVORY MT est synonyme de durabilit\u00c3\u00a9 et de polyvalence. Sa composition en porcelaine la rend extr\u00c3\u00aamement r\u00c3\u00a9sistante \u00c3  l&#8217;usure, \u00c3  l&#8217;humidit\u00c3\u00a9, aux t\u00c3\u00a2ches et aux changements de temp\u00c3\u00a9rature, id\u00c3\u00a9ale aussi bien pour le rev\u00c3\u00aatement des murs que pour la pose de sols, m\u00c3\u00aame dans les zones de passage intense, r\u00c3\u00a9sidentielles ou commerciales. La finition mate, douce au toucher et visuellement discr\u00c3\u00a8te, rehausse la texture naturelle de la pierre, minimisant la r\u00c3\u00a9flexion de la lumi\u00c3\u00a8re et contribuant \u00c3  une ambiance s\u00c3\u00a9r\u00c3\u00a8ne et accueillante. Cette finition offre \u00c3\u00a9galement une plus grande r\u00c3\u00a9sistance au glissement, assurant s\u00c3\u00a9curit\u00c3\u00a9 et confort dans son utilisation quotidienne. Avec FORTUNE IVORY MT 30X60 RECT, vous n&#8217;acqui\u00c3\u00a9rez pas seulement un carrelage, mais une d\u00c3\u00a9claration de style qui transforme n&#8217;importe quel espace en un havre d&#8217;\u00c3\u00a9l\u00c3\u00a9gance et de calme, o\u00c3\u00b9 chaque d\u00c3\u00a9tail graphique est accompagn\u00c3\u00a9 harmonieusement d&#8217;un effet cr\u00c3\u00a9atif sp\u00c3\u00a9cial, apportant caract\u00c3\u00a8re et une esth\u00c3\u00a9tique intemporelle.<\/p>","protected":false},"excerpt":{"rendered":"<p>Carrelage en porcelaine mate FORTUNE IVORY MT 30X60 RECTD\u00c3\u00a9couvrez l&#8217;essence de la s\u00c3\u00a9r\u00c3\u00a9nit\u00c3\u00a9 et de la sophistication avec le carrelage FORTUNE IVORY MT 30X60 RECT, une pi\u00c3\u00a8ce qui red\u00c3\u00a9finit l&#8217;\u00c3\u00a9l\u00c3\u00a9gance naturelle dans tout espace. Appartenant \u00c3 notre s\u00c3\u00a9rie exclusive FORTUNE, qui \u00c3\u00a9voque l&#8217;esprit d&#8217;un ciment vivant, chaleureux et innovant avec un aspect sobre et minimaliste, [&hellip;]<\/p>\n","protected":false},"featured_media":575284,"comment_status":"open","ping_status":"closed","template":"","meta":[],"product_brand":[],"product_cat":[353,355,356,354],"product_tag":[],"class_list":{"0":"post-575424","1":"product","2":"type-product","3":"status-publish","4":"has-post-thumbnail","6":"product_cat-carrelage","7":"product_cat-cuisines","8":"product_cat-faiences","9":"product_cat-carrelage-salle-de-bain","11":"first","12":"instock","13":"shipping-taxable","14":"purchasable","15":"product-type-simple"},"_links":{"self":[{"href":"https:\/\/tilefly.com\/fr\/wp-json\/wp\/v2\/product\/575424","targetHints":{"allow":["GET"]}}],"collection":[{"href":"https:\/\/tilefly.com\/fr\/wp-json\/wp\/v2\/product"}],"about":[{"href":"https:\/\/tilefly.com\/fr\/wp-json\/wp\/v2\/types\/product"}],"replies":[{"embeddable":true,"href":"https:\/\/tilefly.com\/fr\/wp-json\/wp\/v2\/comments?post=575424"}],"wp:featuredmedia":[{"embeddable":true,"href":"https:\/\/tilefly.com\/fr\/wp-json\/wp\/v2\/media\/575284"}],"wp:attachment":[{"href":"https:\/\/tilefly.com\/fr\/wp-json\/wp\/v2\/media?parent=575424"}],"wp:term":[{"taxonomy":"product_brand","embeddable":true,"href":"https:\/\/tilefly.com\/fr\/wp-json\/wp\/v2\/product_brand?post=575424"},{"taxonomy":"product_cat","embeddable":true,"href":"https:\/\/tilefly.com\/fr\/wp-json\/wp\/v2\/product_cat?post=575424"},{"taxonomy":"product_tag","embeddable":true,"href":"https:\/\/tilefly.com\/fr\/wp-json\/wp\/v2\/product_tag?post=575424"}],"curies":[{"name":"wp","href":"https:\/\/api.w.org\/{rel}","templated":true}]}}