{"id":575415,"date":"2025-07-18T01:10:41","date_gmt":"2025-07-17T23:10:41","guid":{"rendered":"https:\/\/tilefly.com\/producto\/fortune-pearl-mt-60x120-rect\/"},"modified":"2025-07-18T01:18:46","modified_gmt":"2025-07-17T23:18:46","slug":"fortune-pearl-mt-60x120-rect","status":"publish","type":"product","link":"https:\/\/tilefly.com\/fr\/produit\/fortune-pearl-mt-60x120-rect\/","title":{"rendered":"FORTUNE PEARL MT 60X120 RECT"},"content":{"rendered":"<h2>Carrelage Porcelaine Mat FORTUNE PEARL MT 60X120 RECT<\/h2><p>D\u00e9couvrez l&#x27;\u00e9l\u00e9gance intemporelle avec le rev\u00eatement FORTUNE PEARL MT 60X120 RECT, une pi\u00e8ce ma\u00eetresse de la s\u00e9rie <a href='https:\/\/tilefly.com\/producto\/fortune'>FORTUNE<\/a> qui red\u00e9finit le raffinement dans chaque espace. Cette impressionnante dalle de grand format (60&#215;120 cm) est con\u00e7ue pour cr\u00e9er des ambiances spacieuses et continues, parfaite pour les sols et les murs de toute pi\u00e8ce de votre maison ou projet commercial.<\/p><p>La couleur &#8220;Perle&#8221; est une ode \u00e0 la luminosit\u00e9 et \u00e0 la neutralit\u00e9. Il s&#x27;agit d&#x27;un blanc cass\u00e9 ou gris tr\u00e8s clair, avec des nuances qui \u00e9voquent un blanc cass\u00e9 ou un beige p\u00e2le, conf\u00e9rant une polyvalence in\u00e9gal\u00e9e pour s&#x27;int\u00e9grer \u00e0 diverses palettes de couleurs et styles d\u00e9coratifs. Ce qui distingue v\u00e9ritablement FORTUNE PEARL, c&#x27;est son design, inspir\u00e9 par la d\u00e9licatesse de la pierre naturelle. \u00c0 la diff\u00e9rence d&#x27;un ciment ou d&#x27;un marbre, ce carrelage reproduit avec ma\u00eetrise le veinage lin\u00e9aire horizontal, subtil et \u00e9l\u00e9gant, de pierres comme le travertin coup\u00e9 dans le sens de la veine ou une pierre de sable. Ses veines sont fines et allong\u00e9es, avec de tr\u00e8s l\u00e9g\u00e8res variations tonales qui cr\u00e9ent un effet de stratification doux et homog\u00e8ne, apportant une profondeur visuelle discr\u00e8te mais captivante, qui g\u00e9n\u00e8re un jeu de lumi\u00e8re inconfondable, tel que l&#8217;\u00e9voque la collection FORTUNE.<\/p><p>Fabriqu\u00e9 en gr\u00e8s porcelain\u00e9 mate, le carrelage FORTUNE PEARL MT 60X120 RECT garantit une durabilit\u00e9 et une r\u00e9sistance exceptionnelles, \u00e9tant un choix optimal pour les zones \u00e0 fort trafic, les salles de bain, les cuisines et les salons. Sa finition mate rehausse son aspect naturel et sobre, \u00e9liminant les reflets intenses et offrant une sensation tactile douce et agr\u00e9able, tout en facilitant son entretien. \u00c9tant rectifi\u00e9, il poss\u00e8de des bords coup\u00e9s avec pr\u00e9cision qui permettent une pose avec des joints minimaux, r\u00e9alisant une surface presque sans interruption, ce qui amplifie la sensation d&#x27;espace et de nettet\u00e9. Ce format et cette finition contribuent \u00e0 cr\u00e9er des environnements propres, modernes, minimalistes et intemporels, offrant une solution qui combine la beaut\u00e9 intrins\u00e8que de la pierre naturelle avec la r\u00e9sistance et la praticit\u00e9 de la c\u00e9ramique la plus avanc\u00e9e. Si vous cherchez \u00e0 donner du caract\u00e8re et \u00e0 transformer votre environnement en une oasis de calme et de style, ce carrelage est le choix parfait pour vos id\u00e9es de design avec une touche de distinction.<\/p>","protected":false},"excerpt":{"rendered":"<p>Carrelage Porcelaine Mat FORTUNE PEARL MT 60X120 RECTD\u00e9couvrez l&#x27;\u00e9l\u00e9gance intemporelle avec le rev\u00eatement FORTUNE PEARL MT 60X120 RECT, une pi\u00e8ce ma\u00eetresse de la s\u00e9rie FORTUNE qui red\u00e9finit le raffinement dans chaque espace. Cette impressionnante dalle de grand format (60&#215;120 cm) est con\u00e7ue pour cr\u00e9er des ambiances spacieuses et continues, parfaite pour les sols et les [&hellip;]<\/p>\n","protected":false},"featured_media":575323,"comment_status":"open","ping_status":"closed","template":"","meta":[],"product_brand":[],"product_cat":[353,355,356,354],"product_tag":[],"class_list":{"0":"post-575415","1":"product","2":"type-product","3":"status-publish","4":"has-post-thumbnail","6":"product_cat-carrelage","7":"product_cat-cuisines","8":"product_cat-faiences","9":"product_cat-carrelage-salle-de-bain","11":"first","12":"instock","13":"shipping-taxable","14":"purchasable","15":"product-type-simple"},"_links":{"self":[{"href":"https:\/\/tilefly.com\/fr\/wp-json\/wp\/v2\/product\/575415","targetHints":{"allow":["GET"]}}],"collection":[{"href":"https:\/\/tilefly.com\/fr\/wp-json\/wp\/v2\/product"}],"about":[{"href":"https:\/\/tilefly.com\/fr\/wp-json\/wp\/v2\/types\/product"}],"replies":[{"embeddable":true,"href":"https:\/\/tilefly.com\/fr\/wp-json\/wp\/v2\/comments?post=575415"}],"wp:featuredmedia":[{"embeddable":true,"href":"https:\/\/tilefly.com\/fr\/wp-json\/wp\/v2\/media\/575323"}],"wp:attachment":[{"href":"https:\/\/tilefly.com\/fr\/wp-json\/wp\/v2\/media?parent=575415"}],"wp:term":[{"taxonomy":"product_brand","embeddable":true,"href":"https:\/\/tilefly.com\/fr\/wp-json\/wp\/v2\/product_brand?post=575415"},{"taxonomy":"product_cat","embeddable":true,"href":"https:\/\/tilefly.com\/fr\/wp-json\/wp\/v2\/product_cat?post=575415"},{"taxonomy":"product_tag","embeddable":true,"href":"https:\/\/tilefly.com\/fr\/wp-json\/wp\/v2\/product_tag?post=575415"}],"curies":[{"name":"wp","href":"https:\/\/api.w.org\/{rel}","templated":true}]}}