{"id":575192,"date":"2025-07-17T18:27:22","date_gmt":"2025-07-17T16:27:22","guid":{"rendered":"https:\/\/tilefly.com\/producto\/canby-pearl-mt-60x120-rect\/"},"modified":"2026-02-21T04:01:29","modified_gmt":"2026-02-21T03:01:29","slug":"canby-pearl-mt-60x120-rect","status":"publish","type":"product","link":"https:\/\/tilefly.com\/fr\/produit\/canby-pearl-mt-60x120-rect\/","title":{"rendered":"CANBY PEARL MT 60X120 RECT"},"content":{"rendered":"<h2>Azulejo Porcel\u00e1nico Mate CANBY PEARL MT 60X120 RECT<\/h2><p>Descubre la esencia de la serenidad y el dise\u00f1o atemporal con la serie <a href=\"https:\/\/tilefly.com\/fr\/produit\/canby\/\">CANBY<\/a>, y en particular, con nuestra baldosa CANBY PEARL MT 60X120 RECT. Este porcel\u00e1nico de gran formato, un reflejo perfecto de la filosof\u00eda de la serie, busca redefinir el espacio a trav\u00e9s de la simplicidad y la conexi\u00f3n con la naturaleza.<\/p><p>El color &#8216;Perla&#8217; de esta pieza es una elecci\u00f3n sublime para quienes buscan luminosidad y amplitud. No es un blanco puro, sino una tonalidad excepcionalmente clara que oscila entre un blanco roto sutil, un gris perla muy p\u00e1lido y un beige extremadamente ligero. Esta paleta neutra y envolvente es ideal para crear ambientes que transmiten calma y sofisticaci\u00f3n, actuando como un lienzo perfecto para cualquier estilo decorativo. Su acabado mate, suave al tacto y visualmente discreto, elimina los reflejos intensos, aportando una sensaci\u00f3n de calidez y autenticidad.<\/p><p>Fabricada en porcel\u00e1nico esmaltado de alta calidad, la CANBY PEARL MT 60X120 RECT no solo es est\u00e9ticamente impresionante, sino tambi\u00e9n excepcionalmente funcional. Su composici\u00f3n le confiere una resistencia superior al desgaste, la humedad y las manchas, id\u00f3nea tanto para pavimentos de alto tr\u00e1nsito como para revestimientos en cualquier estancia o proyecto comercial. La caracter\u00edstica m\u00e1s distintiva reside en su sutil imitaci\u00f3n de piedra y cemento. La superficie es homog\u00e9nea y se distingue por una textura finamente granulada o moteada casi imperceptible, que le otorga una apariencia ligeramente rugosa o arenosa, sin ser \u00e1spera. A diferencia de otras imitaciones, presenta una consistencia uniforme en toda su extensi\u00f3n, evocando la pureza de un cemento pulido de granulometr\u00eda fina o una piedra de cuarzo compacta, con una textura t\u00e1ctil discretamente perceptible. Esta atenci\u00f3n al detalle en la textura realza su car\u00e1cter minimalista y atemporal.<\/p><p>El formato de 60&#215;120 cm es una de sus mayores ventajas. Las baldosas de gran tama\u00f1o reducen el n\u00famero de juntas, creando una continuidad visual que ampl\u00eda los espacios y les confiere una est\u00e9tica moderna y fluida. Adem\u00e1s, al ser rectificada, esta baldosa garantiza bordes perfectamente cortados, permitiendo instalarla con juntas m\u00ednimas (de 1 a 2 mm), acentuando esa sensaci\u00f3n de superficie unificada. Este proceso no solo mejora la est\u00e9tica, sino que tambi\u00e9n facilita la limpieza y el mantenimiento.<\/p><p>La CANBY PEARL MT 60X120 RECT es, en esencia, una invitaci\u00f3n a crear espacios luminosos, serenos y con un profundo sentido de bienestar. Es la elecci\u00f3n perfecta para quienes aprecian la est\u00e9tica minimalista y buscan materiales que combinen la pureza del dise\u00f1o con la riqueza emocional de las texturas naturales, conectando armoniosamente con los entornos m\u00e1s modernos y sofisticados. Su versatilidad y belleza discreta la convierten en una opci\u00f3n inmejorable para transformar cualquier ambiente en un refugio de calma y estilo.<\/p>","protected":false},"excerpt":{"rendered":"<p>Azulejo Porcel\u00e1nico Mate CANBY PEARL MT 60X120 RECTDescubre la esencia de la serenidad y el dise\u00f1o atemporal con la serie CANBY, y en particular, con nuestra baldosa CANBY PEARL MT 60X120 RECT. Este porcel\u00e1nico de gran formato, un reflejo perfecto de la filosof\u00eda de la serie, busca redefinir el espacio a trav\u00e9s de la simplicidad [&hellip;]<\/p>\n","protected":false},"featured_media":575095,"comment_status":"open","ping_status":"closed","template":"","meta":[],"product_brand":[],"product_cat":[353,355,356,354],"product_tag":[],"class_list":{"0":"post-575192","1":"product","2":"type-product","3":"status-publish","4":"has-post-thumbnail","6":"product_cat-carrelage","7":"product_cat-cuisines","8":"product_cat-faiences","9":"product_cat-carrelage-salle-de-bain","11":"first","12":"instock","13":"shipping-taxable","14":"purchasable","15":"product-type-simple"},"_links":{"self":[{"href":"https:\/\/tilefly.com\/fr\/wp-json\/wp\/v2\/product\/575192","targetHints":{"allow":["GET"]}}],"collection":[{"href":"https:\/\/tilefly.com\/fr\/wp-json\/wp\/v2\/product"}],"about":[{"href":"https:\/\/tilefly.com\/fr\/wp-json\/wp\/v2\/types\/product"}],"replies":[{"embeddable":true,"href":"https:\/\/tilefly.com\/fr\/wp-json\/wp\/v2\/comments?post=575192"}],"wp:featuredmedia":[{"embeddable":true,"href":"https:\/\/tilefly.com\/fr\/wp-json\/wp\/v2\/media\/575095"}],"wp:attachment":[{"href":"https:\/\/tilefly.com\/fr\/wp-json\/wp\/v2\/media?parent=575192"}],"wp:term":[{"taxonomy":"product_brand","embeddable":true,"href":"https:\/\/tilefly.com\/fr\/wp-json\/wp\/v2\/product_brand?post=575192"},{"taxonomy":"product_cat","embeddable":true,"href":"https:\/\/tilefly.com\/fr\/wp-json\/wp\/v2\/product_cat?post=575192"},{"taxonomy":"product_tag","embeddable":true,"href":"https:\/\/tilefly.com\/fr\/wp-json\/wp\/v2\/product_tag?post=575192"}],"curies":[{"name":"wp","href":"https:\/\/api.w.org\/{rel}","templated":true}]}}