{"id":574863,"date":"2025-07-15T15:31:01","date_gmt":"2025-07-15T13:31:01","guid":{"rendered":"https:\/\/tilefly.com\/producto\/phase-ivory-mate-60x60-rect\/"},"modified":"2025-07-15T17:00:43","modified_gmt":"2025-07-15T15:00:43","slug":"phase-ivory-mate-60x60-rect","status":"publish","type":"product","link":"https:\/\/tilefly.com\/fr\/produit\/phase-ivory-mate-60x60-rect\/","title":{"rendered":"PHASE IVORY MATE 60X60 RECT"},"content":{"rendered":"<h2>Carreau de Porcelaine Mat PHASE IVORY MATE 60X60 RECT<\/h2><p>Le PHASE IVORY MATE au format 60&#215;60 rectifi\u00e9 incarne l&apos;\u00e9l\u00e9gance sereine et la sophistication discr\u00e8te, un carreau con\u00e7u pour transformer n&apos;importe quel espace avec sa pr\u00e9sence lumineuse et subtile. Il pr\u00e9sente une couleur Ivoire exquise, une teinte soigneusement d\u00e9velopp\u00e9e qui oscille entre un blanc doux et un beige tr\u00e8s clair, infus\u00e9e de nuances \u00e9voquant la d\u00e9licatesse et la chaleur de la cr\u00e8me. Cette teinte claire n&apos;est pas seulement une couleur&nbsp;; c&apos;est un g\u00e9n\u00e9rateur d&apos;ambiance, essentiel pour apporter lumi\u00e8re et chaleur \u00e0 n&apos;importe quelle pi\u00e8ce, cr\u00e9ant une atmosph\u00e8re accueillante et \u00e9largissant visuellement l&apos;espace, ce qui le rend id\u00e9al tant pour les sols que pour les rev\u00eatements muraux.<\/p><p>Fabriqu\u00e9 en porcelaine \u00e9maill\u00e9e mate de haute qualit\u00e9, le PHASE IVORY MATE garantit une performance exceptionnelle et une durabilit\u00e9 in\u00e9gal\u00e9e, ce qui en fait un investissement intelligent pour tout projet. Le gr\u00e8s c\u00e9rame est un mat\u00e9riau intrins\u00e8quement robuste, r\u00e9put\u00e9 pour sa r\u00e9sistance exceptionnelle \u00e0 l&apos;usure quotidienne, \u00e0 l&apos;humidit\u00e9, aux changements brusques de temp\u00e9rature, aux taches et au trafic pi\u00e9tonnier intense, ce qui le rend parfaitement adapt\u00e9 \u00e0 toutes les zones int\u00e9rieures de la maison, des zones les plus actives comme les cuisines et les couloirs aux espaces plus priv\u00e9s comme les chambres et les salles de bain. Sa nature inalt\u00e9rable assure qu&apos;il conservera sa beaut\u00e9 et sa fonctionnalit\u00e9 au fil des ans avec un entretien minimal, ce qui facilite la vie quotidienne. La finition mate compl\u00e8te cette fonctionnalit\u00e9 en offrant une surface antid\u00e9rapante qui am\u00e9liore consid\u00e9rablement la s\u00e9curit\u00e9 dans les zones humides. Esth\u00e9tiquement, la finition mate est moderne et raffin\u00e9e&nbsp;; en absorbant la lumi\u00e8re au lieu de la r\u00e9fl\u00e9chir intens\u00e9ment, elle offre une apparence douce et soyeuse qui ajoute une couche de sophistication tranquille et subtile, cr\u00e9ant des ambiances de calme et d&apos;\u00e9quilibre visuel.<\/p><p>Bien qu&apos;il s&apos;inspire de la texture du ciment spatul\u00e9, le graphique du PHASE IVORY MATE est une interpr\u00e9tation beaucoup plus raffin\u00e9e et subtile de cette tendance. Il n&apos;imite pas la granularit\u00e9 prononc\u00e9e et poreuse typique d&apos;un ciment traditionnel ou industriel, mais pr\u00e9sente des variations tonales et texturales diffuses et irr\u00e9guli\u00e8res qui rappellent des surfaces fines et organiques, comme une pierre naturelle l\u00e9g\u00e8rement \u00e9rod\u00e9e par le temps, un stuc d\u00e9licat appliqu\u00e9 avec une ma\u00eetrise artisanale ou un microciment poli jusqu&apos;\u00e0 atteindre une douceur visuelle. Ces &apos;&apos;contrastes doux et contr\u00f4l\u00e9s&apos;&apos;, marque distinctive de la s\u00e9rie <a href=\"\/\/tilefly.com\/producto\/phase&apos;\">PHASE<\/a>, sont cruciaux&nbsp;; ils ajoutent une profondeur visuelle fascinante et un caract\u00e8re discret sans \u00eatre envahissants ni concurrencer d&apos;autres \u00e9l\u00e9ments du design int\u00e9rieur. La texture subtile emp\u00eache la couleur Ivoire d&apos;\u00eatre trop plate ou uniforme, offrant un air organique et une richesse visuelle qui s&apos;appr\u00e9cie et change subtilement avec l&apos;incidence de la lumi\u00e8re tout au long de la journ\u00e9e, apportant une dimension tactile et un caract\u00e8re artisanal qui \u00e9l\u00e8ve la perception de l&apos;espace.<\/p><p>Une caract\u00e9ristique technique qui distingue et renforce l&apos;esth\u00e9tique du PHASE IVORY MATE 60&#215;60 est sa nature rectifi\u00e9e. Cela signifie que les bords de chaque carreau ont \u00e9t\u00e9 coup\u00e9s avec une pr\u00e9cision millim\u00e9trique apr\u00e8s le processus de cuisson, garantissant qu&apos;ils sont parfaitement droits et uniformes, formant un angle de 90 degr\u00e9s exact. Cette pr\u00e9cision dimensionnelle est un avantage cl\u00e9 lors de l&apos;installation, car elle permet l&apos;utilisation de joints de dilatation minimaux, typiquement aussi \u00e9troits que 1,5mm ou 2mm. Le r\u00e9sultat final est une surface d&apos;aspect presque continu, o\u00f9 les lignes de joint sont discr\u00e8tes et \u00e0 peine visibles, cr\u00e9ant une sensation d&apos;unit\u00e9 et de fluidit\u00e9 visuelle qui amplifie la perception d&apos;amplitude dans la pi\u00e8ce. Cette continuit\u00e9 conf\u00e8re \u00e0 l&apos;espace une apparence moderne, propre et minimale, typique des int\u00e9rieurs haut de gamme, similaire \u00e0 celle d&apos;un rev\u00eatement de sol ou mural monolithique impeccable.<\/p><p>La polyvalence esth\u00e9tique et technique du PHASE IVORY MATE 60&#215;60 rectifi\u00e9 le rend adapt\u00e9 \u00e0 une infinit\u00e9 d&apos;applications de design int\u00e9rieur et capable de compl\u00e9ter une large gamme de styles d\u00e9coratifs. Il peut servir de sol principal id\u00e9al dans les salons \u00e0 concept ouvert, offrant une base neutre mais riche en nuances qui unifie visuellement diff\u00e9rentes zones fonctionnelles. Il est \u00e9galement parfait pour les cuisines et les salles de bain, o\u00f9 sa r\u00e9sistance exceptionnelle \u00e0 l&apos;humidit\u00e9 et sa facilit\u00e9 de nettoyage sont des qualit\u00e9s essentielles. Son esth\u00e9tique minimaliste, sa luminosit\u00e9 et sa texture subtile s&apos;int\u00e8grent parfaitement dans les styles de design contemporains, scandinaves ou purement minimalistes, o\u00f9 la s\u00e9r\u00e9nit\u00e9 et l&apos;absence d&apos;\u00e9l\u00e9ments superflus sont recherch\u00e9es. Cependant, sa chaleur inh\u00e9rente lui permet \u00e9galement de s&apos;int\u00e9grer harmonieusement dans des ambiances plus traditionnelles ou de transition qui souhaitent incorporer une touche de fra\u00eecheur, de lumi\u00e8re et de modernit\u00e9 sans rompre avec l&apos;esth\u00e9tique existante. C&apos;est un choix s\u00fbr, fonctionnel et \u00e9l\u00e9gant pour pratiquement tout projet d&apos;am\u00e9nagement int\u00e9rieur r\u00e9sidentiel ou commercial l\u00e9ger.<\/p><p>En substance, le PHASE IVORY MATE 60&#215;60 Rectifi\u00e9 est bien plus qu&apos;un simple rev\u00eatement&nbsp;; c&apos;est un \u00e9l\u00e9ment de design con\u00e7u pour cr\u00e9er des atmosph\u00e8res. Il incarne la philosophie centrale de la s\u00e9rie <a href=\"\/\/tilefly.com\/producto\/phase&apos;\">PHASE<\/a>, qui se concentre sur la beaut\u00e9 du subtil, les contrastes contr\u00f4l\u00e9s et un graphique homog\u00e8ne pour donner vie \u00e0 des ambiances d&apos;une pure \u00e9l\u00e9gance et s\u00e9r\u00e9nit\u00e9. Ce carrelage en Ivoire personnifie cette vision, offrant une combinaison magistrale d&apos;une couleur lumineuse qui amplifie la lumi\u00e8re, d&apos;une texture discr\u00e8te qui ajoute de la profondeur sans surcharger, d&apos;une finition mate fonctionnelle qui garantit la s\u00e9curit\u00e9 et une esth\u00e9tique raffin\u00e9e, et de bords rectifi\u00e9s qui permettent une installation impeccable et moderne. Le r\u00e9sultat est une surface intemporelle qui non seulement am\u00e9liore esth\u00e9tiquement n&apos;importe quel espace, mais contribue \u00e9galement \u00e0 sa qualit\u00e9, sa fonctionnalit\u00e9 et son atmosph\u00e8re g\u00e9n\u00e9rale, cr\u00e9ant des ambiances qui d\u00e9gagent calme, lumi\u00e8re et une sophistication sans effort, r\u00e9sistant admirablement au passage du temps et des modes passag\u00e8res.<\/p><p>Choisir le PHASE IVORY MATE 60&#215;60 Rectifi\u00e9, c&apos;est opter pour une solution de rev\u00eatement qui harmonise de mani\u00e8re exceptionnelle la beaut\u00e9 sereine avec une performance technique sup\u00e9rieure. C&apos;est le choix id\u00e9al pour ceux qui souhaitent doter leurs espaces d&apos;une luminosit\u00e9 remarquable et d&apos;une \u00e9l\u00e9gance discr\u00e8te mais palpable, cr\u00e9ant des int\u00e9rieurs qui se sentent spacieux, calmes et profond\u00e9ment accueillants. Ses propri\u00e9t\u00e9s inh\u00e9rentes en tant que porcelaine \u00e9maill\u00e9e mate et sa finition rectifi\u00e9e garantissent un produit extr\u00eamement durable, n\u00e9cessitant peu d&apos;entretien et offrant un rendu esth\u00e9tique impeccable qui rehausse instantan\u00e9ment n&apos;importe quel int\u00e9rieur. D\u00e9couvrez comment cet Ivoire polyvalent peut \u00eatre le point de d\u00e9part ou la touche finale pour cr\u00e9er l&apos;ambiance que vous avez toujours souhait\u00e9e, un espace qui irradie calme, lumi\u00e8re et une sophistication contemporaine, fid\u00e8le \u00e0 l&apos;esprit de la s\u00e9rie <a href=\"\/\/tilefly.com\/producto\/phase&apos;\">PHASE<\/a>. Transformez vos sols et murs avec un carreau qui allie art et science pour offrir le meilleur en mati\u00e8re de design, de fonctionnalit\u00e9 et de durabilit\u00e9.<\/p>","protected":false},"excerpt":{"rendered":"<p>Carreau de Porcelaine Mat PHASE IVORY MATE 60X60 RECTLe PHASE IVORY MATE au format 60&#215;60 rectifi\u00e9 incarne l&apos;\u00e9l\u00e9gance sereine et la sophistication discr\u00e8te, un carreau con\u00e7u pour transformer n&apos;importe quel espace avec sa pr\u00e9sence lumineuse et subtile. Il pr\u00e9sente une couleur Ivoire exquise, une teinte soigneusement d\u00e9velopp\u00e9e qui oscille entre un blanc doux et un [&hellip;]<\/p>\n","protected":false},"featured_media":574542,"comment_status":"open","ping_status":"closed","template":"","meta":[],"product_brand":[],"product_cat":[353,355,356,354],"product_tag":[],"class_list":{"0":"post-574863","1":"product","2":"type-product","3":"status-publish","4":"has-post-thumbnail","6":"product_cat-carrelage","7":"product_cat-cuisines","8":"product_cat-faiences","9":"product_cat-carrelage-salle-de-bain","11":"first","12":"instock","13":"shipping-taxable","14":"purchasable","15":"product-type-simple"},"_links":{"self":[{"href":"https:\/\/tilefly.com\/fr\/wp-json\/wp\/v2\/product\/574863","targetHints":{"allow":["GET"]}}],"collection":[{"href":"https:\/\/tilefly.com\/fr\/wp-json\/wp\/v2\/product"}],"about":[{"href":"https:\/\/tilefly.com\/fr\/wp-json\/wp\/v2\/types\/product"}],"replies":[{"embeddable":true,"href":"https:\/\/tilefly.com\/fr\/wp-json\/wp\/v2\/comments?post=574863"}],"wp:featuredmedia":[{"embeddable":true,"href":"https:\/\/tilefly.com\/fr\/wp-json\/wp\/v2\/media\/574542"}],"wp:attachment":[{"href":"https:\/\/tilefly.com\/fr\/wp-json\/wp\/v2\/media?parent=574863"}],"wp:term":[{"taxonomy":"product_brand","embeddable":true,"href":"https:\/\/tilefly.com\/fr\/wp-json\/wp\/v2\/product_brand?post=574863"},{"taxonomy":"product_cat","embeddable":true,"href":"https:\/\/tilefly.com\/fr\/wp-json\/wp\/v2\/product_cat?post=574863"},{"taxonomy":"product_tag","embeddable":true,"href":"https:\/\/tilefly.com\/fr\/wp-json\/wp\/v2\/product_tag?post=574863"}],"curies":[{"name":"wp","href":"https:\/\/api.w.org\/{rel}","templated":true}]}}