{"id":574303,"date":"2025-02-26T23:32:23","date_gmt":"2025-02-26T22:32:23","guid":{"rendered":"https:\/\/tilefly.com\/producto\/burlington-taupe-rect-60x60\/"},"modified":"2025-10-29T09:44:47","modified_gmt":"2025-10-29T08:44:47","slug":"burlington-taupe-rect-60x60","status":"publish","type":"product","link":"https:\/\/tilefly.com\/fr\/produit\/burlington-taupe-rect-60x60\/","title":{"rendered":"BURLINGTON TAUPE RECT 60X60"},"content":{"rendered":"<h2><strong>BURLINGTON TAUPE RECT 60X60<\/strong><\/h2><p>Descubre la elegancia atemporal del <a href=\"https:\/\/tilefly.com\/fr\/produit\/burlington\/\">BURLINGTON<\/a> TAUPE RECT 60X60, una baldosa porcel\u00e1nica que captura la esencia de la piedra natural con un toque moderno. Su tonalidad marr\u00f3n topo, sutil y sofisticada, aporta calidez y serenidad a cualquier espacio, creando ambientes acogedores y llenos de estilo. El formato de 60&#215;60 cm, rectificado para una mayor precisi\u00f3n en la instalaci\u00f3n, permite crear superficies uniformes y continuas, realzando la belleza del dise\u00f1o. <\/p><p>Fabricada en porcel\u00e1nico de alta calidad, esta baldosa es ideal tanto para pavimentos como para revestimientos, ofreciendo una resistencia excepcional al desgaste, las manchas y la humedad. Su acabado mate, suave al tacto y visualmente atractivo, proporciona un aspecto natural y discreto, evitando reflejos molestos y creando una atm\u00f3sfera relajante. Adem\u00e1s, su propiedad antideslizante la convierte en una opci\u00f3n segura para zonas de alto tr\u00e1nsito o \u00e1reas h\u00famedas como ba\u00f1os y cocinas.<\/p><p>Inspirada en la pureza de las monta\u00f1as de Cumbria, la serie <a href=\"https:\/\/tilefly.com\/fr\/produit\/burlington\/\">BURLINGTON<\/a> transmite la fuerza y la belleza de la naturaleza, transformando tus espacios en lugares \u00fanicos y llenos de personalidad. Su dise\u00f1o imitaci\u00f3n piedra, con sutiles variaciones de tono y vetas delicadas, aporta un toque de autenticidad y elegancia discreta, perfecto para aquellos que buscan un estilo contempor\u00e1neo y minimalista.<\/p>","protected":false},"excerpt":{"rendered":"<p>BURLINGTON TAUPE RECT 60X60Descubre la elegancia atemporal del BURLINGTON TAUPE RECT 60X60, una baldosa porcel\u00e1nica que captura la esencia de la piedra natural con un toque moderno. Su tonalidad marr\u00f3n topo, sutil y sofisticada, aporta calidez y serenidad a cualquier espacio, creando ambientes acogedores y llenos de estilo. El formato de 60&#215;60 cm, rectificado para [&hellip;]<\/p>\n","protected":false},"featured_media":567943,"comment_status":"open","ping_status":"closed","template":"","meta":[],"product_brand":[],"product_cat":[353,355,356,354],"product_tag":[],"class_list":{"0":"post-574303","1":"product","2":"type-product","3":"status-publish","4":"has-post-thumbnail","6":"product_cat-carrelage","7":"product_cat-cuisines","8":"product_cat-faiences","9":"product_cat-carrelage-salle-de-bain","11":"first","12":"instock","13":"shipping-taxable","14":"purchasable","15":"product-type-simple"},"_links":{"self":[{"href":"https:\/\/tilefly.com\/fr\/wp-json\/wp\/v2\/product\/574303","targetHints":{"allow":["GET"]}}],"collection":[{"href":"https:\/\/tilefly.com\/fr\/wp-json\/wp\/v2\/product"}],"about":[{"href":"https:\/\/tilefly.com\/fr\/wp-json\/wp\/v2\/types\/product"}],"replies":[{"embeddable":true,"href":"https:\/\/tilefly.com\/fr\/wp-json\/wp\/v2\/comments?post=574303"}],"wp:featuredmedia":[{"embeddable":true,"href":"https:\/\/tilefly.com\/fr\/wp-json\/wp\/v2\/media\/567943"}],"wp:attachment":[{"href":"https:\/\/tilefly.com\/fr\/wp-json\/wp\/v2\/media?parent=574303"}],"wp:term":[{"taxonomy":"product_brand","embeddable":true,"href":"https:\/\/tilefly.com\/fr\/wp-json\/wp\/v2\/product_brand?post=574303"},{"taxonomy":"product_cat","embeddable":true,"href":"https:\/\/tilefly.com\/fr\/wp-json\/wp\/v2\/product_cat?post=574303"},{"taxonomy":"product_tag","embeddable":true,"href":"https:\/\/tilefly.com\/fr\/wp-json\/wp\/v2\/product_tag?post=574303"}],"curies":[{"name":"wp","href":"https:\/\/api.w.org\/{rel}","templated":true}]}}