{"id":573949,"date":"2025-02-27T00:12:01","date_gmt":"2025-02-26T23:12:01","guid":{"rendered":"https:\/\/tilefly.com\/producto\/bellagio\/"},"modified":"2025-02-27T00:12:01","modified_gmt":"2025-02-26T23:12:01","slug":"bellagio","status":"publish","type":"product","link":"https:\/\/tilefly.com\/fr\/produit\/bellagio\/","title":{"rendered":"BELLAGIO"},"content":{"rendered":"<p>Bellagio es una expresi\u00f3n atemporal de la elegancia cl\u00e1sica. Creada para profesionales que buscan la excelencia, esta colecci\u00f3n marca la diferencia al ofrecer la posibilidad de crear espacios tridimensionales mediante la combinaci\u00f3n de piezas.<br \/>Su amplio abanico de opciones, que va desde peque\u00f1o hasta gran formato, relieves y decorados, encierra el encanto intr\u00ednseco del dise\u00f1o de interiores, de esos espacios especialmente concebidos para brindar confort y bienestar. De esta forma, Bellagio logra cautivar en el presente y que su esencia \u00fanica perdure en el tiempo.<\/p>","protected":false},"excerpt":{"rendered":"<p>Bellagio es una expresi\u00f3n atemporal de la elegancia cl\u00e1sica. Creada para profesionales que buscan la excelencia, esta colecci\u00f3n marca la diferencia al ofrecer la posibilidad de crear espacios tridimensionales mediante la combinaci\u00f3n de piezas.Su amplio abanico de opciones, que va desde peque\u00f1o hasta gran formato, relieves y decorados, encierra el encanto intr\u00ednseco del dise\u00f1o de [&hellip;]<\/p>\n","protected":false},"featured_media":567572,"comment_status":"closed","ping_status":"closed","template":"","meta":[],"product_brand":[],"product_cat":[353,355,356,354,357],"product_tag":[],"class_list":{"0":"post-573949","1":"product","2":"type-product","3":"status-publish","4":"has-post-thumbnail","6":"product_cat-carrelage","7":"product_cat-cuisines","8":"product_cat-faiences","9":"product_cat-carrelage-salle-de-bain","10":"product_cat-carrelage-salon","12":"first","13":"instock","14":"shipping-taxable","15":"product-type-grouped"},"_links":{"self":[{"href":"https:\/\/tilefly.com\/fr\/wp-json\/wp\/v2\/product\/573949","targetHints":{"allow":["GET"]}}],"collection":[{"href":"https:\/\/tilefly.com\/fr\/wp-json\/wp\/v2\/product"}],"about":[{"href":"https:\/\/tilefly.com\/fr\/wp-json\/wp\/v2\/types\/product"}],"replies":[{"embeddable":true,"href":"https:\/\/tilefly.com\/fr\/wp-json\/wp\/v2\/comments?post=573949"}],"wp:featuredmedia":[{"embeddable":true,"href":"https:\/\/tilefly.com\/fr\/wp-json\/wp\/v2\/media\/567572"}],"wp:attachment":[{"href":"https:\/\/tilefly.com\/fr\/wp-json\/wp\/v2\/media?parent=573949"}],"wp:term":[{"taxonomy":"product_brand","embeddable":true,"href":"https:\/\/tilefly.com\/fr\/wp-json\/wp\/v2\/product_brand?post=573949"},{"taxonomy":"product_cat","embeddable":true,"href":"https:\/\/tilefly.com\/fr\/wp-json\/wp\/v2\/product_cat?post=573949"},{"taxonomy":"product_tag","embeddable":true,"href":"https:\/\/tilefly.com\/fr\/wp-json\/wp\/v2\/product_tag?post=573949"}],"curies":[{"name":"wp","href":"https:\/\/api.w.org\/{rel}","templated":true}]}}