{"id":573940,"date":"2025-04-02T16:54:14","date_gmt":"2025-04-02T14:54:14","guid":{"rendered":"https:\/\/tilefly.com\/producto\/pursue\/"},"modified":"2025-04-02T16:54:14","modified_gmt":"2025-04-02T14:54:14","slug":"pursue","status":"publish","type":"product","link":"https:\/\/tilefly.com\/fr\/produit\/pursue\/","title":{"rendered":"PURSUE"},"content":{"rendered":"<p>La serie Pursue ofrece una soluci\u00f3n integral de azulejos, que abarca opciones de porcel\u00e1nico y pasta roja para satisfacer diferentes aplicaciones. Los azulejos de porcel\u00e1nico, dise\u00f1ados tanto para pared como para suelo, vienen en un acabado mate con colores que incluyen azul, verde, tierra, gris oscuro, gris, greige y perla. Estos est\u00e1n disponibles en varios formatos rectangulares (60x120cm, 100x100cm, 30x60cm) y formatos cuadrados (60x60cm, 45x45cm), as\u00ed como un azulejo decorativo. La serie tambi\u00e9n incluye una opci\u00f3n de azulejo de pared de pasta blanca en 33.3x90cm con una variaci\u00f3n acanalada (RB). Adem\u00e1s, los azulejos de pared de pasta roja presentan un acabado brillo y vienen en colores como perla, azul, gris oscuro, verde, greige y tierra en un formato de 30x60cm. <\/p>","protected":false},"excerpt":{"rendered":"<p>La serie Pursue ofrece una soluci\u00f3n integral de azulejos, que abarca opciones de porcel\u00e1nico y pasta roja para satisfacer diferentes aplicaciones. Los azulejos de porcel\u00e1nico, dise\u00f1ados tanto para pared como para suelo, vienen en un acabado mate con colores que incluyen azul, verde, tierra, gris oscuro, gris, greige y perla. Estos est\u00e1n disponibles en varios [&hellip;]<\/p>\n","protected":false},"featured_media":571319,"comment_status":"closed","ping_status":"closed","template":"","meta":[],"product_brand":[],"product_cat":[353,355,356,354,357],"product_tag":[],"class_list":{"0":"post-573940","1":"product","2":"type-product","3":"status-publish","4":"has-post-thumbnail","6":"product_cat-carrelage","7":"product_cat-cuisines","8":"product_cat-faiences","9":"product_cat-carrelage-salle-de-bain","10":"product_cat-carrelage-salon","12":"first","13":"instock","14":"shipping-taxable","15":"product-type-grouped"},"_links":{"self":[{"href":"https:\/\/tilefly.com\/fr\/wp-json\/wp\/v2\/product\/573940","targetHints":{"allow":["GET"]}}],"collection":[{"href":"https:\/\/tilefly.com\/fr\/wp-json\/wp\/v2\/product"}],"about":[{"href":"https:\/\/tilefly.com\/fr\/wp-json\/wp\/v2\/types\/product"}],"replies":[{"embeddable":true,"href":"https:\/\/tilefly.com\/fr\/wp-json\/wp\/v2\/comments?post=573940"}],"wp:featuredmedia":[{"embeddable":true,"href":"https:\/\/tilefly.com\/fr\/wp-json\/wp\/v2\/media\/571319"}],"wp:attachment":[{"href":"https:\/\/tilefly.com\/fr\/wp-json\/wp\/v2\/media?parent=573940"}],"wp:term":[{"taxonomy":"product_brand","embeddable":true,"href":"https:\/\/tilefly.com\/fr\/wp-json\/wp\/v2\/product_brand?post=573940"},{"taxonomy":"product_cat","embeddable":true,"href":"https:\/\/tilefly.com\/fr\/wp-json\/wp\/v2\/product_cat?post=573940"},{"taxonomy":"product_tag","embeddable":true,"href":"https:\/\/tilefly.com\/fr\/wp-json\/wp\/v2\/product_tag?post=573940"}],"curies":[{"name":"wp","href":"https:\/\/api.w.org\/{rel}","templated":true}]}}