{"id":573931,"date":"2025-05-07T21:59:49","date_gmt":"2025-05-07T19:59:49","guid":{"rendered":"https:\/\/tilefly.com\/producto\/munui\/"},"modified":"2025-05-07T21:59:49","modified_gmt":"2025-05-07T19:59:49","slug":"munui","status":"publish","type":"product","link":"https:\/\/tilefly.com\/fr\/produit\/munui\/","title":{"rendered":"MUNUI"},"content":{"rendered":"<p>Serie Munui<br \/>La cultura oriental est\u00e1 en tendencia: gastronom\u00eda, m\u00fasica, costumbres\u2026 Estas influencias tambi\u00e9n han llegado al dise\u00f1o de interiores y a la arquitectura, que se han impregnado del imaginario asi\u00e1tico para proyectar espacios con un esp\u00edritu cl\u00e1sico oriental.<br \/>Munui reproduce en su gr\u00e1fica el papel tradicional coreano, confeccionado con hilos de algod\u00f3n. El uso de la t\u00e9cnica \u2018rocker\u2019, que combina una aplicaci\u00f3n digital con un esmalte para obtener un efecto tridimensional de relieve, sumado a una doble capa de brillo, aporta profundidad. El resultado es un espect\u00e1culo para la vista y el tacto.<\/p>","protected":false},"excerpt":{"rendered":"<p>Serie MunuiLa cultura oriental est\u00e1 en tendencia: gastronom\u00eda, m\u00fasica, costumbres\u2026 Estas influencias tambi\u00e9n han llegado al dise\u00f1o de interiores y a la arquitectura, que se han impregnado del imaginario asi\u00e1tico para proyectar espacios con un esp\u00edritu cl\u00e1sico oriental.Munui reproduce en su gr\u00e1fica el papel tradicional coreano, confeccionado con hilos de algod\u00f3n. El uso de la [&hellip;]<\/p>\n","protected":false},"featured_media":573185,"comment_status":"closed","ping_status":"closed","template":"","meta":[],"product_brand":[],"product_cat":[353,355,356,354,357],"product_tag":[],"class_list":{"0":"post-573931","1":"product","2":"type-product","3":"status-publish","4":"has-post-thumbnail","6":"product_cat-carrelage","7":"product_cat-cuisines","8":"product_cat-faiences","9":"product_cat-carrelage-salle-de-bain","10":"product_cat-carrelage-salon","12":"first","13":"instock","14":"shipping-taxable","15":"product-type-grouped"},"_links":{"self":[{"href":"https:\/\/tilefly.com\/fr\/wp-json\/wp\/v2\/product\/573931","targetHints":{"allow":["GET"]}}],"collection":[{"href":"https:\/\/tilefly.com\/fr\/wp-json\/wp\/v2\/product"}],"about":[{"href":"https:\/\/tilefly.com\/fr\/wp-json\/wp\/v2\/types\/product"}],"replies":[{"embeddable":true,"href":"https:\/\/tilefly.com\/fr\/wp-json\/wp\/v2\/comments?post=573931"}],"wp:featuredmedia":[{"embeddable":true,"href":"https:\/\/tilefly.com\/fr\/wp-json\/wp\/v2\/media\/573185"}],"wp:attachment":[{"href":"https:\/\/tilefly.com\/fr\/wp-json\/wp\/v2\/media?parent=573931"}],"wp:term":[{"taxonomy":"product_brand","embeddable":true,"href":"https:\/\/tilefly.com\/fr\/wp-json\/wp\/v2\/product_brand?post=573931"},{"taxonomy":"product_cat","embeddable":true,"href":"https:\/\/tilefly.com\/fr\/wp-json\/wp\/v2\/product_cat?post=573931"},{"taxonomy":"product_tag","embeddable":true,"href":"https:\/\/tilefly.com\/fr\/wp-json\/wp\/v2\/product_tag?post=573931"}],"curies":[{"name":"wp","href":"https:\/\/api.w.org\/{rel}","templated":true}]}}