{"id":573908,"date":"2025-06-10T16:55:52","date_gmt":"2025-06-10T14:55:52","guid":{"rendered":"https:\/\/tilefly.com\/producto\/levent-dark-grey-mt-60x120-rect\/"},"modified":"2025-06-10T17:22:36","modified_gmt":"2025-06-10T15:22:36","slug":"levent-dark-grey-mt-60x120-rect","status":"publish","type":"product","link":"https:\/\/tilefly.com\/fr\/produit\/levent-dark-grey-mt-60x120-rect\/","title":{"rendered":"LEVENT DARK GREY MT 60X120 RECT."},"content":{"rendered":"<h2>Carreau Porcelaine Mat LEVENT DARK GREY MT 60X120 RECT.<\/h2><p>D\u00e9couvrez l&#8217;\u00e9l\u00e9gance industrielle avec <b>LEVENT DARK GREY MT 60X120 RECT.<\/b>, un carreau en gr\u00e8s c\u00e9rame qui red\u00e9finit l&#8217;esth\u00e9tique du ciment. Sa couleur gris fonc\u00e9, profonde et sophistiqu\u00e9e, apporte une touche de modernit\u00e9 et de s\u00e9r\u00e9nit\u00e9 \u00e0 n&#8217;importe quel espace. Le format 60&#215;120 cm, rectifi\u00e9 pour une installation impeccable, maximise la continuit\u00e9 visuelle, cr\u00e9ant des environnements vastes et fluides. Sa finition mate rehausse la texture ciment\u00e9e, offrant une surface douce au toucher et visuellement attrayante. Id\u00e9al pour les sols et les murs, ce carreau en gr\u00e8s c\u00e9rame est parfait pour ceux qui recherchent un style contemporain avec un clin d&#8217;\u0153il \u00e0 l&#8217;architecture industrielle. D\u00e9couvrez la beaut\u00e9 du b\u00e9ton avec <a href=\"https:\/\/tilefly.com\/fr\/produit\/levent\/\">LEVENT<\/a>, o\u00f9 la fonctionnalit\u00e9 rencontre le design minimaliste.<\/p><p>L&#8217;imitation ciment de ce carreau n&#8217;est pas seulement esth\u00e9tique, elle est aussi pratique. Le gr\u00e8s c\u00e9rame est connu pour sa durabilit\u00e9 et sa r\u00e9sistance \u00e0 l&#8217;usure, garantissant que votre investissement durera dans le temps. Sa surface mate, en plus d&#8217;\u00eatre \u00e9l\u00e9gante, est facile \u00e0 nettoyer et \u00e0 entretenir, id\u00e9ale pour les espaces \u00e0 fort trafic. Imaginez votre salon, cuisine ou salle de bain transform\u00e9s avec cette touche industrielle chic. Les variations de couleur et de texture dans chaque carreau ajoutent un caract\u00e8re unique \u00e0 chaque installation, rendant votre espace v\u00e9ritablement original. Avec <b>LEVENT DARK GREY MT 60X120 RECT.<\/b>, le design int\u00e9rieur devient une exp\u00e9rience sensorielle qui \u00e9voque la robustesse et la beaut\u00e9 du ciment dans son expression la plus \u00e9lev\u00e9e.<\/p>","protected":false},"excerpt":{"rendered":"<p>Carreau Porcelaine Mat LEVENT DARK GREY MT 60X120 RECT.D\u00e9couvrez l&#8217;\u00e9l\u00e9gance industrielle avec LEVENT DARK GREY MT 60X120 RECT., un carreau en gr\u00e8s c\u00e9rame qui red\u00e9finit l&#8217;esth\u00e9tique du ciment. Sa couleur gris fonc\u00e9, profonde et sophistiqu\u00e9e, apporte une touche de modernit\u00e9 et de s\u00e9r\u00e9nit\u00e9 \u00e0 n&#8217;importe quel espace. Le format 60&#215;120 cm, rectifi\u00e9 pour une installation [&hellip;]<\/p>\n","protected":false},"featured_media":573687,"comment_status":"open","ping_status":"closed","template":"","meta":[],"product_brand":[],"product_cat":[353,355,356,354],"product_tag":[],"class_list":{"0":"post-573908","1":"product","2":"type-product","3":"status-publish","4":"has-post-thumbnail","6":"product_cat-carrelage","7":"product_cat-cuisines","8":"product_cat-faiences","9":"product_cat-carrelage-salle-de-bain","11":"first","12":"instock","13":"shipping-taxable","14":"purchasable","15":"product-type-simple"},"_links":{"self":[{"href":"https:\/\/tilefly.com\/fr\/wp-json\/wp\/v2\/product\/573908","targetHints":{"allow":["GET"]}}],"collection":[{"href":"https:\/\/tilefly.com\/fr\/wp-json\/wp\/v2\/product"}],"about":[{"href":"https:\/\/tilefly.com\/fr\/wp-json\/wp\/v2\/types\/product"}],"replies":[{"embeddable":true,"href":"https:\/\/tilefly.com\/fr\/wp-json\/wp\/v2\/comments?post=573908"}],"wp:featuredmedia":[{"embeddable":true,"href":"https:\/\/tilefly.com\/fr\/wp-json\/wp\/v2\/media\/573687"}],"wp:attachment":[{"href":"https:\/\/tilefly.com\/fr\/wp-json\/wp\/v2\/media?parent=573908"}],"wp:term":[{"taxonomy":"product_brand","embeddable":true,"href":"https:\/\/tilefly.com\/fr\/wp-json\/wp\/v2\/product_brand?post=573908"},{"taxonomy":"product_cat","embeddable":true,"href":"https:\/\/tilefly.com\/fr\/wp-json\/wp\/v2\/product_cat?post=573908"},{"taxonomy":"product_tag","embeddable":true,"href":"https:\/\/tilefly.com\/fr\/wp-json\/wp\/v2\/product_tag?post=573908"}],"curies":[{"name":"wp","href":"https:\/\/api.w.org\/{rel}","templated":true}]}}