{"id":573896,"date":"2025-06-10T16:56:00","date_gmt":"2025-06-10T14:56:00","guid":{"rendered":"https:\/\/tilefly.com\/producto\/levent-dark-grey-mt-100x100-rect\/"},"modified":"2025-06-10T17:20:43","modified_gmt":"2025-06-10T15:20:43","slug":"levent-dark-grey-mt-100x100-rect","status":"publish","type":"product","link":"https:\/\/tilefly.com\/fr\/produit\/levent-dark-grey-mt-100x100-rect\/","title":{"rendered":"LEVENT DARK GREY MT 100X100 RECT."},"content":{"rendered":"<h2>Carreau en gr\u00e8s c\u00e9rame mat LEVENT DARK GREY MT 100X100 RECT.<\/h2><p>D\u00e9couvrez l&#8217;\u00e9l\u00e9gance industrielle avec <b>LEVENT DARK GREY MT 100X100 RECT.<\/b>, un carreau en gr\u00e8s c\u00e9rame qui red\u00e9finit le concept du ciment dans le design d&#8217;int\u00e9rieur. Sa couleur gris fonc\u00e9, profonde et sophistiqu\u00e9e, apporte une base neutre et polyvalente pour tout style d\u00e9coratif, du minimalisme moderne au loft industriel.<\/p><p>D&#8217;un format de 100&#215;100 cm et d&#8217;un design rectifi\u00e9, ce carreau offre une installation impeccable, r\u00e9duisant au minimum les joints et cr\u00e9ant une surface continue et uniforme. La finition mate intensifie la sensation d&#8217;authenticit\u00e9 du ciment, offrant un toucher doux et une esth\u00e9tique intemporelle.<\/p><p>Fabriqu\u00e9 en gr\u00e8s c\u00e9rame de haute qualit\u00e9, <b>LEVENT DARK GREY MT 100X100 RECT.<\/b> est r\u00e9sistant \u00e0 l&#8217;usure, aux taches et \u00e0 l&#8217;humidit\u00e9, ce qui en fait une option id\u00e9ale pour les sols et les murs dans les zones r\u00e9sidentielles et commerciales \u00e0 fort trafic. Sa durabilit\u00e9 garantit un investissement \u00e0 long terme, conservant sa beaut\u00e9 intacte au fil du temps.<\/p><p>La l\u00e9g\u00e8re variation de tonalit\u00e9 \u00e0 sa surface ajoute de la profondeur et du r\u00e9alisme, imitant \u00e0 la perfection les textures et les nuances du ciment poli. Cette caract\u00e9ristique, combin\u00e9e \u00e0 son grand format, cr\u00e9e des espaces spacieux et lumineux, o\u00f9 la simplicit\u00e9 devient synonyme d&#8217;\u00e9l\u00e9gance.<\/p><p>Laissez <b>LEVENT DARK GREY MT 100X100 RECT.<\/b> transformer vos espaces en une toile de possibilit\u00e9s, o\u00f9 la fonctionnalit\u00e9 et le design fusionnent en une exp\u00e9rience esth\u00e9tique unique. Explorez la s\u00e9rie compl\u00e8te <a href=\"https:\/\/tilefly.com\/fr\/produit\/levent\/\">LEVENT<\/a> et trouvez l&#8217;inspiration dont vous avez besoin pour cr\u00e9er des ambiances qui refl\u00e8tent votre style et votre personnalit\u00e9.<\/p>","protected":false},"excerpt":{"rendered":"<p>Carreau en gr\u00e8s c\u00e9rame mat LEVENT DARK GREY MT 100X100 RECT.D\u00e9couvrez l&#8217;\u00e9l\u00e9gance industrielle avec LEVENT DARK GREY MT 100X100 RECT., un carreau en gr\u00e8s c\u00e9rame qui red\u00e9finit le concept du ciment dans le design d&#8217;int\u00e9rieur. Sa couleur gris fonc\u00e9, profonde et sophistiqu\u00e9e, apporte une base neutre et polyvalente pour tout style d\u00e9coratif, du minimalisme moderne [&hellip;]<\/p>\n","protected":false},"featured_media":573739,"comment_status":"open","ping_status":"closed","template":"","meta":[],"product_brand":[],"product_cat":[353,355,356,354],"product_tag":[],"class_list":{"0":"post-573896","1":"product","2":"type-product","3":"status-publish","4":"has-post-thumbnail","6":"product_cat-carrelage","7":"product_cat-cuisines","8":"product_cat-faiences","9":"product_cat-carrelage-salle-de-bain","11":"first","12":"instock","13":"shipping-taxable","14":"purchasable","15":"product-type-simple"},"_links":{"self":[{"href":"https:\/\/tilefly.com\/fr\/wp-json\/wp\/v2\/product\/573896","targetHints":{"allow":["GET"]}}],"collection":[{"href":"https:\/\/tilefly.com\/fr\/wp-json\/wp\/v2\/product"}],"about":[{"href":"https:\/\/tilefly.com\/fr\/wp-json\/wp\/v2\/types\/product"}],"replies":[{"embeddable":true,"href":"https:\/\/tilefly.com\/fr\/wp-json\/wp\/v2\/comments?post=573896"}],"wp:featuredmedia":[{"embeddable":true,"href":"https:\/\/tilefly.com\/fr\/wp-json\/wp\/v2\/media\/573739"}],"wp:attachment":[{"href":"https:\/\/tilefly.com\/fr\/wp-json\/wp\/v2\/media?parent=573896"}],"wp:term":[{"taxonomy":"product_brand","embeddable":true,"href":"https:\/\/tilefly.com\/fr\/wp-json\/wp\/v2\/product_brand?post=573896"},{"taxonomy":"product_cat","embeddable":true,"href":"https:\/\/tilefly.com\/fr\/wp-json\/wp\/v2\/product_cat?post=573896"},{"taxonomy":"product_tag","embeddable":true,"href":"https:\/\/tilefly.com\/fr\/wp-json\/wp\/v2\/product_tag?post=573896"}],"curies":[{"name":"wp","href":"https:\/\/api.w.org\/{rel}","templated":true}]}}