{"id":573872,"date":"2025-06-10T16:56:17","date_gmt":"2025-06-10T14:56:17","guid":{"rendered":"https:\/\/tilefly.com\/producto\/levent-grey-mt-60x60\/"},"modified":"2025-06-10T17:17:12","modified_gmt":"2025-06-10T15:17:12","slug":"levent-grey-mt-60x60","status":"publish","type":"product","link":"https:\/\/tilefly.com\/fr\/produit\/levent-grey-mt-60x60\/","title":{"rendered":"LEVENT GREY MT 60X60"},"content":{"rendered":"<h2>Carrelage Gr\u00e8s C\u00e9rame Mat LEVENT GREY MT 60X60<\/h2><p>D\u00e9couvrez l&apos;\u00e9l\u00e9gance industrielle avec le carrelage <b>LEVENT GREY MT 60X60<\/b>. Cette pi\u00e8ce en gr\u00e8s c\u00e9rame, avec sa finition mate et son format de 60&#215;60, capture l&apos;essence du ciment dans un design sophistiqu\u00e9 et polyvalent. La couleur gris clair, avec de subtiles variations de ton et une texture l\u00e9g\u00e8rement vieillie, apporte de la profondeur et une touche rustique \u00e0 n&apos;importe quel espace. Son imitation de ciment, obtenue avec des nervures douces et des irr\u00e9gularit\u00e9s, offre un aspect naturel qui s&apos;adapte \u00e0 divers styles de d\u00e9coration.<\/p><p>Le <b>LEVENT GREY MT 60X60<\/b> est id\u00e9al pour les sols et les murs, transformant les int\u00e9rieurs avec une esth\u00e9tique minimaliste et contemporaine. Sa finition mate r\u00e9duit la brillance, cr\u00e9ant des ambiances chaudes et accueillantes. Ce carrelage est parfait pour ceux qui recherchent un design qui allie la modernit\u00e9 du b\u00e9ton \u00e0 la chaleur d&apos;un mat\u00e9riau intemporel. Explorez la s\u00e9rie <a href=\"https:\/\/tilefly.com\/fr\/produit\/levent\/\">LEVENT<\/a> et d\u00e9couvrez comment sublimer vos espaces avec une touche de distinction et d&apos;originalit\u00e9.<\/p><p>Chaque carreau <b>LEVENT GREY MT 60X60<\/b> est une invitation \u00e0 explorer la beaut\u00e9 du b\u00e9ton, r\u00e9interpr\u00e9t\u00e9e dans un format accessible et facile \u00e0 installer. Son design soigneusement \u00e9labor\u00e9 \u00e9voque des sensations uniques, transformant chaque espace en un refuge d&apos;\u00e9l\u00e9gance contemporaine. Osez exp\u00e9rimenter la texture et la couleur de ce carrelage, cr\u00e9ant des ambiances qui refl\u00e8tent votre personnalit\u00e9 et votre style unique.<\/p>","protected":false},"excerpt":{"rendered":"<p>Carrelage Gr\u00e8s C\u00e9rame Mat LEVENT GREY MT 60X60D\u00e9couvrez l&apos;\u00e9l\u00e9gance industrielle avec le carrelage LEVENT GREY MT 60X60. Cette pi\u00e8ce en gr\u00e8s c\u00e9rame, avec sa finition mate et son format de 60&#215;60, capture l&apos;essence du ciment dans un design sophistiqu\u00e9 et polyvalent. La couleur gris clair, avec de subtiles variations de ton et une texture l\u00e9g\u00e8rement [&hellip;]<\/p>\n","protected":false},"featured_media":573843,"comment_status":"open","ping_status":"closed","template":"","meta":[],"product_brand":[],"product_cat":[353,355,356,354],"product_tag":[],"class_list":{"0":"post-573872","1":"product","2":"type-product","3":"status-publish","4":"has-post-thumbnail","6":"product_cat-carrelage","7":"product_cat-cuisines","8":"product_cat-faiences","9":"product_cat-carrelage-salle-de-bain","11":"first","12":"instock","13":"shipping-taxable","14":"purchasable","15":"product-type-simple"},"_links":{"self":[{"href":"https:\/\/tilefly.com\/fr\/wp-json\/wp\/v2\/product\/573872","targetHints":{"allow":["GET"]}}],"collection":[{"href":"https:\/\/tilefly.com\/fr\/wp-json\/wp\/v2\/product"}],"about":[{"href":"https:\/\/tilefly.com\/fr\/wp-json\/wp\/v2\/types\/product"}],"replies":[{"embeddable":true,"href":"https:\/\/tilefly.com\/fr\/wp-json\/wp\/v2\/comments?post=573872"}],"wp:featuredmedia":[{"embeddable":true,"href":"https:\/\/tilefly.com\/fr\/wp-json\/wp\/v2\/media\/573843"}],"wp:attachment":[{"href":"https:\/\/tilefly.com\/fr\/wp-json\/wp\/v2\/media?parent=573872"}],"wp:term":[{"taxonomy":"product_brand","embeddable":true,"href":"https:\/\/tilefly.com\/fr\/wp-json\/wp\/v2\/product_brand?post=573872"},{"taxonomy":"product_cat","embeddable":true,"href":"https:\/\/tilefly.com\/fr\/wp-json\/wp\/v2\/product_cat?post=573872"},{"taxonomy":"product_tag","embeddable":true,"href":"https:\/\/tilefly.com\/fr\/wp-json\/wp\/v2\/product_tag?post=573872"}],"curies":[{"name":"wp","href":"https:\/\/api.w.org\/{rel}","templated":true}]}}