{"id":573530,"date":"2025-05-19T19:39:20","date_gmt":"2025-05-19T17:39:20","guid":{"rendered":"https:\/\/tilefly.com\/producto\/3db-telma-haya-mt-23x120-rect\/"},"modified":"2025-11-08T14:31:27","modified_gmt":"2025-11-08T13:31:27","slug":"3db-telma-haya-mt-23x120-rect","status":"publish","type":"product","link":"https:\/\/tilefly.com\/fr\/produit\/3db-telma-haya-mt-23x120-rect\/","title":{"rendered":"3DB TELMA HAYA MT 23X120 RECT"},"content":{"rendered":"<h2>Azulejo Porcel\u00e1nico Mate 3DB TELMA HAYA MT 23X120 RECT<\/h2><p>Descubre la elegancia natural con la baldosa 3DB TELMA HAYA MT 23X120 RECT, una pieza que redefine la calidez de tu hogar. Su color haya, un beige claro con delicadas variaciones de tono, captura la esencia de la madera de roble, aportando luminosidad y serenidad a cualquier espacio. Cada baldosa, con un formato de 23&#215;120 cm, ha sido meticulosamente dise\u00f1ada para replicar las vetas y nudos de la madera natural, ofreciendo un realismo asombroso que transforma tus suelos y paredes en una obra de arte. La superficie mate no solo realza la autenticidad del dise\u00f1o, sino que tambi\u00e9n proporciona una sensaci\u00f3n suave y acogedora al tacto.<\/p><p>Fabricada en porcel\u00e1nico esmaltado, esta baldosa no solo es est\u00e9ticamente atractiva, sino tambi\u00e9n excepcionalmente duradera y resistente. Ideal tanto para suelos como para paredes, su naturaleza porcel\u00e1nica garantiza una f\u00e1cil limpieza y un mantenimiento sencillo, lo que la convierte en una opci\u00f3n perfecta para \u00e1reas de alto tr\u00e1fico. Al ser rectificada, ofrece una instalaci\u00f3n precisa con juntas m\u00ednimas, creando una apariencia continua y sofisticada. Su dise\u00f1o de imitaci\u00f3n madera a\u00f1ade un toque r\u00fastico y elegante, perfecto para crear ambientes acogedores y modernos. Si buscas una soluci\u00f3n que combine la belleza de la madera con la practicidad del porcel\u00e1nico, la serie <a href=\"https:\/\/tilefly.com\/fr\/produit\/telma\/\">TELMA<\/a> es tu elecci\u00f3n ideal.<\/p><p>Integra la armon\u00eda de la naturaleza en tu hogar con esta baldosa que fusiona dise\u00f1o y funcionalidad, proporcionando un ambiente c\u00e1lido y sofisticado. Cada detalle ha sido cuidadosamente considerado para ofrecerte una experiencia visual y t\u00e1ctil inigualable, transformando tus espacios en refugios de confort y estilo.<\/p>","protected":false},"excerpt":{"rendered":"<p>Azulejo Porcel\u00e1nico Mate 3DB TELMA HAYA MT 23X120 RECTDescubre la elegancia natural con la baldosa 3DB TELMA HAYA MT 23X120 RECT, una pieza que redefine la calidez de tu hogar. Su color haya, un beige claro con delicadas variaciones de tono, captura la esencia de la madera de roble, aportando luminosidad y serenidad a cualquier [&hellip;]<\/p>\n","protected":false},"featured_media":573383,"comment_status":"open","ping_status":"closed","template":"","meta":[],"product_brand":[],"product_cat":[353,355,356,354],"product_tag":[],"class_list":{"0":"post-573530","1":"product","2":"type-product","3":"status-publish","4":"has-post-thumbnail","6":"product_cat-carrelage","7":"product_cat-cuisines","8":"product_cat-faiences","9":"product_cat-carrelage-salle-de-bain","11":"first","12":"instock","13":"shipping-taxable","14":"purchasable","15":"product-type-simple"},"_links":{"self":[{"href":"https:\/\/tilefly.com\/fr\/wp-json\/wp\/v2\/product\/573530","targetHints":{"allow":["GET"]}}],"collection":[{"href":"https:\/\/tilefly.com\/fr\/wp-json\/wp\/v2\/product"}],"about":[{"href":"https:\/\/tilefly.com\/fr\/wp-json\/wp\/v2\/types\/product"}],"replies":[{"embeddable":true,"href":"https:\/\/tilefly.com\/fr\/wp-json\/wp\/v2\/comments?post=573530"}],"wp:featuredmedia":[{"embeddable":true,"href":"https:\/\/tilefly.com\/fr\/wp-json\/wp\/v2\/media\/573383"}],"wp:attachment":[{"href":"https:\/\/tilefly.com\/fr\/wp-json\/wp\/v2\/media?parent=573530"}],"wp:term":[{"taxonomy":"product_brand","embeddable":true,"href":"https:\/\/tilefly.com\/fr\/wp-json\/wp\/v2\/product_brand?post=573530"},{"taxonomy":"product_cat","embeddable":true,"href":"https:\/\/tilefly.com\/fr\/wp-json\/wp\/v2\/product_cat?post=573530"},{"taxonomy":"product_tag","embeddable":true,"href":"https:\/\/tilefly.com\/fr\/wp-json\/wp\/v2\/product_tag?post=573530"}],"curies":[{"name":"wp","href":"https:\/\/api.w.org\/{rel}","templated":true}]}}