{"id":573518,"date":"2025-05-19T19:39:30","date_gmt":"2025-05-19T17:39:30","guid":{"rendered":"https:\/\/tilefly.com\/producto\/antid-telma-roble-mt-23x120-rect\/"},"modified":"2025-05-20T16:19:22","modified_gmt":"2025-05-20T14:19:22","slug":"antid-telma-roble-mt-23x120-rect","status":"publish","type":"product","link":"https:\/\/tilefly.com\/fr\/produit\/antid-telma-roble-mt-23x120-rect\/","title":{"rendered":"ANTID TELMA ROBLE MT 23X120 RECT"},"content":{"rendered":"<h2>Carrelage Gr\u00e8s C\u00e9rame Mat ANTID TELMA ROBLE MT 23X120 RECT<\/h2><p>D\u00e9couvrez la chaleur et l&#8217;\u00e9l\u00e9gance du ch\u00eane naturel avec le carrelage ANTID TELMA ROBLE MT 23X120 RECT. Cette pi\u00e8ce en gr\u00e8s c\u00e9rame, qui fait partie de la s\u00e9rie <a href=\"https:\/\/tilefly.com\/fr\/produit\/telma\/\">TELMA<\/a>, capture l&#8217;essence du bois avec une fid\u00e9lit\u00e9 \u00e9tonnante, gr\u00e2ce \u00e0 son design d\u00e9taill\u00e9 qui reproduit les veines et les n\u0153uds caract\u00e9ristiques du ch\u00eane italien. La couleur ch\u00eane, dans des tons beige clair avec de subtiles variations de brun et d&#8217;ocre, apporte luminosit\u00e9 et chaleur \u00e0 tout espace.<\/p><p>Avec un format de 23&#215;120 cm et une finition mate, ce carrelage rectifi\u00e9 offre une esth\u00e9tique moderne et sophistiqu\u00e9e, parfaite pour cr\u00e9er des ambiances cosy et pleines de style. Sa surface l\u00e9g\u00e8rement texturis\u00e9e ne fait pas que rehausser la beaut\u00e9 naturelle du bois, elle procure \u00e9galement une sensation agr\u00e9able au toucher. Fabriqu\u00e9 en gr\u00e8s c\u00e9rame de haute qualit\u00e9, ce carrelage est durable, r\u00e9sistant et facile \u00e0 entretenir, id\u00e9al aussi bien pour les sols que pour les murs.<\/p><p>Osez transformer vos espaces avec la beaut\u00e9 intemporelle du bois et la praticit\u00e9 du gr\u00e8s c\u00e9rame. Le carrelage ANTID TELMA ROBLE MT 23X120 RECT est le choix parfait pour ceux qui recherchent un \u00e9quilibre entre esth\u00e9tique et fonctionnalit\u00e9, cr\u00e9ant des ambiances qui invitent \u00e0 profiter et \u00e0 se d\u00e9tendre.<\/p>","protected":false},"excerpt":{"rendered":"<p>Carrelage Gr\u00e8s C\u00e9rame Mat ANTID TELMA ROBLE MT 23X120 RECTD\u00e9couvrez la chaleur et l&#8217;\u00e9l\u00e9gance du ch\u00eane naturel avec le carrelage ANTID TELMA ROBLE MT 23X120 RECT. Cette pi\u00e8ce en gr\u00e8s c\u00e9rame, qui fait partie de la s\u00e9rie TELMA, capture l&#8217;essence du bois avec une fid\u00e9lit\u00e9 \u00e9tonnante, gr\u00e2ce \u00e0 son design d\u00e9taill\u00e9 qui reproduit les veines [&hellip;]<\/p>\n","protected":false},"featured_media":573435,"comment_status":"open","ping_status":"closed","template":"","meta":[],"product_brand":[],"product_cat":[353,355,356,354],"product_tag":[],"class_list":{"0":"post-573518","1":"product","2":"type-product","3":"status-publish","4":"has-post-thumbnail","6":"product_cat-carrelage","7":"product_cat-cuisines","8":"product_cat-faiences","9":"product_cat-carrelage-salle-de-bain","11":"first","12":"instock","13":"shipping-taxable","14":"purchasable","15":"product-type-simple"},"_links":{"self":[{"href":"https:\/\/tilefly.com\/fr\/wp-json\/wp\/v2\/product\/573518","targetHints":{"allow":["GET"]}}],"collection":[{"href":"https:\/\/tilefly.com\/fr\/wp-json\/wp\/v2\/product"}],"about":[{"href":"https:\/\/tilefly.com\/fr\/wp-json\/wp\/v2\/types\/product"}],"replies":[{"embeddable":true,"href":"https:\/\/tilefly.com\/fr\/wp-json\/wp\/v2\/comments?post=573518"}],"wp:featuredmedia":[{"embeddable":true,"href":"https:\/\/tilefly.com\/fr\/wp-json\/wp\/v2\/media\/573435"}],"wp:attachment":[{"href":"https:\/\/tilefly.com\/fr\/wp-json\/wp\/v2\/media?parent=573518"}],"wp:term":[{"taxonomy":"product_brand","embeddable":true,"href":"https:\/\/tilefly.com\/fr\/wp-json\/wp\/v2\/product_brand?post=573518"},{"taxonomy":"product_cat","embeddable":true,"href":"https:\/\/tilefly.com\/fr\/wp-json\/wp\/v2\/product_cat?post=573518"},{"taxonomy":"product_tag","embeddable":true,"href":"https:\/\/tilefly.com\/fr\/wp-json\/wp\/v2\/product_tag?post=573518"}],"curies":[{"name":"wp","href":"https:\/\/api.w.org\/{rel}","templated":true}]}}