{"id":573506,"date":"2025-05-19T19:39:41","date_gmt":"2025-05-19T17:39:41","guid":{"rendered":"https:\/\/tilefly.com\/producto\/3db-telma-roble-mt-30x150-rect\/"},"modified":"2025-11-02T04:01:21","modified_gmt":"2025-11-02T03:01:21","slug":"3db-telma-roble-mt-30x150-rect","status":"publish","type":"product","link":"https:\/\/tilefly.com\/fr\/produit\/3db-telma-roble-mt-30x150-rect\/","title":{"rendered":"3DB TELMA ROBLE MT 30X150 RECT"},"content":{"rendered":"<h2>Azulejo Porcel\u00e1nico Mate 3DB TELMA ROBLE MT 30X150 RECT<\/h2><p>Descubre la calidez y autenticidad del roble con nuestra baldosa 3DB TELMA ROBLE MT 30X150 RECT. Esta pieza porcel\u00e1nica, rectificada para una instalaci\u00f3n impecable, captura la esencia de la madera natural con una fidelidad asombrosa. Su formato alargado de 30&#215;150 cm es ideal para crear espacios amplios y continuos, mientras que el acabado mate aporta un toque de elegancia discreta y acogedora. <\/p><p>La riqueza de su dise\u00f1o reside en los detalles: las vetas, los nudos y las sutiles variaciones de color se combinan para recrear la belleza intr\u00ednseca del roble. Su tonalidad marr\u00f3n c\u00e1lida evoca una sensaci\u00f3n de confort y tranquilidad, perfecta para transformar cualquier ambiente en un refugio personal. Adem\u00e1s, la tecnolog\u00eda de impresi\u00f3n 3D realza la textura y profundidad de la madera, invitando a una experiencia t\u00e1ctil \u00fanica.<\/p><p>Fabricada en porcel\u00e1nico de alta calidad, esta baldosa no solo es est\u00e9ticamente atractiva, sino tambi\u00e9n resistente y duradera. Es apta tanto para suelos como para paredes, ofreciendo versatilidad en el dise\u00f1o de interiores. Su f\u00e1cil mantenimiento la convierte en una opci\u00f3n pr\u00e1ctica y funcional para el hogar moderno. Sum\u00e9rgete en la elegancia atemporal de la madera con la serie <a href=\"https:\/\/tilefly.com\/fr\/produit\/telma\/\">TELMA<\/a>, donde la tradici\u00f3n se fusiona con la innovaci\u00f3n.<\/p>","protected":false},"excerpt":{"rendered":"<p>Azulejo Porcel\u00e1nico Mate 3DB TELMA ROBLE MT 30X150 RECTDescubre la calidez y autenticidad del roble con nuestra baldosa 3DB TELMA ROBLE MT 30X150 RECT. Esta pieza porcel\u00e1nica, rectificada para una instalaci\u00f3n impecable, captura la esencia de la madera natural con una fidelidad asombrosa. Su formato alargado de 30&#215;150 cm es ideal para crear espacios amplios [&hellip;]<\/p>\n","protected":false},"featured_media":573487,"comment_status":"open","ping_status":"closed","template":"","meta":[],"product_brand":[],"product_cat":[353,355,356,354],"product_tag":[],"class_list":{"0":"post-573506","1":"product","2":"type-product","3":"status-publish","4":"has-post-thumbnail","6":"product_cat-carrelage","7":"product_cat-cuisines","8":"product_cat-faiences","9":"product_cat-carrelage-salle-de-bain","11":"first","12":"instock","13":"shipping-taxable","14":"purchasable","15":"product-type-simple"},"_links":{"self":[{"href":"https:\/\/tilefly.com\/fr\/wp-json\/wp\/v2\/product\/573506","targetHints":{"allow":["GET"]}}],"collection":[{"href":"https:\/\/tilefly.com\/fr\/wp-json\/wp\/v2\/product"}],"about":[{"href":"https:\/\/tilefly.com\/fr\/wp-json\/wp\/v2\/types\/product"}],"replies":[{"embeddable":true,"href":"https:\/\/tilefly.com\/fr\/wp-json\/wp\/v2\/comments?post=573506"}],"wp:featuredmedia":[{"embeddable":true,"href":"https:\/\/tilefly.com\/fr\/wp-json\/wp\/v2\/media\/573487"}],"wp:attachment":[{"href":"https:\/\/tilefly.com\/fr\/wp-json\/wp\/v2\/media?parent=573506"}],"wp:term":[{"taxonomy":"product_brand","embeddable":true,"href":"https:\/\/tilefly.com\/fr\/wp-json\/wp\/v2\/product_brand?post=573506"},{"taxonomy":"product_cat","embeddable":true,"href":"https:\/\/tilefly.com\/fr\/wp-json\/wp\/v2\/product_cat?post=573506"},{"taxonomy":"product_tag","embeddable":true,"href":"https:\/\/tilefly.com\/fr\/wp-json\/wp\/v2\/product_tag?post=573506"}],"curies":[{"name":"wp","href":"https:\/\/api.w.org\/{rel}","templated":true}]}}