{"id":573261,"date":"2025-05-07T19:22:59","date_gmt":"2025-05-07T17:22:59","guid":{"rendered":"https:\/\/tilefly.com\/producto\/munui-linen-rect-60x120\/"},"modified":"2025-10-29T09:54:19","modified_gmt":"2025-10-29T08:54:19","slug":"munui-linen-rect-60x120","status":"publish","type":"product","link":"https:\/\/tilefly.com\/fr\/produit\/munui-linen-rect-60x120\/","title":{"rendered":"MUNUI LINEN RECT 60X120"},"content":{"rendered":"<h2><strong>MUNUI LINEN RECT 60X120<\/strong><\/h2><p>Descubre la elegancia sutil y la sofisticaci\u00f3n discreta con la baldosa MUNUI LINEN RECT de 60&#215;120 en color beige. Esta pieza, perteneciente a la serie <a href=\"https:\/\/tilefly.com\/fr\/produit\/munui\/\">MUNUI<\/a>, redefine el concepto de minimalismo c\u00e1lido, aportando una serenidad inigualable a tus espacios. Su formato rectangular de 60&#215;120 cent\u00edmetros, combinado con un acabado mate y rectificado, garantiza una instalaci\u00f3n impecable y una est\u00e9tica contempor\u00e1nea que perdura en el tiempo.<\/p><p>Fabricada en porcel\u00e1nico de alta calidad, esta baldosa no solo destaca por su belleza, sino tambi\u00e9n por su durabilidad y resistencia. Ideal tanto para suelos como para paredes, su dise\u00f1o imitaci\u00f3n textil evoca la suavidad y calidez del lino, transformando cualquier ambiente en un refugio de paz y confort. La textura sutil y uniforme, con delicadas variaciones en el relieve, a\u00f1ade profundidad y un toque natural que invita al tacto. Su color beige neutro ofrece una versatilidad excepcional, permiti\u00e9ndote combinarla con una amplia gama de colores y estilos decorativos.<\/p><p>M\u00e1s all\u00e1 de su est\u00e9tica, la baldosa MUNUI LINEN RECT cuenta con caracter\u00edsticas antideslizantes que la hacen perfecta para \u00e1reas donde la seguridad es primordial, como ba\u00f1os y cocinas. Su f\u00e1cil mantenimiento y limpieza la convierten en una opci\u00f3n pr\u00e1ctica y funcional para el d\u00eda a d\u00eda. Sum\u00e9rgete en la armon\u00eda y el equilibrio de la cultura oriental con esta baldosa que captura la esencia del papel tradicional coreano, confeccionado con hilos de algod\u00f3n, y disfruta de un espacio que refleja tu buen gusto y atenci\u00f3n al detalle.<\/p>","protected":false},"excerpt":{"rendered":"<p>MUNUI LINEN RECT 60X120Descubre la elegancia sutil y la sofisticaci\u00f3n discreta con la baldosa MUNUI LINEN RECT de 60&#215;120 en color beige. Esta pieza, perteneciente a la serie MUNUI, redefine el concepto de minimalismo c\u00e1lido, aportando una serenidad inigualable a tus espacios. Su formato rectangular de 60&#215;120 cent\u00edmetros, combinado con un acabado mate y rectificado, [&hellip;]<\/p>\n","protected":false},"featured_media":573127,"comment_status":"open","ping_status":"closed","template":"","meta":[],"product_brand":[],"product_cat":[353,355,356,354],"product_tag":[],"class_list":{"0":"post-573261","1":"product","2":"type-product","3":"status-publish","4":"has-post-thumbnail","6":"product_cat-carrelage","7":"product_cat-cuisines","8":"product_cat-faiences","9":"product_cat-carrelage-salle-de-bain","11":"first","12":"instock","13":"shipping-taxable","14":"purchasable","15":"product-type-simple"},"_links":{"self":[{"href":"https:\/\/tilefly.com\/fr\/wp-json\/wp\/v2\/product\/573261","targetHints":{"allow":["GET"]}}],"collection":[{"href":"https:\/\/tilefly.com\/fr\/wp-json\/wp\/v2\/product"}],"about":[{"href":"https:\/\/tilefly.com\/fr\/wp-json\/wp\/v2\/types\/product"}],"replies":[{"embeddable":true,"href":"https:\/\/tilefly.com\/fr\/wp-json\/wp\/v2\/comments?post=573261"}],"wp:featuredmedia":[{"embeddable":true,"href":"https:\/\/tilefly.com\/fr\/wp-json\/wp\/v2\/media\/573127"}],"wp:attachment":[{"href":"https:\/\/tilefly.com\/fr\/wp-json\/wp\/v2\/media?parent=573261"}],"wp:term":[{"taxonomy":"product_brand","embeddable":true,"href":"https:\/\/tilefly.com\/fr\/wp-json\/wp\/v2\/product_brand?post=573261"},{"taxonomy":"product_cat","embeddable":true,"href":"https:\/\/tilefly.com\/fr\/wp-json\/wp\/v2\/product_cat?post=573261"},{"taxonomy":"product_tag","embeddable":true,"href":"https:\/\/tilefly.com\/fr\/wp-json\/wp\/v2\/product_tag?post=573261"}],"curies":[{"name":"wp","href":"https:\/\/api.w.org\/{rel}","templated":true}]}}