{"id":573258,"date":"2025-05-07T19:23:18","date_gmt":"2025-05-07T17:23:18","guid":{"rendered":"https:\/\/tilefly.com\/producto\/munui-eden-rect-60x120\/"},"modified":"2025-10-29T09:54:22","modified_gmt":"2025-10-29T08:54:22","slug":"munui-eden-rect-60x120","status":"publish","type":"product","link":"https:\/\/tilefly.com\/fr\/produit\/munui-eden-rect-60x120\/","title":{"rendered":"MUNUI EDEN RECT 60X120"},"content":{"rendered":"<h2><strong>MUNUI EDEN RECT 60X120<\/strong><\/h2><p>Descubre la elegancia discreta de la baldosa MUNUI EDEN RECT 60X120, una pieza que fusiona la serenidad del gris con la sofisticaci\u00f3n de un dise\u00f1o inspirado en la tradici\u00f3n oriental. Esta baldosa porcel\u00e1nica, rectificada para una instalaci\u00f3n impecable, redefine los espacios con su formato de 60&#215;120 cm, ideal para pavimentos que buscan amplitud y continuidad. <\/p><p>Su acabado mate, combinado con una sutil textura moteada, evoca la calidez de materiales p\u00e9treos o cementosos, aportando un toque de modernidad y un aire industrial a cualquier ambiente. Las variaciones de tono en su superficie gris neutro no solo a\u00f1aden profundidad, sino que tambi\u00e9n disimulan el desgaste, garantizando una belleza duradera.  <\/p><p>M\u00e1s all\u00e1 de su est\u00e9tica, la baldosa MUNUI EDEN destaca por sus caracter\u00edsticas t\u00e9cnicas superiores: es antideslizante, perfecta para zonas de alto tr\u00e1fico o \u00e1reas h\u00famedas, y su decoraci\u00f3n imitaci\u00f3n textil a\u00f1ade un elemento de confort visual \u00fanico. Su versatilidad la convierte en una elecci\u00f3n acertada tanto para proyectos residenciales como comerciales, donde la funcionalidad y el dise\u00f1o se dan la mano. <\/p><p>Sum\u00e9rgete en el encanto oriental y transforma tus espacios con la colecci\u00f3n <a href=\"https:\/\/tilefly.com\/fr\/produit\/munui\/\">MUNUI<\/a>, donde la tradici\u00f3n se encuentra con la innovaci\u00f3n en cada detalle.<\/p>","protected":false},"excerpt":{"rendered":"<p>MUNUI EDEN RECT 60X120Descubre la elegancia discreta de la baldosa MUNUI EDEN RECT 60X120, una pieza que fusiona la serenidad del gris con la sofisticaci\u00f3n de un dise\u00f1o inspirado en la tradici\u00f3n oriental. Esta baldosa porcel\u00e1nica, rectificada para una instalaci\u00f3n impecable, redefine los espacios con su formato de 60&#215;120 cm, ideal para pavimentos que buscan [&hellip;]<\/p>\n","protected":false},"featured_media":573140,"comment_status":"open","ping_status":"closed","template":"","meta":[],"product_brand":[],"product_cat":[353,355,356,354],"product_tag":[],"class_list":{"0":"post-573258","1":"product","2":"type-product","3":"status-publish","4":"has-post-thumbnail","6":"product_cat-carrelage","7":"product_cat-cuisines","8":"product_cat-faiences","9":"product_cat-carrelage-salle-de-bain","11":"first","12":"instock","13":"shipping-taxable","14":"purchasable","15":"product-type-simple"},"_links":{"self":[{"href":"https:\/\/tilefly.com\/fr\/wp-json\/wp\/v2\/product\/573258","targetHints":{"allow":["GET"]}}],"collection":[{"href":"https:\/\/tilefly.com\/fr\/wp-json\/wp\/v2\/product"}],"about":[{"href":"https:\/\/tilefly.com\/fr\/wp-json\/wp\/v2\/types\/product"}],"replies":[{"embeddable":true,"href":"https:\/\/tilefly.com\/fr\/wp-json\/wp\/v2\/comments?post=573258"}],"wp:featuredmedia":[{"embeddable":true,"href":"https:\/\/tilefly.com\/fr\/wp-json\/wp\/v2\/media\/573140"}],"wp:attachment":[{"href":"https:\/\/tilefly.com\/fr\/wp-json\/wp\/v2\/media?parent=573258"}],"wp:term":[{"taxonomy":"product_brand","embeddable":true,"href":"https:\/\/tilefly.com\/fr\/wp-json\/wp\/v2\/product_brand?post=573258"},{"taxonomy":"product_cat","embeddable":true,"href":"https:\/\/tilefly.com\/fr\/wp-json\/wp\/v2\/product_cat?post=573258"},{"taxonomy":"product_tag","embeddable":true,"href":"https:\/\/tilefly.com\/fr\/wp-json\/wp\/v2\/product_tag?post=573258"}],"curies":[{"name":"wp","href":"https:\/\/api.w.org\/{rel}","templated":true}]}}