{"id":573249,"date":"2025-05-07T19:24:01","date_gmt":"2025-05-07T17:24:01","guid":{"rendered":"https:\/\/tilefly.com\/producto\/munui-linen-rect-30x60\/"},"modified":"2025-10-29T09:54:31","modified_gmt":"2025-10-29T08:54:31","slug":"munui-linen-rect-30x60","status":"publish","type":"product","link":"https:\/\/tilefly.com\/fr\/produit\/munui-linen-rect-30x60\/","title":{"rendered":"MUNUI LINEN RECT 30X60"},"content":{"rendered":"<h2><strong>MUNUI LINEN RECT 30X60<\/strong><\/h2><p>Descubre la elegancia natural de la baldosa MUNUI LINEN RECT 30X60, una pieza porcel\u00e1nica que redefine la est\u00e9tica de tus espacios. Con su delicado color beige, esta baldosa captura la esencia de la serenidad y la calidez, infundiendo a cualquier ambiente una atm\u00f3sfera acogedora y sofisticada. Su formato de 30&#215;60 cent\u00edmetros, rectificado para una instalaci\u00f3n impecable, permite crear superficies continuas y visualmente atractivas, perfectas tanto para pavimentos como para revestimientos.<\/p><p>La caracter\u00edstica m\u00e1s distintiva de esta baldosa es su dise\u00f1o, inspirado en la tradici\u00f3n textil. La imitaci\u00f3n de un tejido de lino, con sutiles relieves y una textura suave al tacto, aporta un toque de distinci\u00f3n y originalidad. El acabado mate intensifica la sensaci\u00f3n de naturalidad, creando un ambiente relajante y armonioso. Adem\u00e1s, su propiedad antideslizante la convierte en una opci\u00f3n segura y funcional para \u00e1reas de alto tr\u00e1fico o zonas h\u00famedas.<\/p><p>Fabricada con los m\u00e1s altos est\u00e1ndares de calidad, la baldosa MUNUI LINEN RECT 30X60 es resistente, duradera y f\u00e1cil de mantener. Su versatilidad la hace ideal para una amplia variedad de estilos decorativos, desde los m\u00e1s cl\u00e1sicos hasta los m\u00e1s modernos. Transforma tus espacios con la belleza y la funcionalidad de esta baldosa excepcional, y crea ambientes que reflejen tu gusto personal y tu estilo de vida.<\/p><p>Explora la colecci\u00f3n completa y d\u00e9jate inspirar por la belleza atemporal de <a href=\"https:\/\/tilefly.com\/fr\/produit\/munui\/\">MUNUI<\/a>. <\/p>","protected":false},"excerpt":{"rendered":"<p>MUNUI LINEN RECT 30X60Descubre la elegancia natural de la baldosa MUNUI LINEN RECT 30X60, una pieza porcel\u00e1nica que redefine la est\u00e9tica de tus espacios. Con su delicado color beige, esta baldosa captura la esencia de la serenidad y la calidez, infundiendo a cualquier ambiente una atm\u00f3sfera acogedora y sofisticada. Su formato de 30&#215;60 cent\u00edmetros, rectificado [&hellip;]<\/p>\n","protected":false},"featured_media":573179,"comment_status":"open","ping_status":"closed","template":"","meta":[],"product_brand":[],"product_cat":[353,355,356,354],"product_tag":[],"class_list":{"0":"post-573249","1":"product","2":"type-product","3":"status-publish","4":"has-post-thumbnail","6":"product_cat-carrelage","7":"product_cat-cuisines","8":"product_cat-faiences","9":"product_cat-carrelage-salle-de-bain","11":"first","12":"instock","13":"shipping-taxable","14":"purchasable","15":"product-type-simple"},"_links":{"self":[{"href":"https:\/\/tilefly.com\/fr\/wp-json\/wp\/v2\/product\/573249","targetHints":{"allow":["GET"]}}],"collection":[{"href":"https:\/\/tilefly.com\/fr\/wp-json\/wp\/v2\/product"}],"about":[{"href":"https:\/\/tilefly.com\/fr\/wp-json\/wp\/v2\/types\/product"}],"replies":[{"embeddable":true,"href":"https:\/\/tilefly.com\/fr\/wp-json\/wp\/v2\/comments?post=573249"}],"wp:featuredmedia":[{"embeddable":true,"href":"https:\/\/tilefly.com\/fr\/wp-json\/wp\/v2\/media\/573179"}],"wp:attachment":[{"href":"https:\/\/tilefly.com\/fr\/wp-json\/wp\/v2\/media?parent=573249"}],"wp:term":[{"taxonomy":"product_brand","embeddable":true,"href":"https:\/\/tilefly.com\/fr\/wp-json\/wp\/v2\/product_brand?post=573249"},{"taxonomy":"product_cat","embeddable":true,"href":"https:\/\/tilefly.com\/fr\/wp-json\/wp\/v2\/product_cat?post=573249"},{"taxonomy":"product_tag","embeddable":true,"href":"https:\/\/tilefly.com\/fr\/wp-json\/wp\/v2\/product_tag?post=573249"}],"curies":[{"name":"wp","href":"https:\/\/api.w.org\/{rel}","templated":true}]}}