{"id":573246,"date":"2025-05-07T19:24:09","date_gmt":"2025-05-07T17:24:09","guid":{"rendered":"https:\/\/tilefly.com\/producto\/munui-moon-rect-30x60\/"},"modified":"2025-10-29T09:54:34","modified_gmt":"2025-10-29T08:54:34","slug":"munui-moon-rect-30x60","status":"publish","type":"product","link":"https:\/\/tilefly.com\/fr\/produit\/munui-moon-rect-30x60\/","title":{"rendered":"MUNUI MOON RECT 30X60"},"content":{"rendered":"<h2><strong>MUNUI MOON RECT 30X60<\/strong><\/h2><p>Descubre la elegancia sutil de la baldosa MUNUI MOON, una pieza de porcel\u00e1nico en formato 30&#215;60 que redefine el concepto de revestimiento. Su tonalidad gris\u00e1cea, suave y sofisticada, se complementa con un dise\u00f1o que imita la delicadeza de los tejidos, aportando calidez y una textura visualmente atractiva a cualquier espacio. El acabado mate de esta baldosa no solo le confiere un aspecto moderno y discreto, sino que tambi\u00e9n proporciona propiedades antideslizantes, haci\u00e9ndola ideal para zonas donde la seguridad es primordial. Su naturaleza rectificada garantiza una instalaci\u00f3n precisa y uniones casi invisibles, creando superficies continuas y armoniosas.<\/p><p>Inspirada en la serenidad oriental y confeccionada con la t\u00e9cnica \u2018rocker\u2019, la MUNUI MOON ofrece una profundidad visual \u00fanica gracias a su efecto tridimensional de relieve. Perfecta para aquellos que buscan un dise\u00f1o innovador y una atm\u00f3sfera de calma, esta baldosa transforma cualquier ambiente en un refugio de paz y estilo. Ya sea en ba\u00f1os, cocinas o espacios comerciales, su versatilidad y resistencia la convierten en una elecci\u00f3n acertada para proyectos que demandan belleza y funcionalidad.<\/p><p>Atr\u00e9vete a incorporar un toque de distinci\u00f3n y vanguardia con la baldosa MUNUI MOON. Explora la colecci\u00f3n completa y encuentra la inspiraci\u00f3n que necesitas para tus proyectos de dise\u00f1o en <a href=\"https:\/\/tilefly.com\/fr\/produit\/munui\/\">MUNUI<\/a>.<\/p>","protected":false},"excerpt":{"rendered":"<p>MUNUI MOON RECT 30X60Descubre la elegancia sutil de la baldosa MUNUI MOON, una pieza de porcel\u00e1nico en formato 30&#215;60 que redefine el concepto de revestimiento. Su tonalidad gris\u00e1cea, suave y sofisticada, se complementa con un dise\u00f1o que imita la delicadeza de los tejidos, aportando calidez y una textura visualmente atractiva a cualquier espacio. El acabado [&hellip;]<\/p>\n","protected":false},"featured_media":573192,"comment_status":"open","ping_status":"closed","template":"","meta":[],"product_brand":[],"product_cat":[353,355,356,354],"product_tag":[],"class_list":{"0":"post-573246","1":"product","2":"type-product","3":"status-publish","4":"has-post-thumbnail","6":"product_cat-carrelage","7":"product_cat-cuisines","8":"product_cat-faiences","9":"product_cat-carrelage-salle-de-bain","11":"first","12":"instock","13":"shipping-taxable","14":"purchasable","15":"product-type-simple"},"_links":{"self":[{"href":"https:\/\/tilefly.com\/fr\/wp-json\/wp\/v2\/product\/573246","targetHints":{"allow":["GET"]}}],"collection":[{"href":"https:\/\/tilefly.com\/fr\/wp-json\/wp\/v2\/product"}],"about":[{"href":"https:\/\/tilefly.com\/fr\/wp-json\/wp\/v2\/types\/product"}],"replies":[{"embeddable":true,"href":"https:\/\/tilefly.com\/fr\/wp-json\/wp\/v2\/comments?post=573246"}],"wp:featuredmedia":[{"embeddable":true,"href":"https:\/\/tilefly.com\/fr\/wp-json\/wp\/v2\/media\/573192"}],"wp:attachment":[{"href":"https:\/\/tilefly.com\/fr\/wp-json\/wp\/v2\/media?parent=573246"}],"wp:term":[{"taxonomy":"product_brand","embeddable":true,"href":"https:\/\/tilefly.com\/fr\/wp-json\/wp\/v2\/product_brand?post=573246"},{"taxonomy":"product_cat","embeddable":true,"href":"https:\/\/tilefly.com\/fr\/wp-json\/wp\/v2\/product_cat?post=573246"},{"taxonomy":"product_tag","embeddable":true,"href":"https:\/\/tilefly.com\/fr\/wp-json\/wp\/v2\/product_tag?post=573246"}],"curies":[{"name":"wp","href":"https:\/\/api.w.org\/{rel}","templated":true}]}}