{"id":572970,"date":"2025-05-07T18:31:32","date_gmt":"2025-05-07T16:31:32","guid":{"rendered":"https:\/\/tilefly.com\/producto\/triunfo-grey-mt-30x60-inout\/"},"modified":"2025-05-07T18:46:42","modified_gmt":"2025-05-07T16:46:42","slug":"triunfo-grey-mt-30x60-inout","status":"publish","type":"product","link":"https:\/\/tilefly.com\/fr\/produit\/triunfo-grey-mt-30x60-inout\/","title":{"rendered":"TRIUNFO GREY MT 30X60 INOUT"},"content":{"rendered":"<h2><strong>TRIUNFO GREY MT 30X60 INOUT<\/strong><\/h2><p>Le carrelage TRIUNFO GREY au format 30&#215;60 est un \u00e9l\u00e9gant rev\u00eatement en gr\u00e8s c\u00e9rame dans une couleur grise sophistiqu\u00e9e. Avec une finition mate, ce carrelage non rectifi\u00e9 est parfait pour cr\u00e9er des espaces int\u00e9rieurs modernes et accueillants. Son design polyvalent s&#039;adapte \u00e0 diff\u00e9rents styles de d\u00e9coration, apportant une touche contemporaine et minimaliste \u00e0 n&#039;importe quel environnement. Id\u00e9al pour une utilisation sur les sols et les murs, le TRIUNFO GREY est une option durable et de haute qualit\u00e9 qui transformera vos espaces.<\/p>","protected":false},"excerpt":{"rendered":"<p>TRIUNFO GREY MT 30X60 INOUTLe carrelage TRIUNFO GREY au format 30&#215;60 est un \u00e9l\u00e9gant rev\u00eatement en gr\u00e8s c\u00e9rame dans une couleur grise sophistiqu\u00e9e. Avec une finition mate, ce carrelage non rectifi\u00e9 est parfait pour cr\u00e9er des espaces int\u00e9rieurs modernes et accueillants. Son design polyvalent s&#039;adapte \u00e0 diff\u00e9rents styles de d\u00e9coration, apportant une touche contemporaine et [&hellip;]<\/p>\n","protected":false},"featured_media":572805,"comment_status":"open","ping_status":"closed","template":"","meta":[],"product_brand":[],"product_cat":[353,355,356,354],"product_tag":[],"class_list":{"0":"post-572970","1":"product","2":"type-product","3":"status-publish","4":"has-post-thumbnail","6":"product_cat-carrelage","7":"product_cat-cuisines","8":"product_cat-faiences","9":"product_cat-carrelage-salle-de-bain","11":"first","12":"instock","13":"shipping-taxable","14":"purchasable","15":"product-type-simple"},"_links":{"self":[{"href":"https:\/\/tilefly.com\/fr\/wp-json\/wp\/v2\/product\/572970","targetHints":{"allow":["GET"]}}],"collection":[{"href":"https:\/\/tilefly.com\/fr\/wp-json\/wp\/v2\/product"}],"about":[{"href":"https:\/\/tilefly.com\/fr\/wp-json\/wp\/v2\/types\/product"}],"replies":[{"embeddable":true,"href":"https:\/\/tilefly.com\/fr\/wp-json\/wp\/v2\/comments?post=572970"}],"wp:featuredmedia":[{"embeddable":true,"href":"https:\/\/tilefly.com\/fr\/wp-json\/wp\/v2\/media\/572805"}],"wp:attachment":[{"href":"https:\/\/tilefly.com\/fr\/wp-json\/wp\/v2\/media?parent=572970"}],"wp:term":[{"taxonomy":"product_brand","embeddable":true,"href":"https:\/\/tilefly.com\/fr\/wp-json\/wp\/v2\/product_brand?post=572970"},{"taxonomy":"product_cat","embeddable":true,"href":"https:\/\/tilefly.com\/fr\/wp-json\/wp\/v2\/product_cat?post=572970"},{"taxonomy":"product_tag","embeddable":true,"href":"https:\/\/tilefly.com\/fr\/wp-json\/wp\/v2\/product_tag?post=572970"}],"curies":[{"name":"wp","href":"https:\/\/api.w.org\/{rel}","templated":true}]}}