{"id":572968,"date":"2025-05-07T18:31:39","date_gmt":"2025-05-07T16:31:39","guid":{"rendered":"https:\/\/tilefly.com\/producto\/triunfo-natural-mt-30x60-inout\/"},"modified":"2025-05-07T18:45:57","modified_gmt":"2025-05-07T16:45:57","slug":"triunfo-natural-mt-30x60-inout","status":"publish","type":"product","link":"https:\/\/tilefly.com\/fr\/produit\/triunfo-natural-mt-30x60-inout\/","title":{"rendered":"TRIUNFO NATURAL MT 30X60 INOUT"},"content":{"rendered":"<h2><strong>TRIUNFO NATURAL MT 30X60 INOUT<\/strong><\/h2><p>Le carrelage TRIUNFO NATURAL au format 30&#215;60 est un rev\u00eatement \u00e9l\u00e9gant en gr\u00e8s c\u00e9rame de couleur Beige, avec une finition Mate. Ce produit n&#8217;est pas rectifi\u00e9, ce qui lui conf\u00e8re un caract\u00e8re plus naturel et authentique. Parfait pour l&#8217;int\u00e9rieur et l&#8217;ext\u00e9rieur, son design polyvalent s&#8217;adapte \u00e0 tous les styles d\u00e9coratifs, apportant chaleur et sophistication \u00e0 vos espaces.<\/p>","protected":false},"excerpt":{"rendered":"<p>TRIUNFO NATURAL MT 30X60 INOUTLe carrelage TRIUNFO NATURAL au format 30&#215;60 est un rev\u00eatement \u00e9l\u00e9gant en gr\u00e8s c\u00e9rame de couleur Beige, avec une finition Mate. Ce produit n&#8217;est pas rectifi\u00e9, ce qui lui conf\u00e8re un caract\u00e8re plus naturel et authentique. Parfait pour l&#8217;int\u00e9rieur et l&#8217;ext\u00e9rieur, son design polyvalent s&#8217;adapte \u00e0 tous les styles d\u00e9coratifs, apportant [&hellip;]<\/p>\n","protected":false},"featured_media":572831,"comment_status":"open","ping_status":"closed","template":"","meta":[],"product_brand":[],"product_cat":[353,355,356,354],"product_tag":[],"class_list":{"0":"post-572968","1":"product","2":"type-product","3":"status-publish","4":"has-post-thumbnail","6":"product_cat-carrelage","7":"product_cat-cuisines","8":"product_cat-faiences","9":"product_cat-carrelage-salle-de-bain","11":"first","12":"instock","13":"shipping-taxable","14":"purchasable","15":"product-type-simple"},"_links":{"self":[{"href":"https:\/\/tilefly.com\/fr\/wp-json\/wp\/v2\/product\/572968","targetHints":{"allow":["GET"]}}],"collection":[{"href":"https:\/\/tilefly.com\/fr\/wp-json\/wp\/v2\/product"}],"about":[{"href":"https:\/\/tilefly.com\/fr\/wp-json\/wp\/v2\/types\/product"}],"replies":[{"embeddable":true,"href":"https:\/\/tilefly.com\/fr\/wp-json\/wp\/v2\/comments?post=572968"}],"wp:featuredmedia":[{"embeddable":true,"href":"https:\/\/tilefly.com\/fr\/wp-json\/wp\/v2\/media\/572831"}],"wp:attachment":[{"href":"https:\/\/tilefly.com\/fr\/wp-json\/wp\/v2\/media?parent=572968"}],"wp:term":[{"taxonomy":"product_brand","embeddable":true,"href":"https:\/\/tilefly.com\/fr\/wp-json\/wp\/v2\/product_brand?post=572968"},{"taxonomy":"product_cat","embeddable":true,"href":"https:\/\/tilefly.com\/fr\/wp-json\/wp\/v2\/product_cat?post=572968"},{"taxonomy":"product_tag","embeddable":true,"href":"https:\/\/tilefly.com\/fr\/wp-json\/wp\/v2\/product_tag?post=572968"}],"curies":[{"name":"wp","href":"https:\/\/api.w.org\/{rel}","templated":true}]}}