{"id":572713,"date":"2025-02-27T00:28:53","date_gmt":"2025-02-26T23:28:53","guid":{"rendered":"https:\/\/tilefly.com\/producto\/habitat-grey-rect-30x60\/"},"modified":"2025-10-29T09:48:05","modified_gmt":"2025-10-29T08:48:05","slug":"habitat-grey-rect-30x60","status":"publish","type":"product","link":"https:\/\/tilefly.com\/fr\/produit\/habitat-grey-rect-30x60\/","title":{"rendered":"HABITAT GREY RECT 30X60"},"content":{"rendered":"<h2><strong>HABITAT GREY RECT 30X60<\/strong><\/h2><p>Descubre la elegancia sutil de la baldosa HABITAT GREY RECT 30X60. Esta pieza porcel\u00e1nica, ideal tanto para suelos como para paredes, redefine la est\u00e9tica de tus espacios con su acabado mate y un dise\u00f1o que evoca la calidez de un tejido entrelazado. El color gris, en una paleta de tonos claros y oscuros, ofrece una versatilidad inigualable, adapt\u00e1ndose a cualquier estilo decorativo, desde el m\u00e1s minimalista hasta el m\u00e1s sofisticado. Su formato rectificado de 30&#215;60 cm facilita una instalaci\u00f3n precisa, creando superficies continuas y visualmente atractivas. Adem\u00e1s, su caracter\u00edstica antideslizante la convierte en una opci\u00f3n segura para \u00e1reas de alto tr\u00e1fico o zonas h\u00famedas. <\/p><p>La textura de esta baldosa simula hilos horizontales y verticales cruzados, generando un patr\u00f3n cuadriculado discreto que a\u00f1ade profundidad y car\u00e1cter a tus ambientes. Olv\u00eddate de las imitaciones de cemento, m\u00e1rmol o madera; HABITAT GREY te ofrece una experiencia sensorial \u00fanica, invit\u00e1ndote a sentir la calidez y el confort de un hogar acogedor. Su dise\u00f1o jaspeado, repleto de matices de color, es perfecto para crear espacios personalizados y llenos de encanto. <\/p><p>D\u00e9jate inspirar por la colecci\u00f3n <a href=\"https:\/\/tilefly.com\/fr\/produit\/habitat\/\">HABITAT<\/a> y transforma tu hogar en un refugio de paz y armon\u00eda, donde cada detalle refleja tu buen gusto y estilo propio. Con HABITAT GREY, el l\u00edmite es tu imaginaci\u00f3n; crea combinaciones infinitas y disfruta de la belleza atemporal de esta cer\u00e1mica excepcional.<\/p>","protected":false},"excerpt":{"rendered":"<p>HABITAT GREY RECT 30X60Descubre la elegancia sutil de la baldosa HABITAT GREY RECT 30X60. Esta pieza porcel\u00e1nica, ideal tanto para suelos como para paredes, redefine la est\u00e9tica de tus espacios con su acabado mate y un dise\u00f1o que evoca la calidez de un tejido entrelazado. El color gris, en una paleta de tonos claros y [&hellip;]<\/p>\n","protected":false},"featured_media":568495,"comment_status":"open","ping_status":"closed","template":"","meta":[],"product_brand":[],"product_cat":[353,355,356,354],"product_tag":[],"class_list":{"0":"post-572713","1":"product","2":"type-product","3":"status-publish","4":"has-post-thumbnail","6":"product_cat-carrelage","7":"product_cat-cuisines","8":"product_cat-faiences","9":"product_cat-carrelage-salle-de-bain","11":"first","12":"instock","13":"shipping-taxable","14":"purchasable","15":"product-type-simple"},"_links":{"self":[{"href":"https:\/\/tilefly.com\/fr\/wp-json\/wp\/v2\/product\/572713","targetHints":{"allow":["GET"]}}],"collection":[{"href":"https:\/\/tilefly.com\/fr\/wp-json\/wp\/v2\/product"}],"about":[{"href":"https:\/\/tilefly.com\/fr\/wp-json\/wp\/v2\/types\/product"}],"replies":[{"embeddable":true,"href":"https:\/\/tilefly.com\/fr\/wp-json\/wp\/v2\/comments?post=572713"}],"wp:featuredmedia":[{"embeddable":true,"href":"https:\/\/tilefly.com\/fr\/wp-json\/wp\/v2\/media\/568495"}],"wp:attachment":[{"href":"https:\/\/tilefly.com\/fr\/wp-json\/wp\/v2\/media?parent=572713"}],"wp:term":[{"taxonomy":"product_brand","embeddable":true,"href":"https:\/\/tilefly.com\/fr\/wp-json\/wp\/v2\/product_brand?post=572713"},{"taxonomy":"product_cat","embeddable":true,"href":"https:\/\/tilefly.com\/fr\/wp-json\/wp\/v2\/product_cat?post=572713"},{"taxonomy":"product_tag","embeddable":true,"href":"https:\/\/tilefly.com\/fr\/wp-json\/wp\/v2\/product_tag?post=572713"}],"curies":[{"name":"wp","href":"https:\/\/api.w.org\/{rel}","templated":true}]}}