{"id":572710,"date":"2025-03-06T21:49:44","date_gmt":"2025-03-06T20:49:44","guid":{"rendered":"https:\/\/tilefly.com\/producto\/pim-pam-pum\/"},"modified":"2025-03-06T21:49:44","modified_gmt":"2025-03-06T20:49:44","slug":"pim-pam-pum","status":"publish","type":"product","link":"https:\/\/tilefly.com\/fr\/produit\/pim-pam-pum\/","title":{"rendered":"PIM PAM PUM"},"content":{"rendered":"<p>Pim Pam Pum es una explosi\u00f3n de creatividad y energ\u00eda. Su nombre es una representaci\u00f3n de la ambici\u00f3n por crear algo nuevo y sorprendente. Es una invitaci\u00f3n a experimentar, a jugar con formas y colores y a dejar que la imaginaci\u00f3n se desate. Con su amplia variedad de cortes, esta colecci\u00f3n ofrece una gran versatilidad y flexibilidad en su dise\u00f1o. Pim Pam Pum es la colecci\u00f3n que har\u00e1 que tus espacios cobren vida y se conviertan en el centro de atenci\u00f3n.<\/p>","protected":false},"excerpt":{"rendered":"<p>Pim Pam Pum es una explosi\u00f3n de creatividad y energ\u00eda. Su nombre es una representaci\u00f3n de la ambici\u00f3n por crear algo nuevo y sorprendente. Es una invitaci\u00f3n a experimentar, a jugar con formas y colores y a dejar que la imaginaci\u00f3n se desate. Con su amplia variedad de cortes, esta colecci\u00f3n ofrece una gran versatilidad [&hellip;]<\/p>\n","protected":false},"featured_media":568827,"comment_status":"closed","ping_status":"closed","template":"","meta":[],"product_brand":[],"product_cat":[355,356,354],"product_tag":[],"class_list":{"0":"post-572710","1":"product","2":"type-product","3":"status-publish","4":"has-post-thumbnail","6":"product_cat-cuisines","7":"product_cat-faiences","8":"product_cat-carrelage-salle-de-bain","10":"first","11":"instock","12":"shipping-taxable","13":"product-type-grouped"},"_links":{"self":[{"href":"https:\/\/tilefly.com\/fr\/wp-json\/wp\/v2\/product\/572710","targetHints":{"allow":["GET"]}}],"collection":[{"href":"https:\/\/tilefly.com\/fr\/wp-json\/wp\/v2\/product"}],"about":[{"href":"https:\/\/tilefly.com\/fr\/wp-json\/wp\/v2\/types\/product"}],"replies":[{"embeddable":true,"href":"https:\/\/tilefly.com\/fr\/wp-json\/wp\/v2\/comments?post=572710"}],"wp:featuredmedia":[{"embeddable":true,"href":"https:\/\/tilefly.com\/fr\/wp-json\/wp\/v2\/media\/568827"}],"wp:attachment":[{"href":"https:\/\/tilefly.com\/fr\/wp-json\/wp\/v2\/media?parent=572710"}],"wp:term":[{"taxonomy":"product_brand","embeddable":true,"href":"https:\/\/tilefly.com\/fr\/wp-json\/wp\/v2\/product_brand?post=572710"},{"taxonomy":"product_cat","embeddable":true,"href":"https:\/\/tilefly.com\/fr\/wp-json\/wp\/v2\/product_cat?post=572710"},{"taxonomy":"product_tag","embeddable":true,"href":"https:\/\/tilefly.com\/fr\/wp-json\/wp\/v2\/product_tag?post=572710"}],"curies":[{"name":"wp","href":"https:\/\/api.w.org\/{rel}","templated":true}]}}