{"id":572681,"date":"2025-03-11T20:07:54","date_gmt":"2025-03-11T19:07:54","guid":{"rendered":"https:\/\/tilefly.com\/producto\/antid-arenite-pearl-mt-100x100-rect\/"},"modified":"2025-08-25T19:48:04","modified_gmt":"2025-08-25T17:48:04","slug":"antid-arenite-pearl-mt-100x100-rect","status":"publish","type":"product","link":"https:\/\/tilefly.com\/fr\/produit\/antid-arenite-pearl-mt-100x100-rect\/","title":{"rendered":"ANTID ARENITE PEARL MT 100X100 RECT"},"content":{"rendered":"<p>Descubre la elegancia y la versatilidad del ANTID ARENITE PEARL MT 100X100 RECT, una baldosa porcel\u00e1nica que fusiona la est\u00e9tica natural de la piedra con la modernidad del cemento. Su color gris, con sutiles variaciones de intensidad y una fina veta que simula una imperfecci\u00f3n natural, aporta un toque de sofisticaci\u00f3n a cualquier espacio. El acabado mate y la textura granulada ofrecen un aspecto aut\u00e9ntico y una sensaci\u00f3n agradable al tacto.<\/p><p>Con un formato de 100&#215;100 cm y bordes rectificados, esta baldosa permite crear superficies uniformes y continuas, minimizando las juntas y maximizando la sensaci\u00f3n de amplitud. Su dise\u00f1o minimalista y contempor\u00e1neo la convierte en una opci\u00f3n ideal para ambientes modernos y minimalistas, tanto en interiores como en exteriores.<\/p><p>Fabricada en porcel\u00e1nico esmaltado, el ANTID ARENITE PEARL MT 100X100 RECT es resistente al desgaste, a las manchas y a la humedad, lo que la hace perfecta para zonas de alto tr\u00e1fico y \u00e1reas h\u00famedas como ba\u00f1os y cocinas. Adem\u00e1s, su f\u00e1cil mantenimiento la convierte en una opci\u00f3n pr\u00e1ctica y duradera. Si buscas una soluci\u00f3n est\u00e9tica y funcional para tus suelos y paredes, no dudes en explorar la colecci\u00f3n <a href=\"https:\/\/tilefly.com\/fr\/produit\/arenite\/\">ARENITE<\/a>.<\/p>","protected":false},"excerpt":{"rendered":"<p>Descubre la elegancia y la versatilidad del ANTID ARENITE PEARL MT 100X100 RECT, una baldosa porcel\u00e1nica que fusiona la est\u00e9tica natural de la piedra con la modernidad del cemento. Su color gris, con sutiles variaciones de intensidad y una fina veta que simula una imperfecci\u00f3n natural, aporta un toque de sofisticaci\u00f3n a cualquier espacio. El [&hellip;]<\/p>\n","protected":false},"featured_media":570175,"comment_status":"open","ping_status":"closed","template":"","meta":[],"product_brand":[],"product_cat":[353,355,356,354],"product_tag":[],"class_list":{"0":"post-572681","1":"product","2":"type-product","3":"status-publish","4":"has-post-thumbnail","6":"product_cat-carrelage","7":"product_cat-cuisines","8":"product_cat-faiences","9":"product_cat-carrelage-salle-de-bain","11":"first","12":"instock","13":"shipping-taxable","14":"purchasable","15":"product-type-simple"},"_links":{"self":[{"href":"https:\/\/tilefly.com\/fr\/wp-json\/wp\/v2\/product\/572681","targetHints":{"allow":["GET"]}}],"collection":[{"href":"https:\/\/tilefly.com\/fr\/wp-json\/wp\/v2\/product"}],"about":[{"href":"https:\/\/tilefly.com\/fr\/wp-json\/wp\/v2\/types\/product"}],"replies":[{"embeddable":true,"href":"https:\/\/tilefly.com\/fr\/wp-json\/wp\/v2\/comments?post=572681"}],"wp:featuredmedia":[{"embeddable":true,"href":"https:\/\/tilefly.com\/fr\/wp-json\/wp\/v2\/media\/570175"}],"wp:attachment":[{"href":"https:\/\/tilefly.com\/fr\/wp-json\/wp\/v2\/media?parent=572681"}],"wp:term":[{"taxonomy":"product_brand","embeddable":true,"href":"https:\/\/tilefly.com\/fr\/wp-json\/wp\/v2\/product_brand?post=572681"},{"taxonomy":"product_cat","embeddable":true,"href":"https:\/\/tilefly.com\/fr\/wp-json\/wp\/v2\/product_cat?post=572681"},{"taxonomy":"product_tag","embeddable":true,"href":"https:\/\/tilefly.com\/fr\/wp-json\/wp\/v2\/product_tag?post=572681"}],"curies":[{"name":"wp","href":"https:\/\/api.w.org\/{rel}","templated":true}]}}