{"id":572602,"date":"2025-04-11T18:33:46","date_gmt":"2025-04-11T16:33:46","guid":{"rendered":"https:\/\/tilefly.com\/producto\/savannah-grey-10x10\/"},"modified":"2025-12-17T04:16:19","modified_gmt":"2025-12-17T03:16:19","slug":"savannah-grey-10x10","status":"publish","type":"product","link":"https:\/\/tilefly.com\/fr\/produit\/savannah-grey-10x10\/","title":{"rendered":"SAVANNAH GREY 10X10"},"content":{"rendered":"<h2><strong>SAVANNAH GREY 10X10<\/strong><\/h2><p>Descubre la elegancia sutil y atemporal con la baldosa SAVANNAH GREY 10X10. Esta pieza, inspirada en la belleza sure\u00f1a de Savannah, captura la esencia de sus calles adoquinadas y la paleta de colores \u00fanica de la ciudad. El color gris suave, con sus variaciones tonales, evoca la serenidad de sus paisajes urbanos, mientras que su acabado brillante a\u00f1ade un toque de sofisticaci\u00f3n a cualquier espacio. Esta baldosa de pasta blanca, ideal para revestir paredes, ofrece una est\u00e9tica de cemento pulido que combina a la perfecci\u00f3n con estilos modernos, industriales o r\u00fasticos. Su formato de 10&#215;10 la convierte en una opci\u00f3n vers\u00e1til para crear patrones y dise\u00f1os personalizados. <\/p><p>La <a href=\"https:\/\/tilefly.com\/fr\/produit\/savannah\/\">SAVANNAH<\/a> GREY 10X10 no es rectificada, lo que le confiere un encanto artesanal y un car\u00e1cter distintivo. Cada baldosa cuenta una historia, con sus bordes ligeramente irregulares y su textura sutilmente granulada. Estas caracter\u00edsticas \u00fanicas contribuyen a crear un ambiente acogedor y lleno de personalidad en cualquier estancia. Imagina transformar tu cocina, ba\u00f1o o sal\u00f3n con este revestimiento que evoca la belleza natural y la historia de Savannah. <\/p><p>Si buscas un revestimiento que combine estilo, calidad y durabilidad, la SAVANNAH GREY 10X10 es la elecci\u00f3n perfecta. Su imitaci\u00f3n de cemento, cuidadosamente elaborada, aporta un toque de modernidad y sofisticaci\u00f3n sin renunciar a la calidez y el encanto de los materiales naturales. Atr\u00e9vete a crear espacios \u00fanicos y llenos de personalidad con esta baldosa que te transportar\u00e1 a la m\u00e1gica ciudad de Savannah.<\/p>","protected":false},"excerpt":{"rendered":"<p>SAVANNAH GREY 10X10Descubre la elegancia sutil y atemporal con la baldosa SAVANNAH GREY 10X10. Esta pieza, inspirada en la belleza sure\u00f1a de Savannah, captura la esencia de sus calles adoquinadas y la paleta de colores \u00fanica de la ciudad. El color gris suave, con sus variaciones tonales, evoca la serenidad de sus paisajes urbanos, mientras [&hellip;]<\/p>\n","protected":false},"featured_media":572204,"comment_status":"open","ping_status":"closed","template":"","meta":[],"product_brand":[],"product_cat":[355,356,354],"product_tag":[],"class_list":{"0":"post-572602","1":"product","2":"type-product","3":"status-publish","4":"has-post-thumbnail","6":"product_cat-cuisines","7":"product_cat-faiences","8":"product_cat-carrelage-salle-de-bain","10":"first","11":"instock","12":"shipping-taxable","13":"purchasable","14":"product-type-simple"},"_links":{"self":[{"href":"https:\/\/tilefly.com\/fr\/wp-json\/wp\/v2\/product\/572602","targetHints":{"allow":["GET"]}}],"collection":[{"href":"https:\/\/tilefly.com\/fr\/wp-json\/wp\/v2\/product"}],"about":[{"href":"https:\/\/tilefly.com\/fr\/wp-json\/wp\/v2\/types\/product"}],"replies":[{"embeddable":true,"href":"https:\/\/tilefly.com\/fr\/wp-json\/wp\/v2\/comments?post=572602"}],"wp:featuredmedia":[{"embeddable":true,"href":"https:\/\/tilefly.com\/fr\/wp-json\/wp\/v2\/media\/572204"}],"wp:attachment":[{"href":"https:\/\/tilefly.com\/fr\/wp-json\/wp\/v2\/media?parent=572602"}],"wp:term":[{"taxonomy":"product_brand","embeddable":true,"href":"https:\/\/tilefly.com\/fr\/wp-json\/wp\/v2\/product_brand?post=572602"},{"taxonomy":"product_cat","embeddable":true,"href":"https:\/\/tilefly.com\/fr\/wp-json\/wp\/v2\/product_cat?post=572602"},{"taxonomy":"product_tag","embeddable":true,"href":"https:\/\/tilefly.com\/fr\/wp-json\/wp\/v2\/product_tag?post=572602"}],"curies":[{"name":"wp","href":"https:\/\/api.w.org\/{rel}","templated":true}]}}