{"id":571934,"date":"2025-04-02T16:29:43","date_gmt":"2025-04-02T14:29:43","guid":{"rendered":"https:\/\/tilefly.com\/producto\/pursue-greige-mt-30x60\/"},"modified":"2025-04-03T15:07:53","modified_gmt":"2025-04-03T13:07:53","slug":"pursue-greige-mt-30x60","status":"publish","type":"product","link":"https:\/\/tilefly.com\/fr\/produit\/pursue-greige-mt-30x60\/","title":{"rendered":"PURSUE GREIGE MT 30X60"},"content":{"rendered":"<h2>PURSUE GRIS MT 30X60<\/h2><p>D\u00e9couvrez l&#8217;\u00e9l\u00e9gance subtile du carreau PURSUE GREIGE MT 30X60, une pi\u00e8ce qui capture l&#8217;essence du ciment dans un format confortable et polyvalent de 30&#215;60 cm. Ce carreau \u00e0 p\u00e2te rouge, avec sa finition mate et sa couleur gris beige, apporte chaleur et neutralit\u00e9 \u00e0 tout espace, s&#8217;int\u00e9grant sans effort dans une vari\u00e9t\u00e9 de styles d\u00e9coratifs. Sa texture lisse et uniforme, avec un l\u00e9ger grain, offre une touche naturelle et discr\u00e8te, id\u00e9ale pour cr\u00e9er des ambiances chaleureuses et modernes.  <\/p><p>Le PURSUE GREIGE MT 30X60 est parfait pour la Fa\u00efence murale, offrant une atmosph\u00e8re relaxante et sophistiqu\u00e9e. Son imitation ciment lui conf\u00e8re un caract\u00e8re industriel et contemporain, tandis que sa couleur neutre permet de l&#8217;associer facilement \u00e0 d&#8217;autres \u00e9l\u00e9ments d\u00e9coratifs. Imaginez ce carreau dans votre cuisine, votre salle de bain ou votre salon, transformant vos espaces gr\u00e2ce \u00e0 son charme discret et \u00e9l\u00e9gant. Si vous \u00eates \u00e0 la recherche d&#8217;une solution int\u00e9grale pour vos projets, ne manquez pas d&#8217;explorer la s\u00e9rie <a href=\"https:\/\/tilefly.com\/fr\/produit\/pursue\/\">PURSUE<\/a>o\u00f9 vous trouverez une vari\u00e9t\u00e9 de formats et de finitions pour r\u00e9pondre \u00e0 vos besoins.   <\/p><p>Ce carreau non rectifi\u00e9 conserve un style authentique et traditionnel, id\u00e9al pour ceux qui appr\u00e9cient la beaut\u00e9 dans les d\u00e9tails. Sa facilit\u00e9 d&#8217;installation et d&#8217;entretien en fait un choix pratique et durable pour toute maison ou espace commercial. La Fa\u00efence PURSUE GREIGE MT 30X60 est plus qu&#8217;une simple tuile, c&#8217;est une d\u00e9claration de style qui refl\u00e8te votre bon go\u00fbt et votre souci du d\u00e9tail.  <\/p>","protected":false},"excerpt":{"rendered":"<p>PURSUE GRIS MT 30X60D\u00e9couvrez l&#8217;\u00e9l\u00e9gance subtile du carreau PURSUE GREIGE MT 30X60, une pi\u00e8ce qui capture l&#8217;essence du ciment dans un format confortable et polyvalent de 30&#215;60 cm. Ce carreau \u00e0 p\u00e2te rouge, avec sa finition mate et sa couleur gris beige, apporte chaleur et neutralit\u00e9 \u00e0 tout espace, s&#8217;int\u00e9grant sans effort dans une vari\u00e9t\u00e9 [&hellip;]<\/p>\n","protected":false},"featured_media":571749,"comment_status":"open","ping_status":"closed","template":"","meta":[],"product_brand":[],"product_cat":[355,356,354],"product_tag":[],"class_list":{"0":"post-571934","1":"product","2":"type-product","3":"status-publish","4":"has-post-thumbnail","6":"product_cat-cuisines","7":"product_cat-faiences","8":"product_cat-carrelage-salle-de-bain","10":"first","11":"instock","12":"shipping-taxable","13":"purchasable","14":"product-type-simple"},"_links":{"self":[{"href":"https:\/\/tilefly.com\/fr\/wp-json\/wp\/v2\/product\/571934","targetHints":{"allow":["GET"]}}],"collection":[{"href":"https:\/\/tilefly.com\/fr\/wp-json\/wp\/v2\/product"}],"about":[{"href":"https:\/\/tilefly.com\/fr\/wp-json\/wp\/v2\/types\/product"}],"replies":[{"embeddable":true,"href":"https:\/\/tilefly.com\/fr\/wp-json\/wp\/v2\/comments?post=571934"}],"wp:featuredmedia":[{"embeddable":true,"href":"https:\/\/tilefly.com\/fr\/wp-json\/wp\/v2\/media\/571749"}],"wp:attachment":[{"href":"https:\/\/tilefly.com\/fr\/wp-json\/wp\/v2\/media?parent=571934"}],"wp:term":[{"taxonomy":"product_brand","embeddable":true,"href":"https:\/\/tilefly.com\/fr\/wp-json\/wp\/v2\/product_brand?post=571934"},{"taxonomy":"product_cat","embeddable":true,"href":"https:\/\/tilefly.com\/fr\/wp-json\/wp\/v2\/product_cat?post=571934"},{"taxonomy":"product_tag","embeddable":true,"href":"https:\/\/tilefly.com\/fr\/wp-json\/wp\/v2\/product_tag?post=571934"}],"curies":[{"name":"wp","href":"https:\/\/api.w.org\/{rel}","templated":true}]}}