{"id":571920,"date":"2025-04-02T16:28:46","date_gmt":"2025-04-02T14:28:46","guid":{"rendered":"https:\/\/tilefly.com\/producto\/pursue-decor-mix-mt-30x60\/"},"modified":"2025-04-03T15:06:18","modified_gmt":"2025-04-03T13:06:18","slug":"pursue-decor-mix-mt-30x60","status":"publish","type":"product","link":"https:\/\/tilefly.com\/fr\/produit\/pursue-decor-mix-mt-30x60\/","title":{"rendered":"PURSUE DECOR MIX MT 30X60"},"content":{"rendered":"<h2>PURSUE DECOR MIX MT 30X60<\/h2><p>D\u00e9couvrez l&#8217;\u00e9l\u00e9gance et la polyvalence de la tuile <b>PURSUE DECOR MIX MT 30X60<\/b>, une pi\u00e8ce qui red\u00e9finit le concept de la Fa\u00efence. D&#8217;un format de 30&#215;60 cm et r\u00e9alis\u00e9e en corps rouge de haute qualit\u00e9, cette tuile non rectifi\u00e9e offre une esth\u00e9tique unique gr\u00e2ce \u00e0 sa finition mate et \u00e0 son design imitation ciment. Le design patchwork pr\u00e9sente huit motifs diff\u00e9rents dans des tons neutres tels que le gris clair, le beige et le blanc, cr\u00e9ant une esth\u00e9tique douce et polyvalente qui s&#8217;adapte \u00e0 tous les styles de d\u00e9coration.    <a href=\"https:\/\/tilefly.com\/producto\/pursue\/\">PURSUE<\/a><\/p><p>Chaque carreau est une \u0153uvre d&#8217;art en soi, avec des motifs g\u00e9om\u00e9triques abstraits, notamment des chevrons, des croix, des tissages en damier et des lignes verticales, tous con\u00e7us pour apporter une touche rustique et moderne \u00e0 vos espaces. Sa texture simule des mat\u00e9riaux naturels tels que le ciment ou le tissu, ce qui donne de la profondeur et de la chaleur \u00e0 tout environnement. Parfait pour cr\u00e9er des murs d\u00e9coratifs et des atmosph\u00e8res personnalis\u00e9es, ce carreau est id\u00e9al pour ceux qui recherchent un design original et de caract\u00e8re.    <\/p><p>La polyvalence de <b>PURSUE DECOR MIX MT 30X60<\/b> lui permet d&#8217;\u00eatre utilis\u00e9 dans une grande vari\u00e9t\u00e9 d&#8217;espaces, de la salle de bain \u00e0 la cuisine en passant par le salon et la chambre \u00e0 coucher. Sa facilit\u00e9 d&#8217;installation et d&#8217;entretien en fait une option pratique et durable pour tout projet de r\u00e9novation ou de construction. Osez transformer vos espaces avec ce carreau qui allie design, qualit\u00e9 et fonctionnalit\u00e9 en une seule pi\u00e8ce. Son design vari\u00e9 permet de cr\u00e9er des ambiances originales et personnalis\u00e9es.   <\/p>","protected":false},"excerpt":{"rendered":"<p>PURSUE DECOR MIX MT 30X60D\u00e9couvrez l&#8217;\u00e9l\u00e9gance et la polyvalence de la tuile PURSUE DECOR MIX MT 30X60, une pi\u00e8ce qui red\u00e9finit le concept de la Fa\u00efence. D&#8217;un format de 30&#215;60 cm et r\u00e9alis\u00e9e en corps rouge de haute qualit\u00e9, cette tuile non rectifi\u00e9e offre une esth\u00e9tique unique gr\u00e2ce \u00e0 sa finition mate et \u00e0 son [&hellip;]<\/p>\n","protected":false},"featured_media":571593,"comment_status":"open","ping_status":"closed","template":"","meta":[],"product_brand":[],"product_cat":[355,356,354],"product_tag":[],"class_list":{"0":"post-571920","1":"product","2":"type-product","3":"status-publish","4":"has-post-thumbnail","6":"product_cat-cuisines","7":"product_cat-faiences","8":"product_cat-carrelage-salle-de-bain","10":"first","11":"outofstock","12":"shipping-taxable","13":"purchasable","14":"product-type-simple"},"_links":{"self":[{"href":"https:\/\/tilefly.com\/fr\/wp-json\/wp\/v2\/product\/571920","targetHints":{"allow":["GET"]}}],"collection":[{"href":"https:\/\/tilefly.com\/fr\/wp-json\/wp\/v2\/product"}],"about":[{"href":"https:\/\/tilefly.com\/fr\/wp-json\/wp\/v2\/types\/product"}],"replies":[{"embeddable":true,"href":"https:\/\/tilefly.com\/fr\/wp-json\/wp\/v2\/comments?post=571920"}],"wp:featuredmedia":[{"embeddable":true,"href":"https:\/\/tilefly.com\/fr\/wp-json\/wp\/v2\/media\/571593"}],"wp:attachment":[{"href":"https:\/\/tilefly.com\/fr\/wp-json\/wp\/v2\/media?parent=571920"}],"wp:term":[{"taxonomy":"product_brand","embeddable":true,"href":"https:\/\/tilefly.com\/fr\/wp-json\/wp\/v2\/product_brand?post=571920"},{"taxonomy":"product_cat","embeddable":true,"href":"https:\/\/tilefly.com\/fr\/wp-json\/wp\/v2\/product_cat?post=571920"},{"taxonomy":"product_tag","embeddable":true,"href":"https:\/\/tilefly.com\/fr\/wp-json\/wp\/v2\/product_tag?post=571920"}],"curies":[{"name":"wp","href":"https:\/\/api.w.org\/{rel}","templated":true}]}}