{"id":571914,"date":"2025-04-02T16:28:30","date_gmt":"2025-04-02T14:28:30","guid":{"rendered":"https:\/\/tilefly.com\/producto\/pursue-pearl-br-30x60\/"},"modified":"2025-04-03T15:06:12","modified_gmt":"2025-04-03T13:06:12","slug":"pursue-pearl-br-30x60","status":"publish","type":"product","link":"https:\/\/tilefly.com\/fr\/produit\/pursue-pearl-br-30x60\/","title":{"rendered":"PURSUE PEARL BR 30X60"},"content":{"rendered":"<h2>PURSUE PEARL BR 30X60<\/h2><p>D\u00e9couvrez l&#8217;\u00e9l\u00e9gance et la luminosit\u00e9 de la fa\u00efence murale <b>PURSUE PEARL BR 30X60<\/b>, une option id\u00e9ale pour transformer vos murs avec une touche de sophistication. Sa couleur perle, douce et neutre, apporte clart\u00e9 et espace \u00e0 n&#8217;importe quel espace, tandis que sa finition brillante refl\u00e8te la lumi\u00e8re, cr\u00e9ant des environnements plus lumineux et accueillants. <\/p><p>D&#8217;un format de 30&#215;60 cm, ce carreau de corps rouge est parfait pour la Fa\u00efence des murs de la cuisine, de la salle de bain ou de toute autre pi\u00e8ce que vous souhaitez r\u00e9nover. Son design imitation ciment lui conf\u00e8re un aspect moderne et industriel, mais avec la chaleur et la facilit\u00e9 d&#8217;entretien de la c\u00e9ramique. La subtile variation tonale de sa surface ajoute une touche de texture et de profondeur, \u00e9vitant la monotonie et cr\u00e9ant un effet visuellement attrayant. Bien qu&#8217;il ne soit pas rectifi\u00e9, son installation est simple et le r\u00e9sultat final est impeccable.   <\/p><p>Si vous recherchez un rev\u00eatement mural qui allie style, fonctionnalit\u00e9 et durabilit\u00e9, <b>PURSUE PEARL BR 30X60<\/b> est un excellent choix. Sa finition brillante met non seulement en valeur la beaut\u00e9 de la couleur perle, mais elle est \u00e9galement facile \u00e0 nettoyer et \u00e0 entretenir, ce qui garantit que vos murs resteront impeccables pendant longtemps. Ce produit fait partie de la s\u00e9rie polyvalente <a href=\"https:\/\/tilefly.com\/producto\/pursue\/\">PURSUE<\/a>qui offre un large \u00e9ventail d&#8217;options pour coordonner les murs et les sols et cr\u00e9er des espaces harmonieux et personnalis\u00e9s.  <\/p>","protected":false},"excerpt":{"rendered":"<p>PURSUE PEARL BR 30X60D\u00e9couvrez l&#8217;\u00e9l\u00e9gance et la luminosit\u00e9 de la fa\u00efence murale PURSUE PEARL BR 30X60, une option id\u00e9ale pour transformer vos murs avec une touche de sophistication. Sa couleur perle, douce et neutre, apporte clart\u00e9 et espace \u00e0 n&#8217;importe quel espace, tandis que sa finition brillante refl\u00e8te la lumi\u00e8re, cr\u00e9ant des environnements plus lumineux [&hellip;]<\/p>\n","protected":false},"featured_media":571541,"comment_status":"open","ping_status":"closed","template":"","meta":[],"product_brand":[],"product_cat":[355,356,354],"product_tag":[],"class_list":{"0":"post-571914","1":"product","2":"type-product","3":"status-publish","4":"has-post-thumbnail","6":"product_cat-cuisines","7":"product_cat-faiences","8":"product_cat-carrelage-salle-de-bain","10":"first","11":"outofstock","12":"shipping-taxable","13":"purchasable","14":"product-type-simple"},"_links":{"self":[{"href":"https:\/\/tilefly.com\/fr\/wp-json\/wp\/v2\/product\/571914","targetHints":{"allow":["GET"]}}],"collection":[{"href":"https:\/\/tilefly.com\/fr\/wp-json\/wp\/v2\/product"}],"about":[{"href":"https:\/\/tilefly.com\/fr\/wp-json\/wp\/v2\/types\/product"}],"replies":[{"embeddable":true,"href":"https:\/\/tilefly.com\/fr\/wp-json\/wp\/v2\/comments?post=571914"}],"wp:featuredmedia":[{"embeddable":true,"href":"https:\/\/tilefly.com\/fr\/wp-json\/wp\/v2\/media\/571541"}],"wp:attachment":[{"href":"https:\/\/tilefly.com\/fr\/wp-json\/wp\/v2\/media?parent=571914"}],"wp:term":[{"taxonomy":"product_brand","embeddable":true,"href":"https:\/\/tilefly.com\/fr\/wp-json\/wp\/v2\/product_brand?post=571914"},{"taxonomy":"product_cat","embeddable":true,"href":"https:\/\/tilefly.com\/fr\/wp-json\/wp\/v2\/product_cat?post=571914"},{"taxonomy":"product_tag","embeddable":true,"href":"https:\/\/tilefly.com\/fr\/wp-json\/wp\/v2\/product_tag?post=571914"}],"curies":[{"name":"wp","href":"https:\/\/api.w.org\/{rel}","templated":true}]}}