{"id":571889,"date":"2025-04-02T16:24:54","date_gmt":"2025-04-02T14:24:54","guid":{"rendered":"https:\/\/tilefly.com\/producto\/pursue-blue-mt-30x60-rect\/"},"modified":"2025-04-03T15:02:40","modified_gmt":"2025-04-03T13:02:40","slug":"pursue-blue-mt-30x60-rect","status":"publish","type":"product","link":"https:\/\/tilefly.com\/fr\/produit\/pursue-blue-mt-30x60-rect\/","title":{"rendered":"PURSUE BLUE MT 30X60 RECT"},"content":{"rendered":"<h2>PURSUE BLEU MT 30X60 RECT<\/h2><p>Le carreau <b>PURSUE BLUE MT 30X60 RECT<\/b> est un choix sophistiqu\u00e9 pour ceux qui recherchent une touche industrielle et moderne dans leurs espaces. Sa couleur bleue, subtilement teint\u00e9e de nuances de gris, \u00e9voque la solidit\u00e9 et la s\u00e9r\u00e9nit\u00e9 du ciment, tandis que sa finition mate offre une surface lisse et sans reflets, id\u00e9ale pour cr\u00e9er des environnements accueillants et contemporains. Le format 30&#215;60 cm, avec des bords rectifi\u00e9s, permet une pose pr\u00e9cise et uniforme, en minimisant les joints et en maximisant la sensation de continuit\u00e9 visuelle. Fabriqu\u00e9 en gr\u00e8s c\u00e9rame \u00e9maill\u00e9, ce carreau garantit une grande r\u00e9sistance \u00e0 l&#8217;usure, aux taches et \u00e0 l&#8217;humidit\u00e9, ce qui le rend parfait aussi bien pour les sols que pour les murs, \u00e0 l&#8217;int\u00e9rieur comme \u00e0 l&#8217;ext\u00e9rieur. Son design imitation ciment apporte une touche d&#8217;authenticit\u00e9 et de caract\u00e8re \u00e0 n&#8217;importe quel espace, du salon \u00e0 la cuisine, en passant par la salle de bain et la terrasse.    <\/p><p>La s\u00e9rie <a href=\"https:\/\/tilefly.com\/fr\/produit\/pursue\/\">PURSUE<\/a> offre un large \u00e9ventail de couleurs et de formats qui vous permettent de cr\u00e9er des combinaisons uniques et personnalis\u00e9es. Si vous recherchez un style minimaliste et \u00e9l\u00e9gant, ce carrelage bleu est une excellente option \u00e0 combiner avec des meubles aux lignes simples et aux couleurs neutres. Pour une ambiance plus audacieuse et originale, vous pouvez l&#8217;associer \u00e0 d&#8217;autres couleurs de la s\u00e9rie, comme le vert ou la terre, en cr\u00e9ant des contrastes int\u00e9ressants et dynamiques. Sa polyvalence en fait un choix id\u00e9al pour tout projet de r\u00e9novation ou de construction.   <\/p><p>La porcelaine \u00e9maill\u00e9e de ce carreau lui conf\u00e8re non seulement une grande durabilit\u00e9, mais aussi une grande facilit\u00e9 de nettoyage et d&#8217;entretien. De l&#8217;eau et un savon neutre suffisent pour qu&#8217;il reste impeccable pendant de nombreuses ann\u00e9es. Sa r\u00e9sistance aux produits chimiques le rend adapt\u00e9 aux environnements exigeants, tels que les cuisines et les salles de Bain. En outre, sa faible porosit\u00e9 emp\u00eache l&#8217;absorption de liquides et de taches, ce qui en fait une option hygi\u00e9nique et s\u00fbre pour toute la famille. Avec le carreau PURSUE BLUE MT 30X60 RECT, vous pouvez transformer vos espaces en environnements modernes et fonctionnels avec un style unique.    <\/p>","protected":false},"excerpt":{"rendered":"<p>PURSUE BLEU MT 30X60 RECTLe carreau PURSUE BLUE MT 30X60 RECT est un choix sophistiqu\u00e9 pour ceux qui recherchent une touche industrielle et moderne dans leurs espaces. Sa couleur bleue, subtilement teint\u00e9e de nuances de gris, \u00e9voque la solidit\u00e9 et la s\u00e9r\u00e9nit\u00e9 du ciment, tandis que sa finition mate offre une surface lisse et sans [&hellip;]<\/p>\n","protected":false},"featured_media":571281,"comment_status":"open","ping_status":"closed","template":"","meta":[],"product_brand":[],"product_cat":[353,355,356,354],"product_tag":[],"class_list":{"0":"post-571889","1":"product","2":"type-product","3":"status-publish","4":"has-post-thumbnail","6":"product_cat-carrelage","7":"product_cat-cuisines","8":"product_cat-faiences","9":"product_cat-carrelage-salle-de-bain","11":"first","12":"instock","13":"shipping-taxable","14":"purchasable","15":"product-type-simple"},"_links":{"self":[{"href":"https:\/\/tilefly.com\/fr\/wp-json\/wp\/v2\/product\/571889","targetHints":{"allow":["GET"]}}],"collection":[{"href":"https:\/\/tilefly.com\/fr\/wp-json\/wp\/v2\/product"}],"about":[{"href":"https:\/\/tilefly.com\/fr\/wp-json\/wp\/v2\/types\/product"}],"replies":[{"embeddable":true,"href":"https:\/\/tilefly.com\/fr\/wp-json\/wp\/v2\/comments?post=571889"}],"wp:featuredmedia":[{"embeddable":true,"href":"https:\/\/tilefly.com\/fr\/wp-json\/wp\/v2\/media\/571281"}],"wp:attachment":[{"href":"https:\/\/tilefly.com\/fr\/wp-json\/wp\/v2\/media?parent=571889"}],"wp:term":[{"taxonomy":"product_brand","embeddable":true,"href":"https:\/\/tilefly.com\/fr\/wp-json\/wp\/v2\/product_brand?post=571889"},{"taxonomy":"product_cat","embeddable":true,"href":"https:\/\/tilefly.com\/fr\/wp-json\/wp\/v2\/product_cat?post=571889"},{"taxonomy":"product_tag","embeddable":true,"href":"https:\/\/tilefly.com\/fr\/wp-json\/wp\/v2\/product_tag?post=571889"}],"curies":[{"name":"wp","href":"https:\/\/api.w.org\/{rel}","templated":true}]}}