{"id":571884,"date":"2025-04-02T16:24:47","date_gmt":"2025-04-02T14:24:47","guid":{"rendered":"https:\/\/tilefly.com\/producto\/pursue-greige-mt-30x60-rect\/"},"modified":"2025-04-03T15:02:36","modified_gmt":"2025-04-03T13:02:36","slug":"pursue-greige-mt-30x60-rect","status":"publish","type":"product","link":"https:\/\/tilefly.com\/fr\/produit\/pursue-greige-mt-30x60-rect\/","title":{"rendered":"PURSUE GREIGE MT 30X60 RECT"},"content":{"rendered":"<h2>PURSUE GREIGE MT 30X60 RECT<\/h2><p>D\u00e9couvrez l&#8217;\u00e9l\u00e9gance naturelle des Carreaux <a href=\"https:\/\/tilefly.com\/producto\/pursue\">PURSUE<\/a> Greige MT en format rectifi\u00e9 30&#215;60. Ce gr\u00e8s c\u00e9rame \u00e9maill\u00e9 mat, avec sa couleur gris beige sophistiqu\u00e9e, imite la texture et l&#8217;aspect du ciment, apportant une touche industrielle et moderne \u00e0 n&#8217;importe quel espace. Sa finition mate r\u00e9duit les reflets et offre une surface lisse et agr\u00e9able au toucher. Id\u00e9al pour les sols et les murs, ce carreau de porcelaine se distingue par sa durabilit\u00e9 et sa r\u00e9sistance \u00e0 l&#8217;usure, ce qui le rend parfait pour les zones \u00e0 fort trafic. Son design polyvalent s&#8217;adapte \u00e0 une grande vari\u00e9t\u00e9 de styles d\u00e9coratifs, des environnements minimalistes aux espaces plus rustiques.    <\/p><p>L&#8217;image du produit r\u00e9v\u00e8le un carlage \u00e0 la texture granuleuse subtile et aux variations de couleur qui \u00e9voquent la pierre calcaire douce. Les petits points plus fonc\u00e9s diss\u00e9min\u00e9s sur la surface ajoutent de la profondeur et une impression de naturel. L&#8217;absence de motifs marqu\u00e9s permet \u00e0 ce carreau de se fondre harmonieusement dans n&#8217;importe quel environnement, constituant une base neutre et \u00e9l\u00e9gante pour la d\u00e9coration.  <\/p><p>Le format rectifi\u00e9 de 30&#215;60 cm facilite une pose pr\u00e9cise et uniforme, en r\u00e9duisant les joints au minimum et en cr\u00e9ant un aspect continu et fluide. La couleur gris beige, chaude et accueillante, apporte lumi\u00e8re et espace aux espaces, tandis que l&#8217;imitation ciment apporte une touche de caract\u00e8re et d&#8217;authenticit\u00e9. Avec le carreau PURSUE Greige MT, transformez vos pi\u00e8ces en espaces uniques et \u00e9l\u00e9gants.  <\/p>","protected":false},"excerpt":{"rendered":"<p>PURSUE GREIGE MT 30X60 RECTD\u00e9couvrez l&#8217;\u00e9l\u00e9gance naturelle des Carreaux PURSUE Greige MT en format rectifi\u00e9 30&#215;60. Ce gr\u00e8s c\u00e9rame \u00e9maill\u00e9 mat, avec sa couleur gris beige sophistiqu\u00e9e, imite la texture et l&#8217;aspect du ciment, apportant une touche industrielle et moderne \u00e0 n&#8217;importe quel espace. Sa finition mate r\u00e9duit les reflets et offre une surface lisse [&hellip;]<\/p>\n","protected":false},"featured_media":571268,"comment_status":"open","ping_status":"closed","template":"","meta":[],"product_brand":[],"product_cat":[353,355,356,354],"product_tag":[],"class_list":{"0":"post-571884","1":"product","2":"type-product","3":"status-publish","4":"has-post-thumbnail","6":"product_cat-carrelage","7":"product_cat-cuisines","8":"product_cat-faiences","9":"product_cat-carrelage-salle-de-bain","11":"first","12":"instock","13":"shipping-taxable","14":"purchasable","15":"product-type-simple"},"_links":{"self":[{"href":"https:\/\/tilefly.com\/fr\/wp-json\/wp\/v2\/product\/571884","targetHints":{"allow":["GET"]}}],"collection":[{"href":"https:\/\/tilefly.com\/fr\/wp-json\/wp\/v2\/product"}],"about":[{"href":"https:\/\/tilefly.com\/fr\/wp-json\/wp\/v2\/types\/product"}],"replies":[{"embeddable":true,"href":"https:\/\/tilefly.com\/fr\/wp-json\/wp\/v2\/comments?post=571884"}],"wp:featuredmedia":[{"embeddable":true,"href":"https:\/\/tilefly.com\/fr\/wp-json\/wp\/v2\/media\/571268"}],"wp:attachment":[{"href":"https:\/\/tilefly.com\/fr\/wp-json\/wp\/v2\/media?parent=571884"}],"wp:term":[{"taxonomy":"product_brand","embeddable":true,"href":"https:\/\/tilefly.com\/fr\/wp-json\/wp\/v2\/product_brand?post=571884"},{"taxonomy":"product_cat","embeddable":true,"href":"https:\/\/tilefly.com\/fr\/wp-json\/wp\/v2\/product_cat?post=571884"},{"taxonomy":"product_tag","embeddable":true,"href":"https:\/\/tilefly.com\/fr\/wp-json\/wp\/v2\/product_tag?post=571884"}],"curies":[{"name":"wp","href":"https:\/\/api.w.org\/{rel}","templated":true}]}}