{"id":571863,"date":"2025-04-02T16:24:07","date_gmt":"2025-04-02T14:24:07","guid":{"rendered":"https:\/\/tilefly.com\/producto\/pursue-terre-mt-30x60-rect\/"},"modified":"2025-04-03T14:02:01","modified_gmt":"2025-04-03T12:02:01","slug":"pursue-terre-mt-30x60-rect","status":"publish","type":"product","link":"https:\/\/tilefly.com\/fr\/produit\/pursue-terre-mt-30x60-rect\/","title":{"rendered":"PURSUE TERRE MT 30X60 RECT"},"content":{"rendered":"<h2>PURSUE TERRE MT 30X60 RECT<\/h2><p>D\u00e9couvrez l&#8217;\u00e9l\u00e9gance naturelle de <a href=\"https:\/\/tilefly.com\/producto\/pursue\">PURSUE<\/a> TERRE MT 30X60 RECT, un gr\u00e8s c\u00e9rame qui red\u00e9finit l&#8217;esth\u00e9tique de vos espaces. Avec un format de 30&#215;60 cm et des bords rectifi\u00e9s, cette pi\u00e8ce offre une installation impeccable, id\u00e9ale pour ceux qui recherchent des lignes \u00e9pur\u00e9es et un aspect continu sur les sols et les murs. Sa finition mate, inspir\u00e9e de la beaut\u00e9 du ciment, apporte une touche de sophistication discr\u00e8te, parfaite pour les environnements modernes et minimalistes.    <\/p><p>Terre brown, un ton doux et terreux, \u00e9voque la chaleur de la nature, cr\u00e9ant des espaces confortables et relaxants. Les subtiles variations de ton et les inclusions plus sombres de sa surface imitent les veines et les imperfections de la pierre naturelle ou du ciment vieilli, ajoutant ainsi de la profondeur et de l&#8217;authenticit\u00e9 au design. Son mat\u00e9riau en gr\u00e8s c\u00e9rame garantit durabilit\u00e9 et r\u00e9sistance, ce qui le rend adapt\u00e9 aux zones \u00e0 fort trafic et aux zones humides.    <\/p><p>En plus de son esth\u00e9tique raffin\u00e9e, ce carrelage se distingue par sa polyvalence. Son format rectangulaire permet diff\u00e9rentes options de pose, s&#8217;adaptant ainsi \u00e0 diff\u00e9rents styles et besoins. Que ce soit dans les salons, les cuisines, les salles de bains ou les espaces ext\u00e9rieurs, <a href=\"https:\/\/tilefly.com\/producto\/pursue\">PURSUE<\/a> TERRE MT 30X60 RECT transformera vos environnements gr\u00e2ce \u00e0 son charme intemporel et \u00e0 sa qualit\u00e9 sup\u00e9rieure. Choisissez l&#8217;excellence dans chaque d\u00e9tail et cr\u00e9ez des espaces qui refl\u00e8tent votre bon go\u00fbt avec cette magnifique option de Fa\u00efence.   <\/p>","protected":false},"excerpt":{"rendered":"<p>PURSUE TERRE MT 30X60 RECTD\u00e9couvrez l&#8217;\u00e9l\u00e9gance naturelle de PURSUE TERRE MT 30X60 RECT, un gr\u00e8s c\u00e9rame qui red\u00e9finit l&#8217;esth\u00e9tique de vos espaces. Avec un format de 30&#215;60 cm et des bords rectifi\u00e9s, cette pi\u00e8ce offre une installation impeccable, id\u00e9ale pour ceux qui recherchent des lignes \u00e9pur\u00e9es et un aspect continu sur les sols et les [&hellip;]<\/p>\n","protected":false},"featured_media":571203,"comment_status":"open","ping_status":"closed","template":"","meta":[],"product_brand":[],"product_cat":[353,355,356,354],"product_tag":[],"class_list":{"0":"post-571863","1":"product","2":"type-product","3":"status-publish","4":"has-post-thumbnail","6":"product_cat-carrelage","7":"product_cat-cuisines","8":"product_cat-faiences","9":"product_cat-carrelage-salle-de-bain","11":"first","12":"instock","13":"shipping-taxable","14":"purchasable","15":"product-type-simple"},"_links":{"self":[{"href":"https:\/\/tilefly.com\/fr\/wp-json\/wp\/v2\/product\/571863","targetHints":{"allow":["GET"]}}],"collection":[{"href":"https:\/\/tilefly.com\/fr\/wp-json\/wp\/v2\/product"}],"about":[{"href":"https:\/\/tilefly.com\/fr\/wp-json\/wp\/v2\/types\/product"}],"replies":[{"embeddable":true,"href":"https:\/\/tilefly.com\/fr\/wp-json\/wp\/v2\/comments?post=571863"}],"wp:featuredmedia":[{"embeddable":true,"href":"https:\/\/tilefly.com\/fr\/wp-json\/wp\/v2\/media\/571203"}],"wp:attachment":[{"href":"https:\/\/tilefly.com\/fr\/wp-json\/wp\/v2\/media?parent=571863"}],"wp:term":[{"taxonomy":"product_brand","embeddable":true,"href":"https:\/\/tilefly.com\/fr\/wp-json\/wp\/v2\/product_brand?post=571863"},{"taxonomy":"product_cat","embeddable":true,"href":"https:\/\/tilefly.com\/fr\/wp-json\/wp\/v2\/product_cat?post=571863"},{"taxonomy":"product_tag","embeddable":true,"href":"https:\/\/tilefly.com\/fr\/wp-json\/wp\/v2\/product_tag?post=571863"}],"curies":[{"name":"wp","href":"https:\/\/api.w.org\/{rel}","templated":true}]}}