{"id":571856,"date":"2025-04-02T16:23:47","date_gmt":"2025-04-02T14:23:47","guid":{"rendered":"https:\/\/tilefly.com\/producto\/antid-pursue-greige-mt-60x60-rect\/"},"modified":"2025-04-03T14:01:20","modified_gmt":"2025-04-03T12:01:20","slug":"antid-pursue-greige-mt-60x60-rect","status":"publish","type":"product","link":"https:\/\/tilefly.com\/fr\/produit\/antid-pursue-greige-mt-60x60-rect\/","title":{"rendered":"ANTID PURSUE GREIGE MT 60X60 RECT"},"content":{"rendered":"<h2>ANTID PURSUE GREIGE MT 60X60 RECT<\/h2><p>D\u00e9couvrez l&#8217;\u00e9l\u00e9gance subtile et la polyvalence d&#8217;ANTID PURSUE GREIGE MT 60X60 RECT, une pi\u00e8ce qui red\u00e9finit l&#8217;esth\u00e9tique de vos espaces. Avec une couleur gris beige sophistiqu\u00e9e, ce carreau en gr\u00e8s c\u00e9rame \u00e9maill\u00e9 mat capture l&#8217;essence du ciment poli, offrant un aspect naturel et contemporain. Son format de 60&#215;60 cm, avec des bords rectifi\u00e9s, permet une installation pr\u00e9cise et minimaliste, r\u00e9duisant les joints au minimum pour une finition continue et harmonieuse.  <\/p><p>Fabriqu\u00e9 \u00e0 partir de porcelaine de haute qualit\u00e9, ce carreau ne se contente pas d&#8217;embellir, il offre \u00e9galement une durabilit\u00e9 exceptionnelle, id\u00e9ale pour les sols comme pour les murs. Sa finition mate offre une surface lisse et agr\u00e9able au toucher, tout en \u00e9vitant les reflets g\u00eanants, cr\u00e9ant ainsi des atmosph\u00e8res chaleureuses et agr\u00e9ables. La texture subtilement irr\u00e9guli\u00e8re de la surface imite l&#8217;imperfection contr\u00f4l\u00e9e du b\u00e9ton, ajoutant une touche d&#8217;authenticit\u00e9 et de caract\u00e8re \u00e0 n&#8217;importe quel espace.  <\/p><p>Parfait pour ceux qui recherchent un style moderne et minimaliste, le carrelage ANTID PURSUE GREIGE MT 60X60 RECT s&#8217;adapte \u00e0 un large \u00e9ventail de styles d\u00e9coratifs, des environnements industriels aux espaces plus chauds et rustiques. Son ton neutre et polyvalent permet de l&#8217;associer facilement \u00e0 d&#8217;autres mat\u00e9riaux et couleurs, vous permettant ainsi de cr\u00e9er des espaces uniques et personnalis\u00e9s. Explorez la collection compl\u00e8te et d\u00e9couvrez comment <a href=\"https:\/\/tilefly.com\/producto\/pursue\">PURSUE<\/a> peut transformer vos environnements gr\u00e2ce \u00e0 son design innovant et \u00e0 sa qualit\u00e9 sup\u00e9rieure.  <\/p>","protected":false},"excerpt":{"rendered":"<p>ANTID PURSUE GREIGE MT 60X60 RECTD\u00e9couvrez l&#8217;\u00e9l\u00e9gance subtile et la polyvalence d&#8217;ANTID PURSUE GREIGE MT 60X60 RECT, une pi\u00e8ce qui red\u00e9finit l&#8217;esth\u00e9tique de vos espaces. Avec une couleur gris beige sophistiqu\u00e9e, ce carreau en gr\u00e8s c\u00e9rame \u00e9maill\u00e9 mat capture l&#8217;essence du ciment poli, offrant un aspect naturel et contemporain. Son format de 60&#215;60 cm, avec [&hellip;]<\/p>\n","protected":false},"featured_media":571164,"comment_status":"open","ping_status":"closed","template":"","meta":[],"product_brand":[],"product_cat":[353,355,356,354],"product_tag":[],"class_list":{"0":"post-571856","1":"product","2":"type-product","3":"status-publish","4":"has-post-thumbnail","6":"product_cat-carrelage","7":"product_cat-cuisines","8":"product_cat-faiences","9":"product_cat-carrelage-salle-de-bain","11":"first","12":"instock","13":"shipping-taxable","14":"purchasable","15":"product-type-simple"},"_links":{"self":[{"href":"https:\/\/tilefly.com\/fr\/wp-json\/wp\/v2\/product\/571856","targetHints":{"allow":["GET"]}}],"collection":[{"href":"https:\/\/tilefly.com\/fr\/wp-json\/wp\/v2\/product"}],"about":[{"href":"https:\/\/tilefly.com\/fr\/wp-json\/wp\/v2\/types\/product"}],"replies":[{"embeddable":true,"href":"https:\/\/tilefly.com\/fr\/wp-json\/wp\/v2\/comments?post=571856"}],"wp:featuredmedia":[{"embeddable":true,"href":"https:\/\/tilefly.com\/fr\/wp-json\/wp\/v2\/media\/571164"}],"wp:attachment":[{"href":"https:\/\/tilefly.com\/fr\/wp-json\/wp\/v2\/media?parent=571856"}],"wp:term":[{"taxonomy":"product_brand","embeddable":true,"href":"https:\/\/tilefly.com\/fr\/wp-json\/wp\/v2\/product_brand?post=571856"},{"taxonomy":"product_cat","embeddable":true,"href":"https:\/\/tilefly.com\/fr\/wp-json\/wp\/v2\/product_cat?post=571856"},{"taxonomy":"product_tag","embeddable":true,"href":"https:\/\/tilefly.com\/fr\/wp-json\/wp\/v2\/product_tag?post=571856"}],"curies":[{"name":"wp","href":"https:\/\/api.w.org\/{rel}","templated":true}]}}