{"id":571848,"date":"2025-04-02T16:23:36","date_gmt":"2025-04-02T14:23:36","guid":{"rendered":"https:\/\/tilefly.com\/producto\/antid-pursue-dark-grey-mt-60x60-rect\/"},"modified":"2025-04-03T14:00:54","modified_gmt":"2025-04-03T12:00:54","slug":"antid-pursue-dark-grey-mt-60x60-rect","status":"publish","type":"product","link":"https:\/\/tilefly.com\/fr\/produit\/antid-pursue-dark-grey-mt-60x60-rect\/","title":{"rendered":"ANTID PURSUE DARK GREY MT 60X60 RECT"},"content":{"rendered":"<h2>ANTID PURSUE GRIS FONC\u00c9 MT 60X60 RECT<\/h2><p>Le Carrelage ANTID PURSUE DARK GREY MT 60X60 RECT, appartenant \u00e0 la s\u00e9rie ANTID, est un excellent choix pour ceux qui recherchent un style moderne et industriel. <a href=\"https:\/\/tilefly.com\/producto\/pursue\">PURSUE<\/a>La tuile ANTID DARK GREY MT 60X60 RECT, appartenant \u00e0 la s\u00e9rie ANTID, est un excellent choix pour ceux qui recherchent un style moderne et industriel. Sa couleur gris fonc\u00e9, associ\u00e9e \u00e0 une finition mate et \u00e0 une texture imitant le ciment, lui conf\u00e8re un aspect robuste et \u00e9l\u00e9gant.   <\/p><p>Ce carreau en gr\u00e8s c\u00e9rame \u00e9maill\u00e9 rectifi\u00e9 de 60&#215;60 cm est id\u00e9al aussi bien pour les sols que pour les murs. Son design pr\u00e9sente de subtiles variations de ton et de petites imperfections qui renforcent son caract\u00e8re naturel et rustique, \u00e9vitant les motifs r\u00e9p\u00e9titifs et cr\u00e9ant une surface visuellement attrayante.   <\/p><p>La dalle ANTID PURSUE DARK GREY MT 60X60 RECT est parfaite pour les environnements minimalistes, les lofts ou les espaces \u00e0 la recherche d&#8217;une touche contemporaine. Sa polyvalence en fait un bon choix pour tout projet de d\u00e9coration d&#8217;int\u00e9rieur qui privil\u00e9gie l&#8217;esth\u00e9tique industrielle et la durabilit\u00e9 du mat\u00e9riau. <\/p>","protected":false},"excerpt":{"rendered":"<p>ANTID PURSUE GRIS FONC\u00c9 MT 60X60 RECTLe Carrelage ANTID PURSUE DARK GREY MT 60X60 RECT, appartenant \u00e0 la s\u00e9rie ANTID, est un excellent choix pour ceux qui recherchent un style moderne et industriel. PURSUELa tuile ANTID DARK GREY MT 60X60 RECT, appartenant \u00e0 la s\u00e9rie ANTID, est un excellent choix pour ceux qui recherchent un [&hellip;]<\/p>\n","protected":false},"featured_media":571125,"comment_status":"open","ping_status":"closed","template":"","meta":[],"product_brand":[],"product_cat":[353,355,356,354],"product_tag":[],"class_list":{"0":"post-571848","1":"product","2":"type-product","3":"status-publish","4":"has-post-thumbnail","6":"product_cat-carrelage","7":"product_cat-cuisines","8":"product_cat-faiences","9":"product_cat-carrelage-salle-de-bain","11":"first","12":"instock","13":"shipping-taxable","14":"purchasable","15":"product-type-simple"},"_links":{"self":[{"href":"https:\/\/tilefly.com\/fr\/wp-json\/wp\/v2\/product\/571848","targetHints":{"allow":["GET"]}}],"collection":[{"href":"https:\/\/tilefly.com\/fr\/wp-json\/wp\/v2\/product"}],"about":[{"href":"https:\/\/tilefly.com\/fr\/wp-json\/wp\/v2\/types\/product"}],"replies":[{"embeddable":true,"href":"https:\/\/tilefly.com\/fr\/wp-json\/wp\/v2\/comments?post=571848"}],"wp:featuredmedia":[{"embeddable":true,"href":"https:\/\/tilefly.com\/fr\/wp-json\/wp\/v2\/media\/571125"}],"wp:attachment":[{"href":"https:\/\/tilefly.com\/fr\/wp-json\/wp\/v2\/media?parent=571848"}],"wp:term":[{"taxonomy":"product_brand","embeddable":true,"href":"https:\/\/tilefly.com\/fr\/wp-json\/wp\/v2\/product_brand?post=571848"},{"taxonomy":"product_cat","embeddable":true,"href":"https:\/\/tilefly.com\/fr\/wp-json\/wp\/v2\/product_cat?post=571848"},{"taxonomy":"product_tag","embeddable":true,"href":"https:\/\/tilefly.com\/fr\/wp-json\/wp\/v2\/product_tag?post=571848"}],"curies":[{"name":"wp","href":"https:\/\/api.w.org\/{rel}","templated":true}]}}