{"id":571842,"date":"2025-04-02T16:23:33","date_gmt":"2025-04-02T14:23:33","guid":{"rendered":"https:\/\/tilefly.com\/producto\/pursue-green-mt-60x60-rect\/"},"modified":"2025-04-03T14:00:49","modified_gmt":"2025-04-03T12:00:49","slug":"pursue-green-mt-60x60-rect","status":"publish","type":"product","link":"https:\/\/tilefly.com\/fr\/produit\/pursue-green-mt-60x60-rect\/","title":{"rendered":"PURSUE GREEN MT 60X60 RECT"},"content":{"rendered":"<h2>PURSUE VERT MT 60X60 RECT<\/h2><p>D\u00e9couvrez l&#8217;\u00e9l\u00e9gance subtile et la robustesse de <b>PURSUE GREEN MT 60X60 RECT<\/b>, un carreau de porcelaine qui red\u00e9finit les espaces gr\u00e2ce \u00e0 son esth\u00e9tique inspir\u00e9e du ciment. Ce carreau, vert dans une nuance gris\u00e2tre neutre, offre une surface lisse avec de l\u00e9g\u00e8res imperfections qui \u00e9voquent l&#8217;authenticit\u00e9 du ciment, s&#8217;int\u00e9grant parfaitement dans les environnements modernes et industriels. <\/p><p>Avec un format de 60&#215;60 cm et une finition mate, ce carreau de porcelaine rectifi\u00e9 est non seulement visuellement attrayant, mais aussi tr\u00e8s fonctionnel. Son design semblable \u00e0 celui du ciment apporte une touche de sophistication discr\u00e8te \u00e0 n&#8217;importe quel sol ou mur, tandis que son mat\u00e9riau en gr\u00e8s c\u00e9rame garantit sa durabilit\u00e9 et sa r\u00e9sistance \u00e0 l&#8217;usure. Les bords rectifi\u00e9s permettent une installation avec un minimum de joints, cr\u00e9ant une surface continue et uniforme qui agrandit visuellement l&#8217;espace.  <\/p><p>Le <b>PURSUE GREEN MT 60X60 RECT<\/b> est id\u00e9al pour ceux qui recherchent un \u00e9quilibre entre le style contemporain et la praticit\u00e9. Sa polyvalence en fait un choix parfait pour les projets r\u00e9sidentiels et commerciaux, ajoutant une touche de distinction et de minimalisme. Pour d\u00e9couvrir d&#8217;autres options et formats de cette s\u00e9rie polyvalente, nous vous invitons \u00e0 visiter le site <a href=\"https:\/\/tilefly.com\/fr\/produit\/pursue\/\">PURSUE<\/a>.  <\/p>","protected":false},"excerpt":{"rendered":"<p>PURSUE VERT MT 60X60 RECTD\u00e9couvrez l&#8217;\u00e9l\u00e9gance subtile et la robustesse de PURSUE GREEN MT 60X60 RECT, un carreau de porcelaine qui red\u00e9finit les espaces gr\u00e2ce \u00e0 son esth\u00e9tique inspir\u00e9e du ciment. Ce carreau, vert dans une nuance gris\u00e2tre neutre, offre une surface lisse avec de l\u00e9g\u00e8res imperfections qui \u00e9voquent l&#8217;authenticit\u00e9 du ciment, s&#8217;int\u00e9grant parfaitement dans [&hellip;]<\/p>\n","protected":false},"featured_media":571112,"comment_status":"open","ping_status":"closed","template":"","meta":[],"product_brand":[],"product_cat":[353,355,356,354],"product_tag":[],"class_list":{"0":"post-571842","1":"product","2":"type-product","3":"status-publish","4":"has-post-thumbnail","6":"product_cat-carrelage","7":"product_cat-cuisines","8":"product_cat-faiences","9":"product_cat-carrelage-salle-de-bain","11":"first","12":"instock","13":"shipping-taxable","14":"purchasable","15":"product-type-simple"},"_links":{"self":[{"href":"https:\/\/tilefly.com\/fr\/wp-json\/wp\/v2\/product\/571842","targetHints":{"allow":["GET"]}}],"collection":[{"href":"https:\/\/tilefly.com\/fr\/wp-json\/wp\/v2\/product"}],"about":[{"href":"https:\/\/tilefly.com\/fr\/wp-json\/wp\/v2\/types\/product"}],"replies":[{"embeddable":true,"href":"https:\/\/tilefly.com\/fr\/wp-json\/wp\/v2\/comments?post=571842"}],"wp:featuredmedia":[{"embeddable":true,"href":"https:\/\/tilefly.com\/fr\/wp-json\/wp\/v2\/media\/571112"}],"wp:attachment":[{"href":"https:\/\/tilefly.com\/fr\/wp-json\/wp\/v2\/media?parent=571842"}],"wp:term":[{"taxonomy":"product_brand","embeddable":true,"href":"https:\/\/tilefly.com\/fr\/wp-json\/wp\/v2\/product_brand?post=571842"},{"taxonomy":"product_cat","embeddable":true,"href":"https:\/\/tilefly.com\/fr\/wp-json\/wp\/v2\/product_cat?post=571842"},{"taxonomy":"product_tag","embeddable":true,"href":"https:\/\/tilefly.com\/fr\/wp-json\/wp\/v2\/product_tag?post=571842"}],"curies":[{"name":"wp","href":"https:\/\/api.w.org\/{rel}","templated":true}]}}