{"id":571839,"date":"2025-04-02T16:23:27","date_gmt":"2025-04-02T14:23:27","guid":{"rendered":"https:\/\/tilefly.com\/producto\/antid-pursue-pearl-mt-60x60-rect\/"},"modified":"2025-04-03T14:00:31","modified_gmt":"2025-04-03T12:00:31","slug":"antid-pursue-pearl-mt-60x60-rect","status":"publish","type":"product","link":"https:\/\/tilefly.com\/fr\/produit\/antid-pursue-pearl-mt-60x60-rect\/","title":{"rendered":"ANTID PURSUE PEARL MT 60X60 RECT"},"content":{"rendered":"<h2>ANTID PURSUE PEARL MT 60X60 RECT<\/h2><p>D\u00e9couvrez une \u00e9l\u00e9gance subtile avec le carrelage ANTID PURSUE PEARL MT 60X60 RECT, une pi\u00e8ce qui red\u00e9finit l&#8217;esth\u00e9tique de vos espaces. Sa couleur perle, un beige clair presque blanc cass\u00e9, apporte de la luminosit\u00e9 et de l&#8217;espace \u00e0 n&#8217;importe quel environnement. Le format 60&#215;60 cm, rectifi\u00e9, garantit une pose pr\u00e9cise et uniforme, cr\u00e9ant des surfaces continues avec un minimum de joints. R\u00e9alis\u00e9 en gr\u00e8s c\u00e9rame \u00e9maill\u00e9 mat, ce carreau offre non seulement une beaut\u00e9 discr\u00e8te mais aussi une durabilit\u00e9 exceptionnelle, id\u00e9ale aussi bien pour les sols que pour les murs. Son imitation de ciment ajoute une touche industrielle et moderne, parfaite pour les styles contemporains et minimalistes. La finition mate offre une surface antid\u00e9rapante et facile \u00e0 entretenir, alliant fonctionnalit\u00e9 et design.     <\/p><p>ANTID PURSUE PEARL MT 60X60 RECT Les l\u00e9g\u00e8res variations de ton et les veines subtiles du Carrelage imitent la beaut\u00e9 naturelle de la pierre, ajoutant de la profondeur et du caract\u00e8re \u00e0 vos espaces. Sa polyvalence en fait le choix id\u00e9al pour une large gamme d&#8217;applications, des salons et chambres \u00e0 coucher aux cuisines et salles de Bain. Transformez vos environnements avec la s\u00e9r\u00e9nit\u00e9 et le style intemporel qu&#8217;offre ce carrelage.    <\/p><p>Explorez la collection compl\u00e8te et d\u00e9couvrez comment la s\u00e9rie peut inspirer vos projets de design. <a href=\"https:\/\/tilefly.com\/producto\/pursue\">PURSUE<\/a> peut inspirer vos projets de design.<\/p>","protected":false},"excerpt":{"rendered":"<p>ANTID PURSUE PEARL MT 60X60 RECTD\u00e9couvrez une \u00e9l\u00e9gance subtile avec le carrelage ANTID PURSUE PEARL MT 60X60 RECT, une pi\u00e8ce qui red\u00e9finit l&#8217;esth\u00e9tique de vos espaces. Sa couleur perle, un beige clair presque blanc cass\u00e9, apporte de la luminosit\u00e9 et de l&#8217;espace \u00e0 n&#8217;importe quel environnement. Le format 60&#215;60 cm, rectifi\u00e9, garantit une pose pr\u00e9cise [&hellip;]<\/p>\n","protected":false},"featured_media":571086,"comment_status":"open","ping_status":"closed","template":"","meta":[],"product_brand":[],"product_cat":[353,355,356,354],"product_tag":[],"class_list":{"0":"post-571839","1":"product","2":"type-product","3":"status-publish","4":"has-post-thumbnail","6":"product_cat-carrelage","7":"product_cat-cuisines","8":"product_cat-faiences","9":"product_cat-carrelage-salle-de-bain","11":"first","12":"instock","13":"shipping-taxable","14":"purchasable","15":"product-type-simple"},"_links":{"self":[{"href":"https:\/\/tilefly.com\/fr\/wp-json\/wp\/v2\/product\/571839","targetHints":{"allow":["GET"]}}],"collection":[{"href":"https:\/\/tilefly.com\/fr\/wp-json\/wp\/v2\/product"}],"about":[{"href":"https:\/\/tilefly.com\/fr\/wp-json\/wp\/v2\/types\/product"}],"replies":[{"embeddable":true,"href":"https:\/\/tilefly.com\/fr\/wp-json\/wp\/v2\/comments?post=571839"}],"wp:featuredmedia":[{"embeddable":true,"href":"https:\/\/tilefly.com\/fr\/wp-json\/wp\/v2\/media\/571086"}],"wp:attachment":[{"href":"https:\/\/tilefly.com\/fr\/wp-json\/wp\/v2\/media?parent=571839"}],"wp:term":[{"taxonomy":"product_brand","embeddable":true,"href":"https:\/\/tilefly.com\/fr\/wp-json\/wp\/v2\/product_brand?post=571839"},{"taxonomy":"product_cat","embeddable":true,"href":"https:\/\/tilefly.com\/fr\/wp-json\/wp\/v2\/product_cat?post=571839"},{"taxonomy":"product_tag","embeddable":true,"href":"https:\/\/tilefly.com\/fr\/wp-json\/wp\/v2\/product_tag?post=571839"}],"curies":[{"name":"wp","href":"https:\/\/api.w.org\/{rel}","templated":true}]}}