{"id":571836,"date":"2025-04-02T16:23:30","date_gmt":"2025-04-02T14:23:30","guid":{"rendered":"https:\/\/tilefly.com\/producto\/pursue-pearl-mt-60x60-rect\/"},"modified":"2025-04-03T14:00:28","modified_gmt":"2025-04-03T12:00:28","slug":"pursue-pearl-mt-60x60-rect","status":"publish","type":"product","link":"https:\/\/tilefly.com\/fr\/produit\/pursue-pearl-mt-60x60-rect\/","title":{"rendered":"PURSUE PEARL MT 60X60 RECT"},"content":{"rendered":"<h2>PURSUE PERLE MT 60X60 RECT<\/h2><p>D\u00e9couvrez l&#8217;\u00e9l\u00e9gance subtile et la polyvalence de <b>PURSUE PEARL MT 60X60 RECT<\/b>. Ce gr\u00e8s c\u00e9rame, avec sa d\u00e9licate couleur perle et sa finition mate, capture l&#8217;essence du ciment poli, apportant une touche de sophistication discr\u00e8te \u00e0 n&#8217;importe quel espace. Son format de 60&#215;60 cm, rectifi\u00e9 pour une pose impeccable, permet de cr\u00e9er des environnements spacieux et uniformes, o\u00f9 la continuit\u00e9 visuelle est essentielle.  <\/p><p>Fabriqu\u00e9 avec des mat\u00e9riaux de premi\u00e8re qualit\u00e9, ce gr\u00e8s c\u00e9rame garantit une durabilit\u00e9 exceptionnelle et une r\u00e9sistance sup\u00e9rieure \u00e0 l&#8217;usure, ce qui en fait un choix id\u00e9al pour les sols et les murs. Sa surface mate, en plus d&#8217;\u00eatre visuellement attrayante, offre une plus grande s\u00e9curit\u00e9 car elle est antid\u00e9rapante. <\/p><p>Le design imitation ciment de <b>PURSUE PEARL MT 60X60 RECT<\/b> pr\u00e9sente de subtiles variations de couleur et de texture qui simulent les imperfections naturelles du ciment, ajoutant ainsi de la profondeur et du caract\u00e8re \u00e0 chaque pi\u00e8ce. Son ton neutre et lumineux, proche du blanc cass\u00e9 ou du beige clair, s&#8217;int\u00e8gre facilement \u00e0 tous les styles de d\u00e9coration, des environnements industriels et minimalistes aux espaces plus chauds et chaleureux. <\/p><p>Si vous \u00eates \u00e0 la recherche d&#8217;un carreau qui allie esth\u00e9tique, fonctionnalit\u00e9 et durabilit\u00e9, le <b>PURSUE PEARL MT 60X60 RECT<\/b> est le choix id\u00e9al. Son design intemporel et sa polyvalence en font un investissement s\u00fbr pour transformer n&#8217;importe quel espace en un environnement \u00e9l\u00e9gant et confortable. Explorez la collection compl\u00e8te et d\u00e9couvrez toutes les possibilit\u00e9s offertes par la s\u00e9rie. <a href=\"https:\/\/tilefly.com\/fr\/produit\/pursue\/\">PURSUE<\/a>.  <\/p>","protected":false},"excerpt":{"rendered":"<p>PURSUE PERLE MT 60X60 RECTD\u00e9couvrez l&#8217;\u00e9l\u00e9gance subtile et la polyvalence de PURSUE PEARL MT 60X60 RECT. Ce gr\u00e8s c\u00e9rame, avec sa d\u00e9licate couleur perle et sa finition mate, capture l&#8217;essence du ciment poli, apportant une touche de sophistication discr\u00e8te \u00e0 n&#8217;importe quel espace. Son format de 60&#215;60 cm, rectifi\u00e9 pour une pose impeccable, permet de [&hellip;]<\/p>\n","protected":false},"featured_media":571099,"comment_status":"open","ping_status":"closed","template":"","meta":[],"product_brand":[],"product_cat":[353,355,356,354],"product_tag":[],"class_list":{"0":"post-571836","1":"product","2":"type-product","3":"status-publish","4":"has-post-thumbnail","6":"product_cat-carrelage","7":"product_cat-cuisines","8":"product_cat-faiences","9":"product_cat-carrelage-salle-de-bain","11":"first","12":"instock","13":"shipping-taxable","14":"purchasable","15":"product-type-simple"},"_links":{"self":[{"href":"https:\/\/tilefly.com\/fr\/wp-json\/wp\/v2\/product\/571836","targetHints":{"allow":["GET"]}}],"collection":[{"href":"https:\/\/tilefly.com\/fr\/wp-json\/wp\/v2\/product"}],"about":[{"href":"https:\/\/tilefly.com\/fr\/wp-json\/wp\/v2\/types\/product"}],"replies":[{"embeddable":true,"href":"https:\/\/tilefly.com\/fr\/wp-json\/wp\/v2\/comments?post=571836"}],"wp:featuredmedia":[{"embeddable":true,"href":"https:\/\/tilefly.com\/fr\/wp-json\/wp\/v2\/media\/571099"}],"wp:attachment":[{"href":"https:\/\/tilefly.com\/fr\/wp-json\/wp\/v2\/media?parent=571836"}],"wp:term":[{"taxonomy":"product_brand","embeddable":true,"href":"https:\/\/tilefly.com\/fr\/wp-json\/wp\/v2\/product_brand?post=571836"},{"taxonomy":"product_cat","embeddable":true,"href":"https:\/\/tilefly.com\/fr\/wp-json\/wp\/v2\/product_cat?post=571836"},{"taxonomy":"product_tag","embeddable":true,"href":"https:\/\/tilefly.com\/fr\/wp-json\/wp\/v2\/product_tag?post=571836"}],"curies":[{"name":"wp","href":"https:\/\/api.w.org\/{rel}","templated":true}]}}