{"id":570762,"date":"2024-11-07T02:36:23","date_gmt":"2024-11-07T01:36:23","guid":{"rendered":"https:\/\/tilefly.com\/producto\/acquarella-white-75x30\/"},"modified":"2025-03-19T16:47:13","modified_gmt":"2025-03-19T15:47:13","slug":"acquarella-white-75x30","status":"publish","type":"product","link":"https:\/\/tilefly.com\/fr\/produit\/acquarella-white-75x30\/","title":{"rendered":"ACQUARELLA WHITE 7,5X30"},"content":{"rendered":"<h2><strong>ACQUARELLA WHITE 7,5X30<\/strong><\/h2><p>Le carreau Acquarella White 7,5&#215;30 allie la puret\u00e9 du blanc \u00e0 la chaleur de la c\u00e9ramique en p\u00e2te blanche. Sa finition mate met en valeur la texture naturelle de la s\u00e9rie, qui rend hommage \u00e0 la tradition artisanale. Parfaite pour ceux qui recherchent une touche contemporaine dans leurs projets, son format compact permet de multiples configurations, offrant polyvalence et \u00e9l\u00e9gance dans n&#8217;importe quel espace.  <\/p>","protected":false},"excerpt":{"rendered":"<p>ACQUARELLA WHITE 7,5X30Le carreau Acquarella White 7,5&#215;30 allie la puret\u00e9 du blanc \u00e0 la chaleur de la c\u00e9ramique en p\u00e2te blanche. Sa finition mate met en valeur la texture naturelle de la s\u00e9rie, qui rend hommage \u00e0 la tradition artisanale. Parfaite pour ceux qui recherchent une touche contemporaine dans leurs projets, son format compact permet [&hellip;]<\/p>\n","protected":false},"featured_media":540076,"comment_status":"open","ping_status":"closed","template":"","meta":[],"product_brand":[],"product_cat":[354,355,356],"product_tag":[],"class_list":{"0":"post-570762","1":"product","2":"type-product","3":"status-publish","4":"has-post-thumbnail","6":"product_cat-carrelage-salle-de-bain","7":"product_cat-cuisines","8":"product_cat-faiences","10":"first","11":"instock","12":"shipping-taxable","13":"purchasable","14":"product-type-simple"},"_links":{"self":[{"href":"https:\/\/tilefly.com\/fr\/wp-json\/wp\/v2\/product\/570762","targetHints":{"allow":["GET"]}}],"collection":[{"href":"https:\/\/tilefly.com\/fr\/wp-json\/wp\/v2\/product"}],"about":[{"href":"https:\/\/tilefly.com\/fr\/wp-json\/wp\/v2\/types\/product"}],"replies":[{"embeddable":true,"href":"https:\/\/tilefly.com\/fr\/wp-json\/wp\/v2\/comments?post=570762"}],"wp:featuredmedia":[{"embeddable":true,"href":"https:\/\/tilefly.com\/fr\/wp-json\/wp\/v2\/media\/540076"}],"wp:attachment":[{"href":"https:\/\/tilefly.com\/fr\/wp-json\/wp\/v2\/media?parent=570762"}],"wp:term":[{"taxonomy":"product_brand","embeddable":true,"href":"https:\/\/tilefly.com\/fr\/wp-json\/wp\/v2\/product_brand?post=570762"},{"taxonomy":"product_cat","embeddable":true,"href":"https:\/\/tilefly.com\/fr\/wp-json\/wp\/v2\/product_cat?post=570762"},{"taxonomy":"product_tag","embeddable":true,"href":"https:\/\/tilefly.com\/fr\/wp-json\/wp\/v2\/product_tag?post=570762"}],"curies":[{"name":"wp","href":"https:\/\/api.w.org\/{rel}","templated":true}]}}