{"id":570662,"date":"2025-03-11T20:27:07","date_gmt":"2025-03-17T20:33:45","guid":{"rendered":"https:\/\/tilefly.com\/producto\/arenite\/"},"modified":"2025-03-17T21:33:45","modified_gmt":"2025-03-17T20:33:45","slug":"arenite","status":"publish","type":"product","link":"https:\/\/tilefly.com\/fr\/produit\/arenite\/","title":{"rendered":"ARENITE"},"content":{"rendered":"<p>La tuile Arenite pr\u00e9sente un aspect imitant la pierre naturelle, avec une texture douce et des nuances qui apportent chaleur et naturel \u00e0 l&#8217;espace. Son design offre un aspect contemporain et \u00e9l\u00e9gant, adapt\u00e9 aux environnements modernes et minimalistes. Dans certains cas, elle ressemble \u00e9galement au ciment.<br \/>Le carrelage Arenite est une excellente option pour ceux qui recherchent un rev\u00eatement polyvalent, durable et au design naturel et \u00e9l\u00e9gant. Son aspect pierreux ou ciment\u00e9 et ses tons neutres en font une base parfaite pour cr\u00e9er des ambiances chaleureuses et sophistiqu\u00e9es.   <\/p>","protected":false},"excerpt":{"rendered":"<p>La tuile Arenite pr\u00e9sente un aspect imitant la pierre naturelle, avec une texture douce et des nuances qui apportent chaleur et naturel \u00e0 l&#8217;espace. Son design offre un aspect contemporain et \u00e9l\u00e9gant, adapt\u00e9 aux environnements modernes et minimalistes. Dans certains cas, elle ressemble \u00e9galement au ciment.Le carrelage Arenite est une excellente option pour ceux qui [&hellip;]<\/p>\n","protected":false},"featured_media":570298,"comment_status":"closed","ping_status":"closed","template":"","meta":[],"product_brand":[],"product_cat":[353,355,356,354,357],"product_tag":[],"class_list":{"0":"post-570662","1":"product","2":"type-product","3":"status-publish","4":"has-post-thumbnail","6":"product_cat-carrelage","7":"product_cat-cuisines","8":"product_cat-faiences","9":"product_cat-carrelage-salle-de-bain","10":"product_cat-carrelage-salon","12":"first","13":"instock","14":"shipping-taxable","15":"product-type-grouped"},"_links":{"self":[{"href":"https:\/\/tilefly.com\/fr\/wp-json\/wp\/v2\/product\/570662","targetHints":{"allow":["GET"]}}],"collection":[{"href":"https:\/\/tilefly.com\/fr\/wp-json\/wp\/v2\/product"}],"about":[{"href":"https:\/\/tilefly.com\/fr\/wp-json\/wp\/v2\/types\/product"}],"replies":[{"embeddable":true,"href":"https:\/\/tilefly.com\/fr\/wp-json\/wp\/v2\/comments?post=570662"}],"wp:featuredmedia":[{"embeddable":true,"href":"https:\/\/tilefly.com\/fr\/wp-json\/wp\/v2\/media\/570298"}],"wp:attachment":[{"href":"https:\/\/tilefly.com\/fr\/wp-json\/wp\/v2\/media?parent=570662"}],"wp:term":[{"taxonomy":"product_brand","embeddable":true,"href":"https:\/\/tilefly.com\/fr\/wp-json\/wp\/v2\/product_brand?post=570662"},{"taxonomy":"product_cat","embeddable":true,"href":"https:\/\/tilefly.com\/fr\/wp-json\/wp\/v2\/product_cat?post=570662"},{"taxonomy":"product_tag","embeddable":true,"href":"https:\/\/tilefly.com\/fr\/wp-json\/wp\/v2\/product_tag?post=570662"}],"curies":[{"name":"wp","href":"https:\/\/api.w.org\/{rel}","templated":true}]}}