{"id":570659,"date":"2025-03-11T20:18:39","date_gmt":"2025-03-11T19:18:39","guid":{"rendered":"https:\/\/tilefly.com\/producto\/antid-plus-arenite-dark-grey-mt-60x90-rect-20mm\/"},"modified":"2025-03-17T21:33:43","modified_gmt":"2025-03-17T20:33:43","slug":"antid-plus-arenite-dark-grey-mt-60x90-rect-20mm","status":"publish","type":"product","link":"https:\/\/tilefly.com\/fr\/produit\/antid-plus-arenite-dark-grey-mt-60x90-rect-20mm\/","title":{"rendered":"ANTID PLUS ARENITE DARK GREY MT 60X90 RECT (20MM)"},"content":{"rendered":"<h2>ANTID PLUS ARENITE DARK GREY MT 60X90 RECT (20MM)<\/h2><p>D\u00e9couvrez l&#8217;\u00e9l\u00e9gance robuste de la dalle ANTID PLUS ARENITE DARK GREY MT 60X90 RECT (20MM), une pi\u00e8ce qui red\u00e9finit les espaces par sa pr\u00e9sence imposante. Cette dalle, au format 60&#215;90 centim\u00e8tres, pr\u00e9sente une couleur sophistiqu\u00e9e gris fonc\u00e9 qui \u00e9voque la s\u00e9r\u00e9nit\u00e9 de la pierre naturelle et la sobri\u00e9t\u00e9 du ciment poli. Sa finition mate lui conf\u00e8re non seulement un toucher agr\u00e9able et doux, mais r\u00e9duit \u00e9galement les reflets, cr\u00e9ant des ambiances plus chaleureuses et accueillantes. La rectification de ses bords assure une installation impeccable, avec des joints minimaux qui renforcent la continuit\u00e9 visuelle et facilitent le nettoyage. Fabriqu\u00e9e en porcelaine, cette dalle se distingue par sa durabilit\u00e9 et sa r\u00e9sistance, ce qui en fait une option id\u00e9ale pour les sols comme pour les murs, \u00e0 l&#8217;int\u00e9rieur comme \u00e0 l&#8217;ext\u00e9rieur. Son design polyvalent s&#8217;adapte \u00e0 diff\u00e9rents styles de d\u00e9coration, des plus modernes et minimalistes aux plus rustiques et industriels.     <\/p><p>La texture rugueuse et uniforme de cette tuile ajoute de la profondeur et du caract\u00e8re \u00e0 n&#8217;importe quel environnement. Les subtiles variations de tons sur sa surface imitent fid\u00e8lement l&#8217;aspect de la pierre naturelle, apportant une touche d&#8217;authenticit\u00e9 et de distinction. Sa r\u00e9sistance \u00e0 l&#8217;usure et aux conditions climatiques la rend parfaite pour les zones \u00e0 fort trafic et les espaces ext\u00e9rieurs. De plus, leur facilit\u00e9 d&#8217;entretien garantit une beaut\u00e9 durable au fil du temps. Si vous recherchez un rev\u00eatement alliant esth\u00e9tique et fonctionnalit\u00e9, le carrelage ANTID PLUS ARENITE DARK GREY MT 60X90 RECT (20MM) est le choix id\u00e9al. Explorez la collection compl\u00e8te <a href=\"https:\/\/tilefly.com\/producto\/arenite\">ARENITE<\/a> et trouvez l&#8217;inspiration dont vous avez besoin pour transformer vos espaces.     <\/p>","protected":false},"excerpt":{"rendered":"<p>ANTID PLUS ARENITE DARK GREY MT 60X90 RECT (20MM)D\u00e9couvrez l&#8217;\u00e9l\u00e9gance robuste de la dalle ANTID PLUS ARENITE DARK GREY MT 60X90 RECT (20MM), une pi\u00e8ce qui red\u00e9finit les espaces par sa pr\u00e9sence imposante. Cette dalle, au format 60&#215;90 centim\u00e8tres, pr\u00e9sente une couleur sophistiqu\u00e9e gris fonc\u00e9 qui \u00e9voque la s\u00e9r\u00e9nit\u00e9 de la pierre naturelle et la [&hellip;]<\/p>\n","protected":false},"featured_media":570513,"comment_status":"open","ping_status":"closed","template":"","meta":[],"product_brand":[],"product_cat":[353],"product_tag":[],"class_list":{"0":"post-570659","1":"product","2":"type-product","3":"status-publish","4":"has-post-thumbnail","6":"product_cat-carrelage","8":"first","9":"instock","10":"shipping-taxable","11":"purchasable","12":"product-type-simple"},"_links":{"self":[{"href":"https:\/\/tilefly.com\/fr\/wp-json\/wp\/v2\/product\/570659","targetHints":{"allow":["GET"]}}],"collection":[{"href":"https:\/\/tilefly.com\/fr\/wp-json\/wp\/v2\/product"}],"about":[{"href":"https:\/\/tilefly.com\/fr\/wp-json\/wp\/v2\/types\/product"}],"replies":[{"embeddable":true,"href":"https:\/\/tilefly.com\/fr\/wp-json\/wp\/v2\/comments?post=570659"}],"wp:featuredmedia":[{"embeddable":true,"href":"https:\/\/tilefly.com\/fr\/wp-json\/wp\/v2\/media\/570513"}],"wp:attachment":[{"href":"https:\/\/tilefly.com\/fr\/wp-json\/wp\/v2\/media?parent=570659"}],"wp:term":[{"taxonomy":"product_brand","embeddable":true,"href":"https:\/\/tilefly.com\/fr\/wp-json\/wp\/v2\/product_brand?post=570659"},{"taxonomy":"product_cat","embeddable":true,"href":"https:\/\/tilefly.com\/fr\/wp-json\/wp\/v2\/product_cat?post=570659"},{"taxonomy":"product_tag","embeddable":true,"href":"https:\/\/tilefly.com\/fr\/wp-json\/wp\/v2\/product_tag?post=570659"}],"curies":[{"name":"wp","href":"https:\/\/api.w.org\/{rel}","templated":true}]}}