{"id":570658,"date":"2025-03-11T20:18:34","date_gmt":"2025-03-11T19:18:34","guid":{"rendered":"https:\/\/tilefly.com\/producto\/antid-plus-arenite-grey-mt-60x90-rect-20mm\/"},"modified":"2025-03-17T21:33:41","modified_gmt":"2025-03-17T20:33:41","slug":"antid-plus-arenite-grey-mt-60x90-rect-20mm","status":"publish","type":"product","link":"https:\/\/tilefly.com\/fr\/produit\/antid-plus-arenite-grey-mt-60x90-rect-20mm\/","title":{"rendered":"ANTID PLUS ARENITE GREY MT 60X90 RECT (20MM)"},"content":{"rendered":"<h2>ANTID PLUS ARENITE GREY MT 60X90 RECT (20MM)<\/h2><p>D\u00e9couvrez l&#8217;\u00e9l\u00e9gance subtile et la r\u00e9sistance sup\u00e9rieure avec le carrelage ANTID PLUS ARENITE GREY MT 60X90 RECT (20MM). Cette pi\u00e8ce, inspir\u00e9e par la beaut\u00e9 naturelle de la pierre et la sobri\u00e9t\u00e9 du ciment, red\u00e9finit le concept de design moderne. Sa teinte grise neutre, sans stridence, offre une base polyvalente pour n&#8217;importe quel environnement, permettant aux autres \u00e9l\u00e9ments d\u00e9coratifs de se d\u00e9marquer harmonieusement. La texture rugueuse et mate de cette dalle <a href=\"https:\/\/tilefly.com\/producto\/arenite\">ARENITE<\/a> est non seulement agr\u00e9able au toucher, mais elle offre \u00e9galement une bonne adh\u00e9rence, id\u00e9ale pour les espaces qui exigent fonctionnalit\u00e9 et style.    <\/p><p>Fabriqu\u00e9e en porcelaine \u00e9maill\u00e9e, cette dalle garantit durabilit\u00e9 et r\u00e9sistance \u00e0 l&#8217;usure, ce qui en fait un investissement \u00e0 long terme pour votre maison ou votre projet. Son format de 60 x 90 centim\u00e8tres, associ\u00e9 \u00e0 des bords rectifi\u00e9s, facilite une installation pr\u00e9cise et uniforme, en minimisant les joints et en cr\u00e9ant une surface continue et visuellement attrayante. Que ce soit pour recouvrir des sols ou des murs, \u00e0 l&#8217;int\u00e9rieur ou \u00e0 l&#8217;ext\u00e9rieur, cette dalle s&#8217;adapte \u00e0 vos besoins, apportant une touche de sophistication et de chaleur \u00e0 n&#8217;importe quel espace. Son esth\u00e9tique minimaliste la rend parfaite pour les styles contemporains, o\u00f9 la simplicit\u00e9 et la qualit\u00e9 sont essentielles.    <\/p><p>Imaginez un salon avec un sol recouvert de ces carreaux, o\u00f9 la lumi\u00e8re naturelle se refl\u00e8te doucement sur leur surface, cr\u00e9ant une atmosph\u00e8re chaleureuse et relaxante. Ou peut-\u00eatre une terrasse o\u00f9 la r\u00e9sistance et le design se combinent pour vous offrir un espace fonctionnel et esth\u00e9tiquement impeccable. Avec le carrelage ANTID PLUS ARENITE GREY MT 60X90 RECT (20MM), les possibilit\u00e9s sont infinies. Osez transformer vos espaces avec cette pi\u00e8ce unique, qui allie beaut\u00e9 naturelle et innovation technologique.   <\/p>","protected":false},"excerpt":{"rendered":"<p>ANTID PLUS ARENITE GREY MT 60X90 RECT (20MM)D\u00e9couvrez l&#8217;\u00e9l\u00e9gance subtile et la r\u00e9sistance sup\u00e9rieure avec le carrelage ANTID PLUS ARENITE GREY MT 60X90 RECT (20MM). Cette pi\u00e8ce, inspir\u00e9e par la beaut\u00e9 naturelle de la pierre et la sobri\u00e9t\u00e9 du ciment, red\u00e9finit le concept de design moderne. Sa teinte grise neutre, sans stridence, offre une base [&hellip;]<\/p>\n","protected":false},"featured_media":570493,"comment_status":"open","ping_status":"closed","template":"","meta":[],"product_brand":[],"product_cat":[353],"product_tag":[],"class_list":{"0":"post-570658","1":"product","2":"type-product","3":"status-publish","4":"has-post-thumbnail","6":"product_cat-carrelage","8":"first","9":"instock","10":"shipping-taxable","11":"purchasable","12":"product-type-simple"},"_links":{"self":[{"href":"https:\/\/tilefly.com\/fr\/wp-json\/wp\/v2\/product\/570658","targetHints":{"allow":["GET"]}}],"collection":[{"href":"https:\/\/tilefly.com\/fr\/wp-json\/wp\/v2\/product"}],"about":[{"href":"https:\/\/tilefly.com\/fr\/wp-json\/wp\/v2\/types\/product"}],"replies":[{"embeddable":true,"href":"https:\/\/tilefly.com\/fr\/wp-json\/wp\/v2\/comments?post=570658"}],"wp:featuredmedia":[{"embeddable":true,"href":"https:\/\/tilefly.com\/fr\/wp-json\/wp\/v2\/media\/570493"}],"wp:attachment":[{"href":"https:\/\/tilefly.com\/fr\/wp-json\/wp\/v2\/media?parent=570658"}],"wp:term":[{"taxonomy":"product_brand","embeddable":true,"href":"https:\/\/tilefly.com\/fr\/wp-json\/wp\/v2\/product_brand?post=570658"},{"taxonomy":"product_cat","embeddable":true,"href":"https:\/\/tilefly.com\/fr\/wp-json\/wp\/v2\/product_cat?post=570658"},{"taxonomy":"product_tag","embeddable":true,"href":"https:\/\/tilefly.com\/fr\/wp-json\/wp\/v2\/product_tag?post=570658"}],"curies":[{"name":"wp","href":"https:\/\/api.w.org\/{rel}","templated":true}]}}