{"id":570656,"date":"2025-03-11T20:18:12","date_gmt":"2025-03-11T19:18:12","guid":{"rendered":"https:\/\/tilefly.com\/producto\/arenite-grey-mt-30x60-rect\/"},"modified":"2025-03-17T21:33:40","modified_gmt":"2025-03-17T20:33:40","slug":"arenite-grey-mt-30x60-rect","status":"publish","type":"product","link":"https:\/\/tilefly.com\/fr\/produit\/arenite-grey-mt-30x60-rect\/","title":{"rendered":"ARENITE GREY MT 30X60 RECT"},"content":{"rendered":"<h2>ARENITE GREY MT 30X60 RECT<\/h2><p>D\u00e9couvrez l&#8217;\u00e9l\u00e9gance sobre de la dalle ARENITE GREY MT 30X60 RECT. Avec sa teinte gris\u00e2tre, cette pi\u00e8ce capture l&#8217;essence du ciment et de la pierre naturelle, fusionnant la robustesse de la nature avec une touche contemporaine. Son format de 30&#215;60 cm, rectifi\u00e9 pour une installation impeccable, s&#8217;adapte parfaitement aux sols comme aux murs, transformant n&#8217;importe quel espace en un environnement moderne et minimaliste. L&#8217;<a href=\"https:\/\/tilefly.com\/producto\/arenite\">ARENITE<\/a> apporte chaleur et sophistication \u00e0 tout projet de design d&#8217;int\u00e9rieur.   <\/p><p>Fabriqu\u00e9e en gr\u00e8s c\u00e9rame \u00e9maill\u00e9 mat, cette dalle offre non seulement une esth\u00e9tique captivante, mais aussi une durabilit\u00e9 exceptionnelle. Sa surface, qui imite la texture h\u00e9t\u00e9rog\u00e8ne de la pierre, pr\u00e9sente de subtiles variations de couleur et de petites inclusions qui renforcent son r\u00e9alisme. Une fine veine diagonale ajoute une touche distinctive, tandis que sa finition mate offre des propri\u00e9t\u00e9s antid\u00e9rapantes, garantissant s\u00e9curit\u00e9 et confort. Id\u00e9al pour cr\u00e9er des espaces polyvalents et fonctionnels, des salons et cuisines aux salles de bains et espaces commerciaux.    <\/p><p>Le carrelage ARENITE GREY MT 30X60 RECT est le choix id\u00e9al pour ceux qui recherchent un \u00e9quilibre entre style et praticit\u00e9. Son design intemporel et sa r\u00e9sistance aux taches et \u00e0 l&#8217;usure en font un investissement durable. Transformez vos espaces gr\u00e2ce \u00e0 la beaut\u00e9 naturelle et \u00e0 la qualit\u00e9 sup\u00e9rieure de la s\u00e9rie <a href=\"https:\/\/tilefly.com\/producto\/arenite\">ARENITE<\/a>, et profitez d&#8217;une ambiance qui refl\u00e8te votre bon go\u00fbt et votre souci du d\u00e9tail.  <\/p>","protected":false},"excerpt":{"rendered":"<p>ARENITE GREY MT 30X60 RECTD\u00e9couvrez l&#8217;\u00e9l\u00e9gance sobre de la dalle ARENITE GREY MT 30X60 RECT. Avec sa teinte gris\u00e2tre, cette pi\u00e8ce capture l&#8217;essence du ciment et de la pierre naturelle, fusionnant la robustesse de la nature avec une touche contemporaine. Son format de 30&#215;60 cm, rectifi\u00e9 pour une installation impeccable, s&#8217;adapte parfaitement aux sols comme [&hellip;]<\/p>\n","protected":false},"featured_media":570357,"comment_status":"open","ping_status":"closed","template":"","meta":[],"product_brand":[],"product_cat":[353,355,356,354],"product_tag":[],"class_list":{"0":"post-570656","1":"product","2":"type-product","3":"status-publish","4":"has-post-thumbnail","6":"product_cat-carrelage","7":"product_cat-cuisines","8":"product_cat-faiences","9":"product_cat-carrelage-salle-de-bain","11":"first","12":"instock","13":"shipping-taxable","14":"purchasable","15":"product-type-simple"},"_links":{"self":[{"href":"https:\/\/tilefly.com\/fr\/wp-json\/wp\/v2\/product\/570656","targetHints":{"allow":["GET"]}}],"collection":[{"href":"https:\/\/tilefly.com\/fr\/wp-json\/wp\/v2\/product"}],"about":[{"href":"https:\/\/tilefly.com\/fr\/wp-json\/wp\/v2\/types\/product"}],"replies":[{"embeddable":true,"href":"https:\/\/tilefly.com\/fr\/wp-json\/wp\/v2\/comments?post=570656"}],"wp:featuredmedia":[{"embeddable":true,"href":"https:\/\/tilefly.com\/fr\/wp-json\/wp\/v2\/media\/570357"}],"wp:attachment":[{"href":"https:\/\/tilefly.com\/fr\/wp-json\/wp\/v2\/media?parent=570656"}],"wp:term":[{"taxonomy":"product_brand","embeddable":true,"href":"https:\/\/tilefly.com\/fr\/wp-json\/wp\/v2\/product_brand?post=570656"},{"taxonomy":"product_cat","embeddable":true,"href":"https:\/\/tilefly.com\/fr\/wp-json\/wp\/v2\/product_cat?post=570656"},{"taxonomy":"product_tag","embeddable":true,"href":"https:\/\/tilefly.com\/fr\/wp-json\/wp\/v2\/product_tag?post=570656"}],"curies":[{"name":"wp","href":"https:\/\/api.w.org\/{rel}","templated":true}]}}