{"id":570648,"date":"2025-03-11T20:18:07","date_gmt":"2025-03-11T19:18:07","guid":{"rendered":"https:\/\/tilefly.com\/producto\/arenite-pearl-mt-30x60-rect\/"},"modified":"2025-03-17T11:14:42","modified_gmt":"2025-03-17T10:14:42","slug":"arenite-pearl-mt-30x60-rect","status":"publish","type":"product","link":"https:\/\/tilefly.com\/fr\/produit\/arenite-pearl-mt-30x60-rect\/","title":{"rendered":"ARENITE PEARL MT 30X60 RECT"},"content":{"rendered":"<h2>ARENITE PEARL MT 30X60 RECT<\/h2><p>D\u00e9couvrez l&#8217;\u00e9l\u00e9gance subtile et la polyvalence des carreaux <b>ARENITE PEARL MT 30X60 RECT.<\/b> Ce gr\u00e8s c\u00e9rame \u00e9maill\u00e9 dans une d\u00e9licate couleur perle capture l&#8217;essence de la pierre naturelle et du ciment, fusionnant le meilleur des deux mondes dans un design contemporain. Son format de 30&#215;60 cm, avec des bords rectifi\u00e9s, permet une installation pr\u00e9cise et uniforme, cr\u00e9ant des surfaces propres et modernes avec un minimum de joints.  <\/p><p>La finition mate de cette tuile lui conf\u00e8re non seulement un aspect sophistiqu\u00e9, mais aussi une surface antid\u00e9rapante et facile \u00e0 entretenir, id\u00e9ale pour n&#8217;importe quel espace de votre maison, des salles de bains et cuisines aux salons et terrasses. La palette de couleurs gris clair, avec ses subtiles variations de tons et son motif mouchet\u00e9, ajoute de la profondeur et du caract\u00e8re \u00e0 vos environnements, \u00e9voquant la s\u00e9r\u00e9nit\u00e9 de la nature avec une touche industrielle chic. <\/p><p>Fabriqu\u00e9 en porcelaine de haute qualit\u00e9, l&#8217;<b>ARENITE PEARL MT 30X60 RECT<\/b> garantit durabilit\u00e9 et r\u00e9sistance \u00e0 l&#8217;usure, ce qui en fait un investissement intelligent pour les projets d&#8217;am\u00e9nagement int\u00e9rieur \u00e0 long terme. Son design polyvalent s&#8217;adapte \u00e0 un large \u00e9ventail de styles d\u00e9coratifs, des plus minimalistes aux plus \u00e9clectiques, vous permettant de cr\u00e9er des espaces uniques et personnalis\u00e9s. Si vous recherchez une base neutre et \u00e9l\u00e9gante pour votre prochain projet, n&#8217;h\u00e9sitez pas \u00e0 explorer la s\u00e9rie <a href=\"https:\/\/tilefly.com\/producto\/arenite\">ARENITE<\/a>.  <\/p>","protected":false},"excerpt":{"rendered":"<p>ARENITE PEARL MT 30X60 RECTD\u00e9couvrez l&#8217;\u00e9l\u00e9gance subtile et la polyvalence des carreaux ARENITE PEARL MT 30X60 RECT. Ce gr\u00e8s c\u00e9rame \u00e9maill\u00e9 dans une d\u00e9licate couleur perle capture l&#8217;essence de la pierre naturelle et du ciment, fusionnant le meilleur des deux mondes dans un design contemporain. Son format de 30&#215;60 cm, avec des bords rectifi\u00e9s, permet [&hellip;]<\/p>\n","protected":false},"featured_media":570331,"comment_status":"open","ping_status":"closed","template":"","meta":[],"product_brand":[],"product_cat":[353,355,356,354],"product_tag":[],"class_list":{"0":"post-570648","1":"product","2":"type-product","3":"status-publish","4":"has-post-thumbnail","6":"product_cat-carrelage","7":"product_cat-cuisines","8":"product_cat-faiences","9":"product_cat-carrelage-salle-de-bain","11":"first","12":"instock","13":"shipping-taxable","14":"purchasable","15":"product-type-simple"},"_links":{"self":[{"href":"https:\/\/tilefly.com\/fr\/wp-json\/wp\/v2\/product\/570648","targetHints":{"allow":["GET"]}}],"collection":[{"href":"https:\/\/tilefly.com\/fr\/wp-json\/wp\/v2\/product"}],"about":[{"href":"https:\/\/tilefly.com\/fr\/wp-json\/wp\/v2\/types\/product"}],"replies":[{"embeddable":true,"href":"https:\/\/tilefly.com\/fr\/wp-json\/wp\/v2\/comments?post=570648"}],"wp:featuredmedia":[{"embeddable":true,"href":"https:\/\/tilefly.com\/fr\/wp-json\/wp\/v2\/media\/570331"}],"wp:attachment":[{"href":"https:\/\/tilefly.com\/fr\/wp-json\/wp\/v2\/media?parent=570648"}],"wp:term":[{"taxonomy":"product_brand","embeddable":true,"href":"https:\/\/tilefly.com\/fr\/wp-json\/wp\/v2\/product_brand?post=570648"},{"taxonomy":"product_cat","embeddable":true,"href":"https:\/\/tilefly.com\/fr\/wp-json\/wp\/v2\/product_cat?post=570648"},{"taxonomy":"product_tag","embeddable":true,"href":"https:\/\/tilefly.com\/fr\/wp-json\/wp\/v2\/product_tag?post=570648"}],"curies":[{"name":"wp","href":"https:\/\/api.w.org\/{rel}","templated":true}]}}