{"id":570647,"date":"2025-03-11T20:18:03","date_gmt":"2025-03-11T19:18:03","guid":{"rendered":"https:\/\/tilefly.com\/producto\/arenite-dark-grey-mt-60x60-rect\/"},"modified":"2025-03-17T11:14:40","modified_gmt":"2025-03-17T10:14:40","slug":"arenite-dark-grey-mt-60x60-rect","status":"publish","type":"product","link":"https:\/\/tilefly.com\/fr\/produit\/arenite-dark-grey-mt-60x60-rect\/","title":{"rendered":"ARENITE DARK GREY MT 60X60 RECT"},"content":{"rendered":"<h2>ARENITE DARK GREY MT 60X60 RECT<\/h2><p>D\u00e9couvrez l&#8217;\u00e9l\u00e9gance subtile de la dalle ARENITE DARK GREY MT 60X60 RECT, une pi\u00e8ce qui red\u00e9finit le concept de sophistication dans le design d&#8217;int\u00e9rieur. Sa teinte gris fonc\u00e9, profonde et enveloppante, \u00e9voque la s\u00e9r\u00e9nit\u00e9 de la pierre naturelle et la modernit\u00e9 du ciment poli, fusionnant les deux styles dans un \u00e9quilibre parfait. Cette dalle en gr\u00e8s c\u00e9rame \u00e9maill\u00e9 mat, rectifi\u00e9e pour une pose impeccable, offre une surface douce au toucher et visuellement attrayante, id\u00e9ale pour cr\u00e9er des ambiances contemporaines et minimalistes.  <\/p><p>Avec un format de 60&#215;60 cm, cette dalle s&#8217;adapte \u00e0 une grande vari\u00e9t\u00e9 d&#8217;espaces, des salons et cuisines aux salles de bains et aux espaces commerciaux. Sa finition mate lui conf\u00e8re non seulement un aspect \u00e9l\u00e9gant et discret, mais aussi une plus grande r\u00e9sistance au glissement, ce qui en fait une option s\u00fbre et fonctionnelle pour les zones \u00e0 fort trafic. L&#8217;imitation de la pierre et du ciment, r\u00e9alis\u00e9e avec pr\u00e9cision dans les moindres d\u00e9tails, ajoute une touche d&#8217;authenticit\u00e9 et de caract\u00e8re \u00e0 tout projet de design.  <\/p><p>La polyvalence de l&#8217;ARENITE DARK GREY MT 60X60 RECT en fait le choix id\u00e9al pour ceux qui recherchent un rev\u00eatement durable, facile \u00e0 entretenir et au style intemporel. Sa couleur neutre s&#8217;int\u00e8gre harmonieusement \u00e0 une large gamme de couleurs et de mat\u00e9riaux, permettant de cr\u00e9er des espaces uniques et personnalis\u00e9s. Ne manquez pas l&#8217;occasion de transformer vos environnements gr\u00e2ce \u00e0 la beaut\u00e9 et \u00e0 la qualit\u00e9 de la s\u00e9rie <a href=\"https:\/\/tilefly.com\/producto\/arenite\">ARENITE<\/a>.  <\/p>","protected":false},"excerpt":{"rendered":"<p>ARENITE DARK GREY MT 60X60 RECTD\u00e9couvrez l&#8217;\u00e9l\u00e9gance subtile de la dalle ARENITE DARK GREY MT 60X60 RECT, une pi\u00e8ce qui red\u00e9finit le concept de sophistication dans le design d&#8217;int\u00e9rieur. Sa teinte gris fonc\u00e9, profonde et enveloppante, \u00e9voque la s\u00e9r\u00e9nit\u00e9 de la pierre naturelle et la modernit\u00e9 du ciment poli, fusionnant les deux styles dans un [&hellip;]<\/p>\n","protected":false},"featured_media":570318,"comment_status":"open","ping_status":"closed","template":"","meta":[],"product_brand":[],"product_cat":[353,355,356,354],"product_tag":[],"class_list":{"0":"post-570647","1":"product","2":"type-product","3":"status-publish","4":"has-post-thumbnail","6":"product_cat-carrelage","7":"product_cat-cuisines","8":"product_cat-faiences","9":"product_cat-carrelage-salle-de-bain","11":"first","12":"outofstock","13":"shipping-taxable","14":"purchasable","15":"product-type-simple"},"_links":{"self":[{"href":"https:\/\/tilefly.com\/fr\/wp-json\/wp\/v2\/product\/570647","targetHints":{"allow":["GET"]}}],"collection":[{"href":"https:\/\/tilefly.com\/fr\/wp-json\/wp\/v2\/product"}],"about":[{"href":"https:\/\/tilefly.com\/fr\/wp-json\/wp\/v2\/types\/product"}],"replies":[{"embeddable":true,"href":"https:\/\/tilefly.com\/fr\/wp-json\/wp\/v2\/comments?post=570647"}],"wp:featuredmedia":[{"embeddable":true,"href":"https:\/\/tilefly.com\/fr\/wp-json\/wp\/v2\/media\/570318"}],"wp:attachment":[{"href":"https:\/\/tilefly.com\/fr\/wp-json\/wp\/v2\/media?parent=570647"}],"wp:term":[{"taxonomy":"product_brand","embeddable":true,"href":"https:\/\/tilefly.com\/fr\/wp-json\/wp\/v2\/product_brand?post=570647"},{"taxonomy":"product_cat","embeddable":true,"href":"https:\/\/tilefly.com\/fr\/wp-json\/wp\/v2\/product_cat?post=570647"},{"taxonomy":"product_tag","embeddable":true,"href":"https:\/\/tilefly.com\/fr\/wp-json\/wp\/v2\/product_tag?post=570647"}],"curies":[{"name":"wp","href":"https:\/\/api.w.org\/{rel}","templated":true}]}}