{"id":570642,"date":"2025-03-11T20:08:07","date_gmt":"2025-03-11T19:08:07","guid":{"rendered":"https:\/\/tilefly.com\/producto\/arenite-grey-mt-60x120-rect\/"},"modified":"2025-03-17T11:14:35","modified_gmt":"2025-03-17T10:14:35","slug":"arenite-grey-mt-60x120-rect","status":"publish","type":"product","link":"https:\/\/tilefly.com\/fr\/produit\/arenite-grey-mt-60x120-rect\/","title":{"rendered":"ARENITE GREY MT 60X120 RECT"},"content":{"rendered":"<p>D\u00e9couvrez l&#8217;\u00e9l\u00e9gance et la polyvalence des carreaux ARENITE GREY MT 60X120 RECT, une option id\u00e9ale pour transformer vos espaces avec une touche moderne et sophistiqu\u00e9e. Ce carreau en porcelaine, avec sa finition mate, imite la beaut\u00e9 naturelle de la pierre et du ciment, offrant une surface textur\u00e9e dans des tons gris clair avec de subtiles variations qui apportent un aspect rustique et contemporain. Les taches et inclusions r\u00e9parties sur la surface, ainsi qu&#8217;une l\u00e9g\u00e8re veinure diagonale, simulent les caract\u00e9ristiques propres \u00e0 la pierre naturelle, ajoutant de l&#8217;authenticit\u00e9 \u00e0 votre design.  <\/p><p>Avec son format 60&#215;120 et sa rectification pr\u00e9cise, cette dalle permet une installation impeccable, en r\u00e9duisant au minimum les joints et en cr\u00e9ant une sensation de continuit\u00e9 visuelle. Le mat\u00e9riau en porcelaine garantit durabilit\u00e9 et r\u00e9sistance, ce qui en fait une option parfaite pour les sols comme pour les murs, \u00e0 l&#8217;int\u00e9rieur comme \u00e0 l&#8217;ext\u00e9rieur. Sa finition mate est non seulement esth\u00e9tique, mais elle offre \u00e9galement une surface antid\u00e9rapante, id\u00e9ale pour les zones \u00e0 fort trafic ou les espaces humides.  <\/p><p>Si vous recherchez un rev\u00eatement alliant esth\u00e9tique naturelle et fonctionnalit\u00e9 moderne, l&#8217;ARENITE GREY MT 60X120 RECT est le choix id\u00e9al. Il apporte une touche d&#8217;\u00e9l\u00e9gance industrielle \u00e0 votre maison ou \u00e0 votre bureau, cr\u00e9ant des environnements accueillants et pleins de style. D\u00e9couvrez la collection <a href=\"https:\/\/tilefly.com\/producto\/arenite\">ARENITE<\/a> et laissez-vous inspirer par la beaut\u00e9 de la pierre dans votre maison.  <\/p>","protected":false},"excerpt":{"rendered":"<p>D\u00e9couvrez l&#8217;\u00e9l\u00e9gance et la polyvalence des carreaux ARENITE GREY MT 60X120 RECT, une option id\u00e9ale pour transformer vos espaces avec une touche moderne et sophistiqu\u00e9e. Ce carreau en porcelaine, avec sa finition mate, imite la beaut\u00e9 naturelle de la pierre et du ciment, offrant une surface textur\u00e9e dans des tons gris clair avec de subtiles [&hellip;]<\/p>\n","protected":false},"featured_media":570253,"comment_status":"open","ping_status":"closed","template":"","meta":[],"product_brand":[],"product_cat":[353,355,356,354],"product_tag":[],"class_list":{"0":"post-570642","1":"product","2":"type-product","3":"status-publish","4":"has-post-thumbnail","6":"product_cat-carrelage","7":"product_cat-cuisines","8":"product_cat-faiences","9":"product_cat-carrelage-salle-de-bain","11":"first","12":"outofstock","13":"shipping-taxable","14":"purchasable","15":"product-type-simple"},"_links":{"self":[{"href":"https:\/\/tilefly.com\/fr\/wp-json\/wp\/v2\/product\/570642","targetHints":{"allow":["GET"]}}],"collection":[{"href":"https:\/\/tilefly.com\/fr\/wp-json\/wp\/v2\/product"}],"about":[{"href":"https:\/\/tilefly.com\/fr\/wp-json\/wp\/v2\/types\/product"}],"replies":[{"embeddable":true,"href":"https:\/\/tilefly.com\/fr\/wp-json\/wp\/v2\/comments?post=570642"}],"wp:featuredmedia":[{"embeddable":true,"href":"https:\/\/tilefly.com\/fr\/wp-json\/wp\/v2\/media\/570253"}],"wp:attachment":[{"href":"https:\/\/tilefly.com\/fr\/wp-json\/wp\/v2\/media?parent=570642"}],"wp:term":[{"taxonomy":"product_brand","embeddable":true,"href":"https:\/\/tilefly.com\/fr\/wp-json\/wp\/v2\/product_brand?post=570642"},{"taxonomy":"product_cat","embeddable":true,"href":"https:\/\/tilefly.com\/fr\/wp-json\/wp\/v2\/product_cat?post=570642"},{"taxonomy":"product_tag","embeddable":true,"href":"https:\/\/tilefly.com\/fr\/wp-json\/wp\/v2\/product_tag?post=570642"}],"curies":[{"name":"wp","href":"https:\/\/api.w.org\/{rel}","templated":true}]}}