{"id":570584,"date":"2025-03-06T23:11:19","date_gmt":"2025-03-13T09:30:51","guid":{"rendered":"https:\/\/tilefly.com\/producto\/ceppo\/"},"modified":"2025-03-13T10:30:51","modified_gmt":"2025-03-13T09:30:51","slug":"ceppo","status":"publish","type":"product","link":"https:\/\/tilefly.com\/fr\/produit\/ceppo\/","title":{"rendered":"CEPPO"},"content":{"rendered":"<p>Le Ceppo di Gre est une roche typiquement italienne caract\u00e9ris\u00e9e par la pr\u00e9sence de grandes pierres incrust\u00e9es. Son graphisme plein de caract\u00e8re en a fait un mat\u00e9riau tr\u00e8s utilis\u00e9 en architecture. La collection Ceppo, sophistiqu\u00e9e et innovante, comporte des r\u00e9f\u00e9rences audacieuses telles que Party et Fantasy, qui vous permettront de trouver une fa\u00e7on originale, moderne et amusante de d\u00e9corer n&#8217;importe quel projet.  <\/p>","protected":false},"excerpt":{"rendered":"<p>Le Ceppo di Gre est une roche typiquement italienne caract\u00e9ris\u00e9e par la pr\u00e9sence de grandes pierres incrust\u00e9es. Son graphisme plein de caract\u00e8re en a fait un mat\u00e9riau tr\u00e8s utilis\u00e9 en architecture. La collection Ceppo, sophistiqu\u00e9e et innovante, comporte des r\u00e9f\u00e9rences audacieuses telles que Party et Fantasy, qui vous permettront de trouver une fa\u00e7on originale, moderne [&hellip;]<\/p>\n","protected":false},"featured_media":569704,"comment_status":"closed","ping_status":"closed","template":"","meta":[],"product_brand":[],"product_cat":[353,355,356,354,357],"product_tag":[],"class_list":{"0":"post-570584","1":"product","2":"type-product","3":"status-publish","4":"has-post-thumbnail","6":"product_cat-carrelage","7":"product_cat-cuisines","8":"product_cat-faiences","9":"product_cat-carrelage-salle-de-bain","10":"product_cat-carrelage-salon","12":"first","13":"instock","14":"shipping-taxable","15":"product-type-grouped"},"_links":{"self":[{"href":"https:\/\/tilefly.com\/fr\/wp-json\/wp\/v2\/product\/570584","targetHints":{"allow":["GET"]}}],"collection":[{"href":"https:\/\/tilefly.com\/fr\/wp-json\/wp\/v2\/product"}],"about":[{"href":"https:\/\/tilefly.com\/fr\/wp-json\/wp\/v2\/types\/product"}],"replies":[{"embeddable":true,"href":"https:\/\/tilefly.com\/fr\/wp-json\/wp\/v2\/comments?post=570584"}],"wp:featuredmedia":[{"embeddable":true,"href":"https:\/\/tilefly.com\/fr\/wp-json\/wp\/v2\/media\/569704"}],"wp:attachment":[{"href":"https:\/\/tilefly.com\/fr\/wp-json\/wp\/v2\/media?parent=570584"}],"wp:term":[{"taxonomy":"product_brand","embeddable":true,"href":"https:\/\/tilefly.com\/fr\/wp-json\/wp\/v2\/product_brand?post=570584"},{"taxonomy":"product_cat","embeddable":true,"href":"https:\/\/tilefly.com\/fr\/wp-json\/wp\/v2\/product_cat?post=570584"},{"taxonomy":"product_tag","embeddable":true,"href":"https:\/\/tilefly.com\/fr\/wp-json\/wp\/v2\/product_tag?post=570584"}],"curies":[{"name":"wp","href":"https:\/\/api.w.org\/{rel}","templated":true}]}}