{"id":570580,"date":"2025-03-06T23:02:22","date_gmt":"2025-03-13T09:30:46","guid":{"rendered":"https:\/\/tilefly.com\/producto\/deep-blue\/"},"modified":"2025-03-13T10:30:46","modified_gmt":"2025-03-13T09:30:46","slug":"deep-blue","status":"publish","type":"product","link":"https:\/\/tilefly.com\/fr\/produit\/deep-blue\/","title":{"rendered":"DEEP BLUE"},"content":{"rendered":"<p>L&#8217;eau de mer d\u00e9ploie sous nos yeux une extraordinaire vari\u00e9t\u00e9 de bleus, allant du bleu marine au turquoise des plages paradisiaques de sable blanc. Les images embl\u00e9matiques des profondeurs de la mer, des r\u00e9cifs coralliens et des prairies de posidonies ont inspir\u00e9 Deep Blue, une collection d&#8217;APE Grupo con\u00e7ue pour les ext\u00e9rieurs et les piscines. Cette collection est cr\u00e9\u00e9e pour les architectures les plus audacieuses, capable de cr\u00e9er des atmosph\u00e8res sophistiqu\u00e9es. Il s&#8217;agit, en d\u00e9finitive, d&#8217;un mat\u00e9riau superbe capable de mettre en valeur la beaut\u00e9 de tout espace ext\u00e9rieur.   <\/p>","protected":false},"excerpt":{"rendered":"<p>L&#8217;eau de mer d\u00e9ploie sous nos yeux une extraordinaire vari\u00e9t\u00e9 de bleus, allant du bleu marine au turquoise des plages paradisiaques de sable blanc. Les images embl\u00e9matiques des profondeurs de la mer, des r\u00e9cifs coralliens et des prairies de posidonies ont inspir\u00e9 Deep Blue, une collection d&#8217;APE Grupo con\u00e7ue pour les ext\u00e9rieurs et les piscines. [&hellip;]<\/p>\n","protected":false},"featured_media":569638,"comment_status":"closed","ping_status":"closed","template":"","meta":[],"product_brand":[],"product_cat":[353,355,356,354],"product_tag":[],"class_list":{"0":"post-570580","1":"product","2":"type-product","3":"status-publish","4":"has-post-thumbnail","6":"product_cat-carrelage","7":"product_cat-cuisines","8":"product_cat-faiences","9":"product_cat-carrelage-salle-de-bain","11":"first","12":"instock","13":"shipping-taxable","14":"product-type-grouped"},"_links":{"self":[{"href":"https:\/\/tilefly.com\/fr\/wp-json\/wp\/v2\/product\/570580","targetHints":{"allow":["GET"]}}],"collection":[{"href":"https:\/\/tilefly.com\/fr\/wp-json\/wp\/v2\/product"}],"about":[{"href":"https:\/\/tilefly.com\/fr\/wp-json\/wp\/v2\/types\/product"}],"replies":[{"embeddable":true,"href":"https:\/\/tilefly.com\/fr\/wp-json\/wp\/v2\/comments?post=570580"}],"wp:featuredmedia":[{"embeddable":true,"href":"https:\/\/tilefly.com\/fr\/wp-json\/wp\/v2\/media\/569638"}],"wp:attachment":[{"href":"https:\/\/tilefly.com\/fr\/wp-json\/wp\/v2\/media?parent=570580"}],"wp:term":[{"taxonomy":"product_brand","embeddable":true,"href":"https:\/\/tilefly.com\/fr\/wp-json\/wp\/v2\/product_brand?post=570580"},{"taxonomy":"product_cat","embeddable":true,"href":"https:\/\/tilefly.com\/fr\/wp-json\/wp\/v2\/product_cat?post=570580"},{"taxonomy":"product_tag","embeddable":true,"href":"https:\/\/tilefly.com\/fr\/wp-json\/wp\/v2\/product_tag?post=570580"}],"curies":[{"name":"wp","href":"https:\/\/api.w.org\/{rel}","templated":true}]}}