{"id":570577,"date":"2025-03-06T22:47:01","date_gmt":"2025-03-13T09:30:44","guid":{"rendered":"https:\/\/tilefly.com\/producto\/sorolla\/"},"modified":"2025-03-13T10:30:44","modified_gmt":"2025-03-13T09:30:44","slug":"sorolla","status":"publish","type":"product","link":"https:\/\/tilefly.com\/fr\/produit\/sorolla\/","title":{"rendered":"SOROLLA"},"content":{"rendered":"<p>\u00c0 l&#8217;occasion du centenaire de la mort du peintre valencien Joaqu\u00edn Sorolla, nous nous plongeons dans l&#8217;immortalit\u00e9 de son art avec une nouvelle collection de petit format. Sorolla, v\u00e9n\u00e9r\u00e9 dans le monde entier, laisse un h\u00e9ritage qui perdure et se manifeste dans cette s\u00e9rie unique qui porte son nom. Ses pi\u00e8ces, soigneusement con\u00e7ues, cherchent non seulement \u00e0 rendre hommage \u00e0 Sorolla, mais aussi \u00e0 capturer l&#8217;essence de son \u0153uvre. Nous explorons les couleurs et les nuances qui le distinguent, r\u00e9ussissant \u00e0 transmettre la lumi\u00e8re et la chaleur de la M\u00e9diterran\u00e9e.   <\/p>","protected":false},"excerpt":{"rendered":"<p>\u00c0 l&#8217;occasion du centenaire de la mort du peintre valencien Joaqu\u00edn Sorolla, nous nous plongeons dans l&#8217;immortalit\u00e9 de son art avec une nouvelle collection de petit format. Sorolla, v\u00e9n\u00e9r\u00e9 dans le monde entier, laisse un h\u00e9ritage qui perdure et se manifeste dans cette s\u00e9rie unique qui porte son nom. Ses pi\u00e8ces, soigneusement con\u00e7ues, cherchent non [&hellip;]<\/p>\n","protected":false},"featured_media":569480,"comment_status":"closed","ping_status":"closed","template":"","meta":[],"product_brand":[],"product_cat":[355,356,354],"product_tag":[],"class_list":{"0":"post-570577","1":"product","2":"type-product","3":"status-publish","4":"has-post-thumbnail","6":"product_cat-cuisines","7":"product_cat-faiences","8":"product_cat-carrelage-salle-de-bain","10":"first","11":"instock","12":"shipping-taxable","13":"product-type-grouped"},"_links":{"self":[{"href":"https:\/\/tilefly.com\/fr\/wp-json\/wp\/v2\/product\/570577","targetHints":{"allow":["GET"]}}],"collection":[{"href":"https:\/\/tilefly.com\/fr\/wp-json\/wp\/v2\/product"}],"about":[{"href":"https:\/\/tilefly.com\/fr\/wp-json\/wp\/v2\/types\/product"}],"replies":[{"embeddable":true,"href":"https:\/\/tilefly.com\/fr\/wp-json\/wp\/v2\/comments?post=570577"}],"wp:featuredmedia":[{"embeddable":true,"href":"https:\/\/tilefly.com\/fr\/wp-json\/wp\/v2\/media\/569480"}],"wp:attachment":[{"href":"https:\/\/tilefly.com\/fr\/wp-json\/wp\/v2\/media?parent=570577"}],"wp:term":[{"taxonomy":"product_brand","embeddable":true,"href":"https:\/\/tilefly.com\/fr\/wp-json\/wp\/v2\/product_brand?post=570577"},{"taxonomy":"product_cat","embeddable":true,"href":"https:\/\/tilefly.com\/fr\/wp-json\/wp\/v2\/product_cat?post=570577"},{"taxonomy":"product_tag","embeddable":true,"href":"https:\/\/tilefly.com\/fr\/wp-json\/wp\/v2\/product_tag?post=570577"}],"curies":[{"name":"wp","href":"https:\/\/api.w.org\/{rel}","templated":true}]}}