{"id":570574,"date":"2025-03-06T22:52:00","date_gmt":"2025-03-13T09:30:42","guid":{"rendered":"https:\/\/tilefly.com\/producto\/hijau\/"},"modified":"2025-03-13T10:30:42","modified_gmt":"2025-03-13T09:30:42","slug":"hijau","status":"publish","type":"product","link":"https:\/\/tilefly.com\/fr\/produit\/hijau\/","title":{"rendered":"HIJAU"},"content":{"rendered":"<p>Sukabumi pourrait \u00eatre d\u00e9fini comme le paradis sur terre. Dans cette ville d&#8217;Indon\u00e9sie, pleine de plages tropicales et d&#8217;une jungle luxuriante, se trouve un min\u00e9ral naturel du m\u00eame nom. Il est \u00e9galement connu par ses habitants sous le nom de \u00ab hijau \u00bb (vert en indon\u00e9sien) en raison de la teinte qu&#8217;il prend au contact de l&#8217;eau. Hijau d&#8217;APE Best For You respire l&#8217;exotisme et l&#8217;exclusivit\u00e9. La collection pr\u00e9serve les nuances verd\u00e2tres du min\u00e9ral naturel et contribue \u00e0 cr\u00e9er des ambiances spectaculaires.    <\/p>","protected":false},"excerpt":{"rendered":"<p>Sukabumi pourrait \u00eatre d\u00e9fini comme le paradis sur terre. Dans cette ville d&#8217;Indon\u00e9sie, pleine de plages tropicales et d&#8217;une jungle luxuriante, se trouve un min\u00e9ral naturel du m\u00eame nom. Il est \u00e9galement connu par ses habitants sous le nom de \u00ab hijau \u00bb (vert en indon\u00e9sien) en raison de la teinte qu&#8217;il prend au contact [&hellip;]<\/p>\n","protected":false},"featured_media":569610,"comment_status":"closed","ping_status":"closed","template":"","meta":[],"product_brand":[],"product_cat":[353,355,356,354],"product_tag":[],"class_list":{"0":"post-570574","1":"product","2":"type-product","3":"status-publish","4":"has-post-thumbnail","6":"product_cat-carrelage","7":"product_cat-cuisines","8":"product_cat-faiences","9":"product_cat-carrelage-salle-de-bain","11":"first","12":"instock","13":"shipping-taxable","14":"product-type-grouped"},"_links":{"self":[{"href":"https:\/\/tilefly.com\/fr\/wp-json\/wp\/v2\/product\/570574","targetHints":{"allow":["GET"]}}],"collection":[{"href":"https:\/\/tilefly.com\/fr\/wp-json\/wp\/v2\/product"}],"about":[{"href":"https:\/\/tilefly.com\/fr\/wp-json\/wp\/v2\/types\/product"}],"replies":[{"embeddable":true,"href":"https:\/\/tilefly.com\/fr\/wp-json\/wp\/v2\/comments?post=570574"}],"wp:featuredmedia":[{"embeddable":true,"href":"https:\/\/tilefly.com\/fr\/wp-json\/wp\/v2\/media\/569610"}],"wp:attachment":[{"href":"https:\/\/tilefly.com\/fr\/wp-json\/wp\/v2\/media?parent=570574"}],"wp:term":[{"taxonomy":"product_brand","embeddable":true,"href":"https:\/\/tilefly.com\/fr\/wp-json\/wp\/v2\/product_brand?post=570574"},{"taxonomy":"product_cat","embeddable":true,"href":"https:\/\/tilefly.com\/fr\/wp-json\/wp\/v2\/product_cat?post=570574"},{"taxonomy":"product_tag","embeddable":true,"href":"https:\/\/tilefly.com\/fr\/wp-json\/wp\/v2\/product_tag?post=570574"}],"curies":[{"name":"wp","href":"https:\/\/api.w.org\/{rel}","templated":true}]}}